{"id":3310,"date":"2025-12-22T11:26:21","date_gmt":"2025-12-22T10:26:21","guid":{"rendered":"https:\/\/moniales-ermites.org\/?post_type=product&#038;p=3310"},"modified":"2025-12-22T11:45:05","modified_gmt":"2025-12-22T10:45:05","slug":"etui-a-smartphone","status":"publish","type":"product","link":"https:\/\/moniales-ermites.org\/index.php\/produit\/etui-a-smartphone\/","title":{"rendered":"Etui \u00e0 smartphone"},"content":{"rendered":"<p>Etui pour votre smartphone en cuir naturel.<\/p>\n<p>Couleur du cuir au choix. Motifs variables existants ou \u00e0 d\u00e9finir selon votre souhait.<\/p>\n<p>Livraison sous 15 \u00e0 20 jours.<\/p>\n<p>Dimensions sur mesure.<\/p>\n<p class=\"cadre-court\"><i class=\"fa fa-heart-o\" style=\"font-size: 20px;\"><\/i> Produit artisanal de notre atelier monastique r\u00e9alis\u00e9 \u00e0 la main par les s\u0153urs.<\/p>\n","protected":false},"excerpt":{"rendered":"<p>Housse pour smartphone en cuir naturel.<\/p>\n<p>Couleur du cuir au choix. Motifs variables existants ou \u00e0 d\u00e9finir selon votre souhait. Dimensions sur mesure.<\/p>\n<p class=\"cadre-court\"><i class=\"fa fa-heart-o\" style=\"font-size: 20px;\"><\/i> Produit artisanal de notre atelier monastique r\u00e9alis\u00e9 \u00e0 la main par les s\u0153urs.<\/p>\n<p>Vous pouvez nous commander en d&rsquo;autres couleurs de cuirs : bleu marine, bleu clair, bleu roi, vert, jaune, rouge, bordeau, marron, beige&#8230;<\/p>\n<p>Le motif peut-\u00eatre adapt\u00e9 \u00e0 vos souhaits.<br \/>\nPour cela, un cadre vous est r\u00e9serv\u00e9 au moment de passer une commande pour votre description.<\/p>\n<p>Pour un devis sur mesure, merci de nous contacter : <span class=\"gI\"><span class=\"qu\" tabindex=\"-1\" role=\"gridcell\" translate=\"no\"><span class=\"go\">artisanatcuir.monialesermites@gmail.com<\/span><\/span><\/span><\/p>\n<p>Livraison sous 15 \u00e0 20 jours.<\/p>\n","protected":false},"featured_media":3316,"template":"","meta":[],"product_cat":[25,49],"product_tag":[],"class_list":{"0":"post-3310","1":"product","2":"type-product","3":"status-publish","4":"has-post-thumbnail","6":"product_cat-autres-liseuses-et-articles-en-cuir","7":"product_cat-idees-de-cadeaux","9":"first","10":"instock","11":"shipping-taxable","12":"purchasable","13":"product-type-variable"},"_links":{"self":[{"href":"https:\/\/moniales-ermites.org\/index.php\/wp-json\/wp\/v2\/product\/3310","targetHints":{"allow":["GET"]}}],"collection":[{"href":"https:\/\/moniales-ermites.org\/index.php\/wp-json\/wp\/v2\/product"}],"about":[{"href":"https:\/\/moniales-ermites.org\/index.php\/wp-json\/wp\/v2\/types\/product"}],"wp:featuredmedia":[{"embeddable":true,"href":"https:\/\/moniales-ermites.org\/index.php\/wp-json\/wp\/v2\/media\/3316"}],"wp:attachment":[{"href":"https:\/\/moniales-ermites.org\/index.php\/wp-json\/wp\/v2\/media?parent=3310"}],"wp:term":[{"taxonomy":"product_cat","embeddable":true,"href":"https:\/\/moniales-ermites.org\/index.php\/wp-json\/wp\/v2\/product_cat?post=3310"},{"taxonomy":"product_tag","embeddable":true,"href":"https:\/\/moniales-ermites.org\/index.php\/wp-json\/wp\/v2\/product_tag?post=3310"}],"curies":[{"name":"wp","href":"https:\/\/api.w.org\/{rel}","templated":true}]}}