{"id":3252,"date":"2025-10-28T16:33:27","date_gmt":"2025-10-28T15:33:27","guid":{"rendered":"https:\/\/moniales-ermites.org\/?post_type=product&#038;p=3252"},"modified":"2026-03-18T17:22:05","modified_gmt":"2026-03-18T16:22:05","slug":"etui-a-chapelet","status":"publish","type":"product","link":"https:\/\/moniales-ermites.org\/index.php\/produit\/etui-a-chapelet\/","title":{"rendered":"Etui \u00e0 chapelet"},"content":{"rendered":"<p>Etui \u00e0 chapelet en\u00a0cuir naturel.<\/p>\n<p>Couleur du cuir au choix. Dimensions et motifs variables, existants ou \u00e0 d\u00e9finir selon votre souhait.<\/p>\n<p>Livraison sous 15 jours.<\/p>\n<p>Dimensions au choix. Petit : 7,8 cm x 7,3 cm, ou grand : 8,9 cm x 8,5 cm. (Mesures faites sur \u00e9tui ferm\u00e9)<\/p>\n<p class=\"cadre-court\"><i class=\"fa fa-heart-o\" style=\"font-size: 20px;\"><\/i> Produit artisanal de notre atelier mon<\/p>\n\n\t\t<style type=\"text\/css\">\n\t\t\t#gallery-1 {\n\t\t\t\tmargin: auto;\n\t\t\t}\n\t\t\t#gallery-1 .gallery-item {\n\t\t\t\tfloat: left;\n\t\t\t\tmargin-top: 10px;\n\t\t\t\ttext-align: center;\n\t\t\t\twidth: 16%;\n\t\t\t}\n\t\t\t#gallery-1 img {\n\t\t\t\tborder: 2px solid #cfcfcf;\n\t\t\t}\n\t\t\t#gallery-1 .gallery-caption {\n\t\t\t\tmargin-left: 0;\n\t\t\t}\n\t\t\t\/* see gallery_shortcode() in wp-includes\/media.php *\/\n\t\t<\/style>\n\t\t<div id='gallery-1' class='gallery galleryid-3252 gallery-columns-6 gallery-size-thumbnail'><dl class='gallery-item'>\n\t\t\t<dt class='gallery-icon landscape'>\n\t\t\t\t<a href='https:\/\/moniales-ermites.org\/?attachment_id=3279'><img loading=\"lazy\" decoding=\"async\" width=\"150\" height=\"150\" src=\"https:\/\/moniales-ermites.org\/wp-content\/uploads\/2025\/10\/IMG_20251106_163253-150x150.jpg\" class=\"attachment-thumbnail size-thumbnail\" alt=\"\" srcset=\"https:\/\/moniales-ermites.org\/wp-content\/uploads\/2025\/10\/IMG_20251106_163253-150x150.jpg 150w, https:\/\/moniales-ermites.org\/wp-content\/uploads\/2025\/10\/IMG_20251106_163253-100x100.jpg 100w, https:\/\/moniales-ermites.org\/wp-content\/uploads\/2025\/10\/IMG_20251106_163253-600x600.jpg 600w, https:\/\/moniales-ermites.org\/wp-content\/uploads\/2025\/10\/IMG_20251106_163253-300x300.jpg 300w\" sizes=\"auto, (max-width: 150px) 100vw, 150px\" \/><\/a>\n\t\t\t<\/dt><\/dl><dl class='gallery-item'>\n\t\t\t<dt class='gallery-icon landscape'>\n\t\t\t\t<a href='https:\/\/moniales-ermites.org\/?attachment_id=3277'><img loading=\"lazy\" decoding=\"async\" width=\"150\" height=\"150\" src=\"https:\/\/moniales-ermites.org\/wp-content\/uploads\/2025\/10\/IMG_20251106_163036-150x150.jpg\" class=\"attachment-thumbnail size-thumbnail\" alt=\"\" srcset=\"https:\/\/moniales-ermites.org\/wp-content\/uploads\/2025\/10\/IMG_20251106_163036-150x150.jpg 150w, https:\/\/moniales-ermites.org\/wp-content\/uploads\/2025\/10\/IMG_20251106_163036-100x100.jpg 100w, https:\/\/moniales-ermites.org\/wp-content\/uploads\/2025\/10\/IMG_20251106_163036-600x600.jpg 600w, https:\/\/moniales-ermites.org\/wp-content\/uploads\/2025\/10\/IMG_20251106_163036-300x300.jpg 300w\" sizes=\"auto, (max-width: 150px) 100vw, 150px\" \/><\/a>\n\t\t\t<\/dt><\/dl><dl class='gallery-item'>\n\t\t\t<dt class='gallery-icon landscape'>\n\t\t\t\t<a href='https:\/\/moniales-ermites.org\/?attachment_id=3278'><img loading=\"lazy\" decoding=\"async\" width=\"150\" height=\"150\" src=\"https:\/\/moniales-ermites.org\/wp-content\/uploads\/2025\/10\/IMG_20251106_163135-150x150.jpg\" class=\"attachment-thumbnail size-thumbnail\" alt=\"\" srcset=\"https:\/\/moniales-ermites.org\/wp-content\/uploads\/2025\/10\/IMG_20251106_163135-150x150.jpg 150w, https:\/\/moniales-ermites.org\/wp-content\/uploads\/2025\/10\/IMG_20251106_163135-100x100.jpg 100w, https:\/\/moniales-ermites.org\/wp-content\/uploads\/2025\/10\/IMG_20251106_163135-600x600.jpg 600w, https:\/\/moniales-ermites.org\/wp-content\/uploads\/2025\/10\/IMG_20251106_163135-300x300.jpg 300w\" sizes=\"auto, (max-width: 150px) 100vw, 150px\" \/><\/a>\n\t\t\t<\/dt><\/dl><dl class='gallery-item'>\n\t\t\t<dt class='gallery-icon landscape'>\n\t\t\t\t<a href='https:\/\/moniales-ermites.org\/?attachment_id=3282'><img loading=\"lazy\" decoding=\"async\" width=\"150\" height=\"150\" src=\"https:\/\/moniales-ermites.org\/wp-content\/uploads\/2025\/10\/IMG_20251106_163347-150x150.jpg\" class=\"attachment-thumbnail size-thumbnail\" alt=\"\" srcset=\"https:\/\/moniales-ermites.org\/wp-content\/uploads\/2025\/10\/IMG_20251106_163347-150x150.jpg 150w, https:\/\/moniales-ermites.org\/wp-content\/uploads\/2025\/10\/IMG_20251106_163347-100x100.jpg 100w, https:\/\/moniales-ermites.org\/wp-content\/uploads\/2025\/10\/IMG_20251106_163347-600x600.jpg 600w, https:\/\/moniales-ermites.org\/wp-content\/uploads\/2025\/10\/IMG_20251106_163347-300x300.jpg 300w\" sizes=\"auto, (max-width: 150px) 100vw, 150px\" \/><\/a>\n\t\t\t<\/dt><\/dl><dl class='gallery-item'>\n\t\t\t<dt class='gallery-icon landscape'>\n\t\t\t\t<a href='https:\/\/moniales-ermites.org\/?attachment_id=3281'><img loading=\"lazy\" decoding=\"async\" width=\"150\" height=\"150\" src=\"https:\/\/moniales-ermites.org\/wp-content\/uploads\/2025\/10\/IMG_20251106_163337-150x150.jpg\" class=\"attachment-thumbnail size-thumbnail\" alt=\"\" srcset=\"https:\/\/moniales-ermites.org\/wp-content\/uploads\/2025\/10\/IMG_20251106_163337-150x150.jpg 150w, https:\/\/moniales-ermites.org\/wp-content\/uploads\/2025\/10\/IMG_20251106_163337-100x100.jpg 100w, https:\/\/moniales-ermites.org\/wp-content\/uploads\/2025\/10\/IMG_20251106_163337-600x600.jpg 600w, https:\/\/moniales-ermites.org\/wp-content\/uploads\/2025\/10\/IMG_20251106_163337-300x300.jpg 300w\" sizes=\"auto, (max-width: 150px) 100vw, 150px\" \/><\/a>\n\t\t\t<\/dt><\/dl><dl class='gallery-item'>\n\t\t\t<dt class='gallery-icon landscape'>\n\t\t\t\t<a href='https:\/\/moniales-ermites.org\/?attachment_id=3280'><img loading=\"lazy\" decoding=\"async\" width=\"150\" height=\"150\" src=\"https:\/\/moniales-ermites.org\/wp-content\/uploads\/2025\/10\/IMG_20251106_163315-150x150.jpg\" class=\"attachment-thumbnail size-thumbnail\" alt=\"\" srcset=\"https:\/\/moniales-ermites.org\/wp-content\/uploads\/2025\/10\/IMG_20251106_163315-150x150.jpg 150w, https:\/\/moniales-ermites.org\/wp-content\/uploads\/2025\/10\/IMG_20251106_163315-100x100.jpg 100w, https:\/\/moniales-ermites.org\/wp-content\/uploads\/2025\/10\/IMG_20251106_163315-600x600.jpg 600w, https:\/\/moniales-ermites.org\/wp-content\/uploads\/2025\/10\/IMG_20251106_163315-300x300.jpg 300w\" sizes=\"auto, (max-width: 150px) 100vw, 150px\" \/><\/a>\n\t\t\t<\/dt><\/dl><br style=\"clear: both\" \/>\n\t\t<\/div>\n\n<p class=\"cadre-court\">astique r\u00e9alis\u00e9 \u00e0 la main par les s\u0153urs.<\/p>\n","protected":false},"excerpt":{"rendered":"<p>Vous pouvez nous commander en d&rsquo;autres couleurs de cuirs : bleu marine, bleu roi, vert sapin, jaune, rouge, bordeau, marron, beige&#8230;<\/p>\n<p>Il existe plusieurs dimensions. Petit \u00e9tui pour petit chapelet, grand \u00e9tui pour chapelet plus grand. Pour une pochette sur mesure, merci de nous contacter : <span class=\"gI\"><span class=\"qu\" tabindex=\"-1\" role=\"gridcell\" translate=\"no\"><span class=\"go\">artisanatcuir.monialesermites@gmail.com<\/span><\/span><\/span><\/p>\n<p>Le motif peut-\u00eatre adapt\u00e9 \u00e0 vos souhaits.<br \/>\nPour cela, un cadre vous est r\u00e9serv\u00e9 au moment de passer une commande pour votre description.<\/p>\n<p>Livraison sous 15 jours.<\/p>\n[gallery columns=\"4\" ids=\"3256,3257,3245,3244\"]\n","protected":false},"featured_media":3281,"template":"","meta":[],"product_cat":[21,49],"product_tag":[],"class_list":{"0":"post-3252","1":"product","2":"type-product","3":"status-publish","4":"has-post-thumbnail","6":"product_cat-non-classe","7":"product_cat-idees-de-cadeaux","9":"first","10":"instock","11":"shipping-taxable","12":"purchasable","13":"product-type-variable"},"_links":{"self":[{"href":"https:\/\/moniales-ermites.org\/index.php\/wp-json\/wp\/v2\/product\/3252","targetHints":{"allow":["GET"]}}],"collection":[{"href":"https:\/\/moniales-ermites.org\/index.php\/wp-json\/wp\/v2\/product"}],"about":[{"href":"https:\/\/moniales-ermites.org\/index.php\/wp-json\/wp\/v2\/types\/product"}],"wp:featuredmedia":[{"embeddable":true,"href":"https:\/\/moniales-ermites.org\/index.php\/wp-json\/wp\/v2\/media\/3281"}],"wp:attachment":[{"href":"https:\/\/moniales-ermites.org\/index.php\/wp-json\/wp\/v2\/media?parent=3252"}],"wp:term":[{"taxonomy":"product_cat","embeddable":true,"href":"https:\/\/moniales-ermites.org\/index.php\/wp-json\/wp\/v2\/product_cat?post=3252"},{"taxonomy":"product_tag","embeddable":true,"href":"https:\/\/moniales-ermites.org\/index.php\/wp-json\/wp\/v2\/product_tag?post=3252"}],"curies":[{"name":"wp","href":"https:\/\/api.w.org\/{rel}","templated":true}]}}