{"id":3251,"date":"2025-10-28T16:41:11","date_gmt":"2025-10-28T15:41:11","guid":{"rendered":"https:\/\/moniales-ermites.org\/?post_type=product&#038;p=3251"},"modified":"2025-11-14T17:39:51","modified_gmt":"2025-11-14T16:39:51","slug":"porte-monnaie","status":"publish","type":"product","link":"https:\/\/moniales-ermites.org\/index.php\/produit\/porte-monnaie\/","title":{"rendered":"Porte-monnaie"},"content":{"rendered":"<p>Petit porte-monnaie en cuir naturel.<\/p>\n<p>Couleur du cuir au choix. Motifs variables existants ou \u00e0 d\u00e9finir selon votre souhait.<\/p>\n<p>Livraison sous 15 jours.<\/p>\n<p>Dimensions au choix. Petit : 7,8 cm x 7,3 cm, ou grand : 8,9 cm x 8,5 cm.<\/p>\n<p class=\"cadre-court\"><i class=\"fa fa-heart-o\" style=\"font-size: 20px;\"><\/i> Produit artisanal de notre atelier monastique r\u00e9alis\u00e9 \u00e0 la main par les s\u0153urs.<\/p>\n","protected":false},"excerpt":{"rendered":"<p>Petit porte-monnaie en cuir naturel.<\/p>\n<p>Couleur du cuir au choix. Motifs variables existants ou \u00e0 d\u00e9finir selon votre souhait.<\/p>\n<p>Livraison sous 15 jours.<\/p>\n<p>Dimensions au choix. Petit (10 euros) : 7,8 cm x 7,3 cm, ou grand (15 euros) : 8,9 cm x 8,5 cm.<\/p>\n[gallery columns=\"4\" ids=\"3260,3261,3262,3259\"]\n<p class=\"cadre-court\"><i class=\"fa fa-heart-o\" style=\"font-size: 20px;\"><\/i> Produit artisanal de notre atelier monastique r\u00e9alis\u00e9 \u00e0 la main par les s\u0153urs.<\/p>\n<p>Vous pouvez nous commander en d&rsquo;autres couleurs de cuirs : bleu marine, bleu roi, vert sapin, jaune, rouge, bordeau, marron, beige&#8230;<\/p>\n<p>Le motif peut-\u00eatre adapt\u00e9 \u00e0 vos souhaits.<br \/>\nPour cela, un cadre vous est r\u00e9serv\u00e9 au moment de passer une commande pour votre description.<\/p>\n<p>Pour une pochette sur mesure, merci de nous contacter : <span class=\"gI\"><span class=\"qu\" tabindex=\"-1\" role=\"gridcell\" translate=\"no\"><span class=\"go\">artisanatcuir.monialesermites@gmail.com<\/span><\/span><\/span><\/p>\n<p>Livraison sous 15 jours.<\/p>\n","protected":false},"featured_media":3260,"template":"","meta":[],"product_cat":[25,49],"product_tag":[],"class_list":{"0":"post-3251","1":"product","2":"type-product","3":"status-publish","4":"has-post-thumbnail","6":"product_cat-autres-liseuses-et-articles-en-cuir","7":"product_cat-idees-de-cadeaux","9":"first","10":"instock","11":"shipping-taxable","12":"purchasable","13":"product-type-variable"},"_links":{"self":[{"href":"https:\/\/moniales-ermites.org\/index.php\/wp-json\/wp\/v2\/product\/3251","targetHints":{"allow":["GET"]}}],"collection":[{"href":"https:\/\/moniales-ermites.org\/index.php\/wp-json\/wp\/v2\/product"}],"about":[{"href":"https:\/\/moniales-ermites.org\/index.php\/wp-json\/wp\/v2\/types\/product"}],"wp:featuredmedia":[{"embeddable":true,"href":"https:\/\/moniales-ermites.org\/index.php\/wp-json\/wp\/v2\/media\/3260"}],"wp:attachment":[{"href":"https:\/\/moniales-ermites.org\/index.php\/wp-json\/wp\/v2\/media?parent=3251"}],"wp:term":[{"taxonomy":"product_cat","embeddable":true,"href":"https:\/\/moniales-ermites.org\/index.php\/wp-json\/wp\/v2\/product_cat?post=3251"},{"taxonomy":"product_tag","embeddable":true,"href":"https:\/\/moniales-ermites.org\/index.php\/wp-json\/wp\/v2\/product_tag?post=3251"}],"curies":[{"name":"wp","href":"https:\/\/api.w.org\/{rel}","templated":true}]}}