{"id":2983,"date":"2024-12-18T16:17:14","date_gmt":"2024-12-18T15:17:14","guid":{"rendered":"https:\/\/moniales-ermites.org\/?post_type=product&#038;p=2983"},"modified":"2025-02-25T16:31:03","modified_gmt":"2025-02-25T15:31:03","slug":"porte-carte-grise","status":"publish","type":"product","link":"https:\/\/moniales-ermites.org\/index.php\/produit\/porte-carte-grise\/","title":{"rendered":"Porte Carte Grise"},"content":{"rendered":"<p>Etuis \u00e0 carte grise en cuir naturel avec fermeture \u00e0 pression.<\/p>\n<p>Composition : Cuir lisse.<\/p>\n<p>Vous pouvez nous commander en d&rsquo;autres couleurs de cuirs : bleu marine, bleu roi, vert sapin, jaune, rouge, bordeau, marron, beige&#8230;<\/p>\n<p>Le motif peut-\u00eatre adapt\u00e9 \u00e0 vos souhaits : soit en frise sur le devant, soit plus grand au dos de l&rsquo;\u00e9tui.<br \/>\nPour cela, un cadre vous est r\u00e9serv\u00e9 au moment de passer votre commande pour y d\u00e9crire votre souhait.<\/p>\n<p>Pour un \u00e9tui sur mesure, merci de nous contacter : <span class=\"gI\"><span class=\"qu\" tabindex=\"-1\" role=\"gridcell\" translate=\"no\"><span class=\"go\">artisanatcuir.monialesermites@gmail.com<\/span><\/span><\/span><\/p>\n<p>Livraison sous 20 \u00e0 30 jours.<\/p>\n","protected":false},"excerpt":{"rendered":"<p>Etuis \u00e0 carte grise en cuir naturel lisse.<\/p>\n<p>Couleur du cuir au choix. Motifs variables : frise sur le devant (fleuri, cubique&#8230;) ou motif plus grand \u00e0 d\u00e9finir au dos (oiseau tel que rouge-gorge, martin p\u00e9cheur etc&#8230;).<\/p>\n<p>Dimensions : 10,5 cm x 17,7 cm<\/p>\n<p class=\"cadre-court\"><i class=\"fa fa-heart-o\" style=\"font-size: 20px;\"><\/i> Produit artisanal de notre atelier monastique r\u00e9alis\u00e9 \u00e0 la main par les s\u0153urs.<\/p>\n","protected":false},"featured_media":2992,"template":"","meta":[],"product_cat":[25,49],"product_tag":[],"class_list":{"0":"post-2983","1":"product","2":"type-product","3":"status-publish","4":"has-post-thumbnail","6":"product_cat-autres-liseuses-et-articles-en-cuir","7":"product_cat-idees-de-cadeaux","9":"first","10":"instock","11":"shipping-taxable","12":"purchasable","13":"product-type-variable"},"_links":{"self":[{"href":"https:\/\/moniales-ermites.org\/index.php\/wp-json\/wp\/v2\/product\/2983","targetHints":{"allow":["GET"]}}],"collection":[{"href":"https:\/\/moniales-ermites.org\/index.php\/wp-json\/wp\/v2\/product"}],"about":[{"href":"https:\/\/moniales-ermites.org\/index.php\/wp-json\/wp\/v2\/types\/product"}],"wp:featuredmedia":[{"embeddable":true,"href":"https:\/\/moniales-ermites.org\/index.php\/wp-json\/wp\/v2\/media\/2992"}],"wp:attachment":[{"href":"https:\/\/moniales-ermites.org\/index.php\/wp-json\/wp\/v2\/media?parent=2983"}],"wp:term":[{"taxonomy":"product_cat","embeddable":true,"href":"https:\/\/moniales-ermites.org\/index.php\/wp-json\/wp\/v2\/product_cat?post=2983"},{"taxonomy":"product_tag","embeddable":true,"href":"https:\/\/moniales-ermites.org\/index.php\/wp-json\/wp\/v2\/product_tag?post=2983"}],"curies":[{"name":"wp","href":"https:\/\/api.w.org\/{rel}","templated":true}]}}