{"id":2935,"date":"2024-12-03T11:26:48","date_gmt":"2024-12-03T10:26:48","guid":{"rendered":"https:\/\/moniales-ermites.org\/?post_type=product&#038;p=2935"},"modified":"2025-11-03T16:47:27","modified_gmt":"2025-11-03T15:47:27","slug":"etuis-a-lunettes","status":"publish","type":"product","link":"https:\/\/moniales-ermites.org\/index.php\/produit\/etuis-a-lunettes\/","title":{"rendered":"Etuis \u00e0 Lunettes"},"content":{"rendered":"<p>Etuis \u00e0 lunettes en cuir naturel.<\/p>\n<p>Composition : Cuir lisse.<\/p>\n<p>Vous pouvez nous commander en d&rsquo;autres couleurs de cuirs : bleu marine, bleu roi, vert sapin, jaune, rouge, bordeau, marron, beige&#8230;<\/p>\n<p>Le motif peut-\u00eatre adapt\u00e9 \u00e0 vos souhaits : soit en frise sur le devant, soit plus grand au dos de l&rsquo;\u00e9tui.<br \/>\nPour cela, un cadre vous est r\u00e9serv\u00e9 au moment de passer votre commande pour y d\u00e9crire votre souhait.<\/p>\n<p>Pour un \u00e9tui sur mesure, merci de nous contacter : <span class=\"gI\"><span class=\"qu\" tabindex=\"-1\" role=\"gridcell\" translate=\"no\"><span class=\"go\">artisanatcuir.monialesermites@gmail.com<\/span><\/span><\/span><\/p>\n<p>Livraison sous 20 \u00e0 30 jours.<\/p>\n","protected":false},"excerpt":{"rendered":"<p>Etuis \u00e0 lunettes en cuir naturel lisse.<\/p>\n<p>Couleur du cuir au choix. Motifs variables : frise sur le devant (fleuri, cubique&#8230;) ou motif \u00e0 d\u00e9finir au dos.<\/p>\n<p>Dimensions : 9,5 cm x 17,3 cm<\/p>\n<p class=\"cadre-court\"><i class=\"fa fa-heart-o\" style=\"font-size: 20px;\"><\/i> Produit artisanal de notre atelier monastique r\u00e9alis\u00e9 \u00e0 la main par les s\u0153urs.<\/p>\n","protected":false},"featured_media":2936,"template":"","meta":[],"product_cat":[25,49],"product_tag":[],"class_list":{"0":"post-2935","1":"product","2":"type-product","3":"status-publish","4":"has-post-thumbnail","6":"product_cat-autres-liseuses-et-articles-en-cuir","7":"product_cat-idees-de-cadeaux","9":"first","10":"instock","11":"shipping-taxable","12":"purchasable","13":"product-type-variable"},"_links":{"self":[{"href":"https:\/\/moniales-ermites.org\/index.php\/wp-json\/wp\/v2\/product\/2935","targetHints":{"allow":["GET"]}}],"collection":[{"href":"https:\/\/moniales-ermites.org\/index.php\/wp-json\/wp\/v2\/product"}],"about":[{"href":"https:\/\/moniales-ermites.org\/index.php\/wp-json\/wp\/v2\/types\/product"}],"wp:featuredmedia":[{"embeddable":true,"href":"https:\/\/moniales-ermites.org\/index.php\/wp-json\/wp\/v2\/media\/2936"}],"wp:attachment":[{"href":"https:\/\/moniales-ermites.org\/index.php\/wp-json\/wp\/v2\/media?parent=2935"}],"wp:term":[{"taxonomy":"product_cat","embeddable":true,"href":"https:\/\/moniales-ermites.org\/index.php\/wp-json\/wp\/v2\/product_cat?post=2935"},{"taxonomy":"product_tag","embeddable":true,"href":"https:\/\/moniales-ermites.org\/index.php\/wp-json\/wp\/v2\/product_tag?post=2935"}],"curies":[{"name":"wp","href":"https:\/\/api.w.org\/{rel}","templated":true}]}}