{"id":2928,"date":"2024-12-02T12:26:55","date_gmt":"2024-12-02T11:26:55","guid":{"rendered":"https:\/\/moniales-ermites.org\/?post_type=product&#038;p=2928"},"modified":"2025-10-28T16:51:46","modified_gmt":"2025-10-28T15:51:46","slug":"idees-de-cadeaux-a-offrir","status":"publish","type":"product","link":"https:\/\/moniales-ermites.org\/index.php\/produit\/idees-de-cadeaux-a-offrir\/","title":{"rendered":"Id\u00e9es de Cadeaux \u00e0 offrir"},"content":{"rendered":"<p>Id\u00e9es de cadeaux que vous pourriez d\u00e9sirer offrir, r\u00e9alis\u00e9s par notre artisanat monastique.<\/p>\n<p>Composition : Cuir naturel.<\/p>\n<p>Vous pouvez nous commander en de nombreuses couleurs de cuirs : bleu marine, bleu roi, vert sapin, jaune, rouge, bordeau, marron, beige&#8230;<br \/>\nLe motif peut-\u00eatre adapt\u00e9 \u00e0 vos souhaits.<br \/>\nPour cela, un cadre vous est r\u00e9serv\u00e9 au moment de passer votre commande pour y d\u00e9crire votre souhait.<\/p>\n<p>Pour une commande sur mesure, merci de nous contacter : <span class=\"gI\"><span class=\"qu\" tabindex=\"-1\" role=\"gridcell\" translate=\"no\"><span class=\"go\">artisanatcuir.monialesermites@gmail.com<\/span><\/span><\/span><\/p>\n<p>Livraison sous 20 \u00e0 30 jours.<\/p>\n","protected":false},"excerpt":{"rendered":"<p>Id\u00e9es de cadeaux que vous pourriez d\u00e9sirer offrir, r\u00e9alis\u00e9s par notre artisanat monastique :<\/p>\n<ul>\n<li>Cadeau de Bapt\u00eame : <a href=\"https:\/\/moniales-ermites.org\/index.php\/produit\/porte-photos\/\">porte album-photos<\/a>, par exemple, motif bleu \u00ab\u00a0Ange en pri\u00e8re\u00a0\u00bb<\/li>\n<li>Cadeau de Mariage : <a href=\"https:\/\/moniales-ermites.org\/index.php\/produit\/porte-photos\/\">porte album-photos <\/a>au motif rouge \u00ab\u00a0Alliance\u00a0\u00bb<\/li>\n<li>Cadeau d&rsquo;Ordination :\u00a0 tous nos <a href=\"https:\/\/moniales-ermites.org\/index.php\/categorie-produit\/liseuses-et-articles-pour-la-liturgie\/\">articles liturgiques<\/a> &#8230;<\/li>\n<li>Et de nombreuses autres id\u00e9es de cadeaux \u00e0 offrir, et personnalisables :\n<ul>\n<li><a href=\"https:\/\/moniales-ermites.org\/index.php\/produit\/porte-cartes\/\u00a0\u200e\">Porte-cartes en cuir<\/a> (pour cartes de cr\u00e9dit, cartes de fid\u00e9lit\u00e9, carte vitale, etc)<\/li>\n<li><a href=\"https:\/\/moniales-ermites.org\/index.php\/produit\/porte-carte-grise\/\">\u00e9tui \u00e0 carte-grise de voiture<\/a><\/li>\n<li><a href=\"https:\/\/moniales-ermites.org\/index.php\/produit\/etuis-a-lunettes\/\">\u00e9tui \u00e0 lunettes<\/a><\/li>\n<li><a href=\"https:\/\/moniales-ermites.org\/index.php\/produit\/porte-photos\/\">porte albums-photos\u00a0<\/a><\/li>\n<li><a href=\"https:\/\/moniales-ermites.org\/index.php\/produit\/porte-monnaie\/\">mini porte-monnaie en cuir color\u00e9<\/a><\/li>\n<li><a href=\"https:\/\/moniales-ermites.org\/index.php\/produit\/etui-a-chapelet\/\">\u00e9tui \u00e0 chapelet<\/a><\/li>\n<li><a href=\"https:\/\/moniales-ermites.org\/index.php\/produit\/liseuse-pour-agendas-sur-mesure\/\">liseuse pour agenda semainiers et autres<\/a> (sur mesure)<\/li>\n<li>signets<\/li>\n<li>\u00e9tui \u00e0 petit carnet&#8230;<\/li>\n<\/ul>\n<\/li>\n<\/ul>\n<p>Vous pouvez nous commander en de nombreuses autres couleurs de cuirs : bleu marine, bleu roi, vert sapin, jaune, rouge, bordeau, marron, beige&#8230;<br \/>\nLe motif peut-\u00eatre adapt\u00e9 \u00e0 vos souhaits pour toute vos grandes occasions.<\/p>\n<p>Pour une commande sur mesure, merci de nous contacter : <span class=\"gI\"><span class=\"qu\" tabindex=\"-1\" role=\"gridcell\" translate=\"no\"><span class=\"go\">artisanatcuir.monialesermites@gmail.com<\/span><\/span><\/span><\/p>\n<p>Livraison sous 20 \u00e0 30 jours.<\/p>\n","protected":false},"featured_media":3012,"template":"","meta":[],"product_cat":[25,49],"product_tag":[],"class_list":{"0":"post-2928","1":"product","2":"type-product","3":"status-publish","4":"has-post-thumbnail","6":"product_cat-autres-liseuses-et-articles-en-cuir","7":"product_cat-idees-de-cadeaux","9":"first","10":"instock","11":"featured","12":"shipping-taxable","13":"product-type-simple"},"_links":{"self":[{"href":"https:\/\/moniales-ermites.org\/index.php\/wp-json\/wp\/v2\/product\/2928","targetHints":{"allow":["GET"]}}],"collection":[{"href":"https:\/\/moniales-ermites.org\/index.php\/wp-json\/wp\/v2\/product"}],"about":[{"href":"https:\/\/moniales-ermites.org\/index.php\/wp-json\/wp\/v2\/types\/product"}],"wp:featuredmedia":[{"embeddable":true,"href":"https:\/\/moniales-ermites.org\/index.php\/wp-json\/wp\/v2\/media\/3012"}],"wp:attachment":[{"href":"https:\/\/moniales-ermites.org\/index.php\/wp-json\/wp\/v2\/media?parent=2928"}],"wp:term":[{"taxonomy":"product_cat","embeddable":true,"href":"https:\/\/moniales-ermites.org\/index.php\/wp-json\/wp\/v2\/product_cat?post=2928"},{"taxonomy":"product_tag","embeddable":true,"href":"https:\/\/moniales-ermites.org\/index.php\/wp-json\/wp\/v2\/product_tag?post=2928"}],"curies":[{"name":"wp","href":"https:\/\/api.w.org\/{rel}","templated":true}]}}