{"id":2811,"date":"2024-08-20T11:56:36","date_gmt":"2024-08-20T09:56:36","guid":{"rendered":"https:\/\/moniales-ermites.org\/?post_type=product&#038;p=2811"},"modified":"2026-04-01T16:44:31","modified_gmt":"2026-04-01T14:44:31","slug":"liseuse-de-missel-romain-nouvelle-traduction-et-liseuse-pour-lectionnaire","status":"publish","type":"product","link":"https:\/\/moniales-ermites.org\/index.php\/produit\/liseuse-de-missel-romain-nouvelle-traduction-et-liseuse-pour-lectionnaire\/","title":{"rendered":"Liseuse de Missel Romain et Liseuse de Lectionnaire"},"content":{"rendered":"<p>Liseuse pour Missel Romain (en sa nouvelle traduction \u00e9dit\u00e9e en 2021). Et liseuses pour Lectionnaire du dimanche ou de semaine.<\/p>\n<p>Composition : Cuir naturel &#8211; Soit chagrin soit lisse. Choix de couleurs : rouge grenat, marron, vert, bleu fonc\u00e9 ou clair (en chagrin). Ou encore marron fonc\u00e9, marron beige, bordeaux, blanc, jaune, bleu roi, bleu marine, vert sapin&#8230; en cuir lisse.<\/p>\n<p>Le motif peut-\u00eatre adapt\u00e9 \u00e0 vos souhaits, dans le cadre r\u00e9serv\u00e9 pour cela au moment de passer votre commande.<\/p>\n<p>Les dimensions des articles \u00e0 visualiser correspondent \u00e0 celles d&rsquo;un Missel Romain. Si vous d\u00e9sirez commander une liseuse pour Lectionnaire, merci de le pr\u00e9ciser dans votre message ainsi que ses dimensions.<\/p>\n<p>Pour une liseuse sur mesure, merci de nous contacter : <span class=\"gI\"><span class=\"qu\" tabindex=\"-1\" role=\"gridcell\" translate=\"no\"><span class=\"go\">artisanatcuir.monialesermites@gmail.com<\/span><\/span><\/span><\/p>\n<p>Livraison sous 20 \u00e0 30 jours.<\/p>\n","protected":false},"excerpt":{"rendered":"<p>Liseuse pour Missel Romain (en sa nouvelle traduction \u00e9dit\u00e9e en 2021). Et liseuses pour Lectionnaire du dimanche ou de semaine.<\/p>\n<p>Composition : Cuir naturel, chagrin ou lisse.<\/p>\n<p>Le motif peut-\u00eatre adapt\u00e9 \u00e0 vos souhaits, dans le cadre r\u00e9serv\u00e9 pour cela au moment de passer votre commande.<\/p>\n<p class=\"cadre-court\"><i class=\"fa fa-heart-o\" style=\"font-size: 20px;\"><\/i> Produit artisanal de notre atelier monastique r\u00e9alis\u00e9 \u00e0 la main par les s\u0153urs.<\/p>\n[gallery columns=\"7\" ids=\"3189,3188,2818,2421,2420,2418,2417,2416,3396,3319,3318,3307,3274,3243,3080,2964,2925,2768,2582\"]\n<p>&nbsp;<\/p>\n","protected":false},"featured_media":2420,"template":"","meta":[],"product_cat":[22],"product_tag":[],"class_list":{"0":"post-2811","1":"product","2":"type-product","3":"status-publish","4":"has-post-thumbnail","6":"product_cat-liseuses-et-articles-pour-la-liturgie","8":"first","9":"instock","10":"featured","11":"shipping-taxable","12":"purchasable","13":"product-type-variable"},"_links":{"self":[{"href":"https:\/\/moniales-ermites.org\/index.php\/wp-json\/wp\/v2\/product\/2811","targetHints":{"allow":["GET"]}}],"collection":[{"href":"https:\/\/moniales-ermites.org\/index.php\/wp-json\/wp\/v2\/product"}],"about":[{"href":"https:\/\/moniales-ermites.org\/index.php\/wp-json\/wp\/v2\/types\/product"}],"wp:featuredmedia":[{"embeddable":true,"href":"https:\/\/moniales-ermites.org\/index.php\/wp-json\/wp\/v2\/media\/2420"}],"wp:attachment":[{"href":"https:\/\/moniales-ermites.org\/index.php\/wp-json\/wp\/v2\/media?parent=2811"}],"wp:term":[{"taxonomy":"product_cat","embeddable":true,"href":"https:\/\/moniales-ermites.org\/index.php\/wp-json\/wp\/v2\/product_cat?post=2811"},{"taxonomy":"product_tag","embeddable":true,"href":"https:\/\/moniales-ermites.org\/index.php\/wp-json\/wp\/v2\/product_tag?post=2811"}],"curies":[{"name":"wp","href":"https:\/\/api.w.org\/{rel}","templated":true}]}}