{"id":2774,"date":"2024-06-27T12:13:31","date_gmt":"2024-06-27T10:13:31","guid":{"rendered":"https:\/\/moniales-ermites.org\/?post_type=product&#038;p=2774"},"modified":"2026-03-18T17:07:35","modified_gmt":"2026-03-18T16:07:35","slug":"liseuse-pour-parole-et-priere","status":"publish","type":"product","link":"https:\/\/moniales-ermites.org\/index.php\/produit\/liseuse-pour-parole-et-priere\/","title":{"rendered":"Liseuse pour Parole et Pri\u00e8re"},"content":{"rendered":"<p>Couverture en cuir avec signet pour le mensuel <a href=\"https:\/\/www.paroleetpriere.fr\/\">Parole et Pri\u00e8re<\/a>.<\/p>\n<p>Dimensions : 12 x 17 cm<\/p>\n<p>Composition : Cuir naturel.<\/p>\n<p>Vous pouvez nous commander en d&rsquo;autres couleurs de cuirs : blanc, bleu marine, bleu roi, vert sapin.<\/p>\n<p>Le motif peut-\u00eatre adapt\u00e9 \u00e0 vos souhaits, dans le cadre r\u00e9serv\u00e9 pour cela au moment de passer votre commande.<\/p>\n<p>Pour une liseuse sur mesure, merci de nous contacter : <span class=\"gI\"><span class=\"qu\" tabindex=\"-1\" role=\"gridcell\" translate=\"no\"><span class=\"go\">artisanatcuir.monialesermites@gmail.com<\/span><\/span><\/span><\/p>\n<p>Livraison sous 20 \u00e0 30 jours.<\/p>\n","protected":false},"excerpt":{"rendered":"<p class=\"cadre-court\"><i class=\"fa fa-heart-o\" style=\"font-size: 20px;\"><\/i> Produit artisanal de notre atelier monastique r\u00e9alis\u00e9 \u00e0 la main par les s\u0153urs.<\/p>\n<div><\/div>\n[gallery columns=\"5\" ids=\"2965,2751,2964,2962,2926,2924,2925,2923,2821,2451,2452,2423,2173,3188,2752,3368,3058,3151,3369,2768,3080,3215,3333,3331,3319,3318,3045,2581\"]\n<div><\/div>\n","protected":false},"featured_media":3368,"template":"","meta":[],"product_cat":[22],"product_tag":[],"class_list":{"0":"post-2774","1":"product","2":"type-product","3":"status-publish","4":"has-post-thumbnail","6":"product_cat-liseuses-et-articles-pour-la-liturgie","8":"first","9":"instock","10":"featured","11":"shipping-taxable","12":"purchasable","13":"product-type-variable"},"_links":{"self":[{"href":"https:\/\/moniales-ermites.org\/index.php\/wp-json\/wp\/v2\/product\/2774","targetHints":{"allow":["GET"]}}],"collection":[{"href":"https:\/\/moniales-ermites.org\/index.php\/wp-json\/wp\/v2\/product"}],"about":[{"href":"https:\/\/moniales-ermites.org\/index.php\/wp-json\/wp\/v2\/types\/product"}],"wp:featuredmedia":[{"embeddable":true,"href":"https:\/\/moniales-ermites.org\/index.php\/wp-json\/wp\/v2\/media\/3368"}],"wp:attachment":[{"href":"https:\/\/moniales-ermites.org\/index.php\/wp-json\/wp\/v2\/media?parent=2774"}],"wp:term":[{"taxonomy":"product_cat","embeddable":true,"href":"https:\/\/moniales-ermites.org\/index.php\/wp-json\/wp\/v2\/product_cat?post=2774"},{"taxonomy":"product_tag","embeddable":true,"href":"https:\/\/moniales-ermites.org\/index.php\/wp-json\/wp\/v2\/product_tag?post=2774"}],"curies":[{"name":"wp","href":"https:\/\/api.w.org\/{rel}","templated":true}]}}