{"id":2738,"date":"2024-05-30T12:04:17","date_gmt":"2024-05-30T10:04:17","guid":{"rendered":"https:\/\/moniales-ermites.org\/?post_type=product&#038;p=2738"},"modified":"2026-04-01T16:56:20","modified_gmt":"2026-04-01T14:56:20","slug":"liseuse-pour-prions-en-eglise","status":"publish","type":"product","link":"https:\/\/moniales-ermites.org\/index.php\/produit\/liseuse-pour-prions-en-eglise\/","title":{"rendered":"Liseuse pour Prions en Eglise (grand ou petit format)"},"content":{"rendered":"<p>Couverture en cuir avec signet pour livret Prions en Eglise.<\/p>\n<p>Dimensions : Pour grand format (16 x 16 cm); ou pour petit format (14 x 13 cm).<\/p>\n<p>Composition : Cuir. Vous pouvez nous commander en d&rsquo;autres couleurs de cuirs : blanc, bleu marine, bleu roi, vert sapin.<\/p>\n<p>Le motif peut-\u00eatre adapt\u00e9 \u00e0 vos souhaits, dans le cadre r\u00e9serv\u00e9 pour cela au moment de passer votre commande.<\/p>\n<p>Pour une liseuse sur mesure, merci de nous contacter : <span class=\"gI\"><span class=\"qu\" tabindex=\"-1\" role=\"gridcell\" translate=\"no\"><span class=\"go\">artisanatcuir.monialesermites@gmail.com<\/span><\/span><\/span><\/p>\n<p>Livraison sous 20 \u00e0 30 jours.<\/p>\n","protected":false},"excerpt":{"rendered":"<p class=\"cadre-court\"><i class=\"fa fa-heart-o\" style=\"font-size: 20px;\"><\/i> Produit artisanal de notre atelier monastique r\u00e9alis\u00e9 \u00e0 la main par les s\u0153urs.<\/p>\n","protected":false},"featured_media":3170,"template":"","meta":[],"product_cat":[22],"product_tag":[],"class_list":{"0":"post-2738","1":"product","2":"type-product","3":"status-publish","4":"has-post-thumbnail","6":"product_cat-liseuses-et-articles-pour-la-liturgie","8":"first","9":"instock","10":"featured","11":"shipping-taxable","12":"purchasable","13":"product-type-variable"},"_links":{"self":[{"href":"https:\/\/moniales-ermites.org\/index.php\/wp-json\/wp\/v2\/product\/2738","targetHints":{"allow":["GET"]}}],"collection":[{"href":"https:\/\/moniales-ermites.org\/index.php\/wp-json\/wp\/v2\/product"}],"about":[{"href":"https:\/\/moniales-ermites.org\/index.php\/wp-json\/wp\/v2\/types\/product"}],"wp:featuredmedia":[{"embeddable":true,"href":"https:\/\/moniales-ermites.org\/index.php\/wp-json\/wp\/v2\/media\/3170"}],"wp:attachment":[{"href":"https:\/\/moniales-ermites.org\/index.php\/wp-json\/wp\/v2\/media?parent=2738"}],"wp:term":[{"taxonomy":"product_cat","embeddable":true,"href":"https:\/\/moniales-ermites.org\/index.php\/wp-json\/wp\/v2\/product_cat?post=2738"},{"taxonomy":"product_tag","embeddable":true,"href":"https:\/\/moniales-ermites.org\/index.php\/wp-json\/wp\/v2\/product_tag?post=2738"}],"curies":[{"name":"wp","href":"https:\/\/api.w.org\/{rel}","templated":true}]}}