{"id":2529,"date":"2024-03-08T15:28:04","date_gmt":"2024-03-08T14:28:04","guid":{"rendered":"https:\/\/moniales-ermites.org\/?post_type=product&#038;p=2529"},"modified":"2025-10-13T11:33:54","modified_gmt":"2025-10-13T09:33:54","slug":"etui-a-custode-avec-cordon","status":"publish","type":"product","link":"https:\/\/moniales-ermites.org\/index.php\/produit\/etui-a-custode-avec-cordon\/","title":{"rendered":"\u00c9tui \u00e0 custode"},"content":{"rendered":"<p>\u00c9tui pour custode \u00e0 eucharistie, avec cordon pour porter autour du cou.<\/p>\n<p>Livraison sous 20 \u00e0 30 jours.<\/p>\n<p>Dimensions<br \/>\nHauteur : 11 cm<br \/>\nLargeur: 10,5 cm<br \/>\nCordon : 95 cm<\/p>\n<p>Composition : Cuir naturel<\/p>\n","protected":false},"excerpt":{"rendered":"[gallery columns=\"7\" ids=\"2793,2631,2630,2462,2461,2465,2466\"]\n","protected":false},"featured_media":2464,"template":"","meta":[],"product_cat":[22],"product_tag":[],"class_list":{"0":"post-2529","1":"product","2":"type-product","3":"status-publish","4":"has-post-thumbnail","6":"product_cat-liseuses-et-articles-pour-la-liturgie","8":"first","9":"instock","10":"featured","11":"shipping-taxable","12":"purchasable","13":"product-type-variable"},"_links":{"self":[{"href":"https:\/\/moniales-ermites.org\/index.php\/wp-json\/wp\/v2\/product\/2529","targetHints":{"allow":["GET"]}}],"collection":[{"href":"https:\/\/moniales-ermites.org\/index.php\/wp-json\/wp\/v2\/product"}],"about":[{"href":"https:\/\/moniales-ermites.org\/index.php\/wp-json\/wp\/v2\/types\/product"}],"wp:featuredmedia":[{"embeddable":true,"href":"https:\/\/moniales-ermites.org\/index.php\/wp-json\/wp\/v2\/media\/2464"}],"wp:attachment":[{"href":"https:\/\/moniales-ermites.org\/index.php\/wp-json\/wp\/v2\/media?parent=2529"}],"wp:term":[{"taxonomy":"product_cat","embeddable":true,"href":"https:\/\/moniales-ermites.org\/index.php\/wp-json\/wp\/v2\/product_cat?post=2529"},{"taxonomy":"product_tag","embeddable":true,"href":"https:\/\/moniales-ermites.org\/index.php\/wp-json\/wp\/v2\/product_tag?post=2529"}],"curies":[{"name":"wp","href":"https:\/\/api.w.org\/{rel}","templated":true}]}}