{"id":2521,"date":"2024-03-08T15:15:48","date_gmt":"2024-03-08T14:15:48","guid":{"rendered":"https:\/\/moniales-ermites.org\/?post_type=product&#038;p=2521"},"modified":"2026-03-18T17:17:59","modified_gmt":"2026-03-18T16:17:59","slug":"liseuse-pour-liturgie-des-heures","status":"publish","type":"product","link":"https:\/\/moniales-ermites.org\/index.php\/produit\/liseuse-pour-liturgie-des-heures\/","title":{"rendered":"Liseuse : Liturgie des Heures ; Br\u00e9viaires"},"content":{"rendered":"<p>Couverture en cuir avec signet pour livre de liturgie des heures, et br\u00e9viaires.<\/p>\n<p>Dimensions (liseuse ferm\u00e9e):<br \/>\nHauteur : 19,5 cm<br \/>\nLargeur : 11,5 cm<br \/>\nProfondeur : 4 Cm<\/p>\n<p>Composition : Cuir naturel.<\/p>\n<p>Le motif peut-\u00eatre adapt\u00e9 \u00e0 vos souhaits, dans le cadre r\u00e9serv\u00e9 pour cela au moment de passer votre commande.<\/p>\n<p>Vous pouvez demander les motifs des liseuses Magnificat par exemple.<\/p>\n<p>Pour une liseuse sur mesure, merci de nous contacter : <span class=\"gI\"><span class=\"qu\" tabindex=\"-1\" role=\"gridcell\" translate=\"no\"><span class=\"go\">artisanatcuir.monialesermites@gmail.com<\/span><\/span><\/span><\/p>\n<p>Livraison sous 20 \u00e0 30 jours.<\/p>\n\n\t\t<style type=\"text\/css\">\n\t\t\t#gallery-1 {\n\t\t\t\tmargin: auto;\n\t\t\t}\n\t\t\t#gallery-1 .gallery-item {\n\t\t\t\tfloat: left;\n\t\t\t\tmargin-top: 10px;\n\t\t\t\ttext-align: center;\n\t\t\t\twidth: 14%;\n\t\t\t}\n\t\t\t#gallery-1 img {\n\t\t\t\tborder: 2px solid #cfcfcf;\n\t\t\t}\n\t\t\t#gallery-1 .gallery-caption {\n\t\t\t\tmargin-left: 0;\n\t\t\t}\n\t\t\t\/* see gallery_shortcode() in wp-includes\/media.php *\/\n\t\t<\/style>\n\t\t<div id='gallery-1' class='gallery galleryid-2521 gallery-columns-7 gallery-size-thumbnail'><dl class='gallery-item'>\n\t\t\t<dt class='gallery-icon portrait'>\n\t\t\t\t<a href='https:\/\/moniales-ermites.org\/?attachment_id=2965'><img loading=\"lazy\" decoding=\"async\" width=\"150\" height=\"150\" src=\"https:\/\/moniales-ermites.org\/wp-content\/uploads\/2024\/03\/Liseuse-Magnificat-GF-150x150.jpg\" class=\"attachment-thumbnail size-thumbnail\" alt=\"\" srcset=\"https:\/\/moniales-ermites.org\/wp-content\/uploads\/2024\/03\/Liseuse-Magnificat-GF-150x150.jpg 150w, https:\/\/moniales-ermites.org\/wp-content\/uploads\/2024\/03\/Liseuse-Magnificat-GF-100x100.jpg 100w, https:\/\/moniales-ermites.org\/wp-content\/uploads\/2024\/03\/Liseuse-Magnificat-GF-600x600.jpg 600w, https:\/\/moniales-ermites.org\/wp-content\/uploads\/2024\/03\/Liseuse-Magnificat-GF-300x300.jpg 300w\" sizes=\"auto, (max-width: 150px) 100vw, 150px\" \/><\/a>\n\t\t\t<\/dt><\/dl><dl class='gallery-item'>\n\t\t\t<dt class='gallery-icon portrait'>\n\t\t\t\t<a href='https:\/\/moniales-ermites.org\/?attachment_id=2582'><img loading=\"lazy\" decoding=\"async\" width=\"150\" height=\"150\" src=\"https:\/\/moniales-ermites.org\/wp-content\/uploads\/2024\/03\/IMG_7602-compressee-e1710932751387-150x150.jpg\" class=\"attachment-thumbnail size-thumbnail\" alt=\"\" srcset=\"https:\/\/moniales-ermites.org\/wp-content\/uploads\/2024\/03\/IMG_7602-compressee-e1710932751387-150x150.jpg 150w, https:\/\/moniales-ermites.org\/wp-content\/uploads\/2024\/03\/IMG_7602-compressee-e1710932751387-300x300.jpg 300w, https:\/\/moniales-ermites.org\/wp-content\/uploads\/2024\/03\/IMG_7602-compressee-e1710932751387-100x100.jpg 100w\" sizes=\"auto, (max-width: 150px) 100vw, 150px\" \/><\/a>\n\t\t\t<\/dt><\/dl><dl class='gallery-item'>\n\t\t\t<dt class='gallery-icon portrait'>\n\t\t\t\t<a href='https:\/\/moniales-ermites.org\/?attachment_id=2964'><img loading=\"lazy\" decoding=\"async\" width=\"150\" height=\"150\" src=\"https:\/\/moniales-ermites.org\/wp-content\/uploads\/2024\/03\/Liseuse-Magnificat-GF-6-150x150.jpg\" class=\"attachment-thumbnail size-thumbnail\" alt=\"\" srcset=\"https:\/\/moniales-ermites.org\/wp-content\/uploads\/2024\/03\/Liseuse-Magnificat-GF-6-150x150.jpg 150w, https:\/\/moniales-ermites.org\/wp-content\/uploads\/2024\/03\/Liseuse-Magnificat-GF-6-100x100.jpg 100w, https:\/\/moniales-ermites.org\/wp-content\/uploads\/2024\/03\/Liseuse-Magnificat-GF-6-600x600.jpg 600w, https:\/\/moniales-ermites.org\/wp-content\/uploads\/2024\/03\/Liseuse-Magnificat-GF-6-300x300.jpg 300w\" sizes=\"auto, (max-width: 150px) 100vw, 150px\" \/><\/a>\n\t\t\t<\/dt><\/dl><dl class='gallery-item'>\n\t\t\t<dt class='gallery-icon portrait'>\n\t\t\t\t<a href='https:\/\/moniales-ermites.org\/?attachment_id=2962'><img loading=\"lazy\" decoding=\"async\" width=\"150\" height=\"150\" src=\"https:\/\/moniales-ermites.org\/wp-content\/uploads\/2024\/03\/Liseuse-Magnificat-GF-4-150x150.jpg\" class=\"attachment-thumbnail size-thumbnail\" alt=\"\" srcset=\"https:\/\/moniales-ermites.org\/wp-content\/uploads\/2024\/03\/Liseuse-Magnificat-GF-4-150x150.jpg 150w, https:\/\/moniales-ermites.org\/wp-content\/uploads\/2024\/03\/Liseuse-Magnificat-GF-4-100x100.jpg 100w, https:\/\/moniales-ermites.org\/wp-content\/uploads\/2024\/03\/Liseuse-Magnificat-GF-4-600x600.jpg 600w, https:\/\/moniales-ermites.org\/wp-content\/uploads\/2024\/03\/Liseuse-Magnificat-GF-4-300x300.jpg 300w\" sizes=\"auto, (max-width: 150px) 100vw, 150px\" \/><\/a>\n\t\t\t<\/dt><\/dl><dl class='gallery-item'>\n\t\t\t<dt class='gallery-icon portrait'>\n\t\t\t\t<a href='https:\/\/moniales-ermites.org\/?attachment_id=2926'><img loading=\"lazy\" decoding=\"async\" width=\"150\" height=\"150\" src=\"https:\/\/moniales-ermites.org\/wp-content\/uploads\/2024\/06\/Parole-et-Priere-2-150x150.jpg\" class=\"attachment-thumbnail size-thumbnail\" alt=\"\" srcset=\"https:\/\/moniales-ermites.org\/wp-content\/uploads\/2024\/06\/Parole-et-Priere-2-150x150.jpg 150w, https:\/\/moniales-ermites.org\/wp-content\/uploads\/2024\/06\/Parole-et-Priere-2-100x100.jpg 100w, https:\/\/moniales-ermites.org\/wp-content\/uploads\/2024\/06\/Parole-et-Priere-2-600x600.jpg 600w, https:\/\/moniales-ermites.org\/wp-content\/uploads\/2024\/06\/Parole-et-Priere-2-300x300.jpg 300w\" sizes=\"auto, (max-width: 150px) 100vw, 150px\" \/><\/a>\n\t\t\t<\/dt><\/dl><dl class='gallery-item'>\n\t\t\t<dt class='gallery-icon portrait'>\n\t\t\t\t<a href='https:\/\/moniales-ermites.org\/?attachment_id=2923'><img loading=\"lazy\" decoding=\"async\" width=\"150\" height=\"150\" src=\"https:\/\/moniales-ermites.org\/wp-content\/uploads\/2024\/06\/Liseuse-Magnificat-GF-2-150x150.jpg\" class=\"attachment-thumbnail size-thumbnail\" alt=\"\" srcset=\"https:\/\/moniales-ermites.org\/wp-content\/uploads\/2024\/06\/Liseuse-Magnificat-GF-2-150x150.jpg 150w, https:\/\/moniales-ermites.org\/wp-content\/uploads\/2024\/06\/Liseuse-Magnificat-GF-2-100x100.jpg 100w, https:\/\/moniales-ermites.org\/wp-content\/uploads\/2024\/06\/Liseuse-Magnificat-GF-2-600x600.jpg 600w, https:\/\/moniales-ermites.org\/wp-content\/uploads\/2024\/06\/Liseuse-Magnificat-GF-2-300x300.jpg 300w\" sizes=\"auto, (max-width: 150px) 100vw, 150px\" \/><\/a>\n\t\t\t<\/dt><\/dl><dl class='gallery-item'>\n\t\t\t<dt class='gallery-icon portrait'>\n\t\t\t\t<a href='https:\/\/moniales-ermites.org\/?attachment_id=2925'><img loading=\"lazy\" decoding=\"async\" width=\"150\" height=\"150\" src=\"https:\/\/moniales-ermites.org\/wp-content\/uploads\/2024\/06\/Mag-PF-1-e1733394154800-150x150.jpg\" class=\"attachment-thumbnail size-thumbnail\" alt=\"\" srcset=\"https:\/\/moniales-ermites.org\/wp-content\/uploads\/2024\/06\/Mag-PF-1-e1733394154800-150x150.jpg 150w, https:\/\/moniales-ermites.org\/wp-content\/uploads\/2024\/06\/Mag-PF-1-e1733394154800-100x100.jpg 100w, https:\/\/moniales-ermites.org\/wp-content\/uploads\/2024\/06\/Mag-PF-1-e1733394154800-600x600.jpg 600w, https:\/\/moniales-ermites.org\/wp-content\/uploads\/2024\/06\/Mag-PF-1-e1733394154800-300x300.jpg 300w\" sizes=\"auto, (max-width: 150px) 100vw, 150px\" \/><\/a>\n\t\t\t<\/dt><\/dl><br style=\"clear: both\" \/><dl class='gallery-item'>\n\t\t\t<dt class='gallery-icon portrait'>\n\t\t\t\t<a href='https:\/\/moniales-ermites.org\/?attachment_id=2924'><img loading=\"lazy\" decoding=\"async\" width=\"150\" height=\"150\" src=\"https:\/\/moniales-ermites.org\/wp-content\/uploads\/2024\/06\/Liseuse-Magnificat-GF-3-150x150.jpg\" class=\"attachment-thumbnail size-thumbnail\" alt=\"\" srcset=\"https:\/\/moniales-ermites.org\/wp-content\/uploads\/2024\/06\/Liseuse-Magnificat-GF-3-150x150.jpg 150w, https:\/\/moniales-ermites.org\/wp-content\/uploads\/2024\/06\/Liseuse-Magnificat-GF-3-100x100.jpg 100w, https:\/\/moniales-ermites.org\/wp-content\/uploads\/2024\/06\/Liseuse-Magnificat-GF-3-600x600.jpg 600w, https:\/\/moniales-ermites.org\/wp-content\/uploads\/2024\/06\/Liseuse-Magnificat-GF-3-300x300.jpg 300w\" sizes=\"auto, (max-width: 150px) 100vw, 150px\" \/><\/a>\n\t\t\t<\/dt><\/dl><dl class='gallery-item'>\n\t\t\t<dt class='gallery-icon portrait'>\n\t\t\t\t<a href='https:\/\/moniales-ermites.org\/?attachment_id=2768'><img loading=\"lazy\" decoding=\"async\" width=\"150\" height=\"150\" src=\"https:\/\/moniales-ermites.org\/wp-content\/uploads\/2024\/06\/Modele-Liseuse-LH-Christ-min-150x150.jpg\" class=\"attachment-thumbnail size-thumbnail\" alt=\"\" srcset=\"https:\/\/moniales-ermites.org\/wp-content\/uploads\/2024\/06\/Modele-Liseuse-LH-Christ-min-150x150.jpg 150w, https:\/\/moniales-ermites.org\/wp-content\/uploads\/2024\/06\/Modele-Liseuse-LH-Christ-min-300x300.jpg 300w, https:\/\/moniales-ermites.org\/wp-content\/uploads\/2024\/06\/Modele-Liseuse-LH-Christ-min-100x100.jpg 100w, https:\/\/moniales-ermites.org\/wp-content\/uploads\/2024\/06\/Modele-Liseuse-LH-Christ-min-600x600.jpg 600w\" sizes=\"auto, (max-width: 150px) 100vw, 150px\" \/><\/a>\n\t\t\t<\/dt><\/dl><dl class='gallery-item'>\n\t\t\t<dt class='gallery-icon portrait'>\n\t\t\t\t<a href='https:\/\/moniales-ermites.org\/?attachment_id=3080'><img loading=\"lazy\" decoding=\"async\" width=\"150\" height=\"150\" src=\"https:\/\/moniales-ermites.org\/wp-content\/uploads\/2024\/03\/Liseuse-en-cours-de-finition-cadre-or-150x150.jpg\" class=\"attachment-thumbnail size-thumbnail\" alt=\"\" srcset=\"https:\/\/moniales-ermites.org\/wp-content\/uploads\/2024\/03\/Liseuse-en-cours-de-finition-cadre-or-150x150.jpg 150w, https:\/\/moniales-ermites.org\/wp-content\/uploads\/2024\/03\/Liseuse-en-cours-de-finition-cadre-or-100x100.jpg 100w, https:\/\/moniales-ermites.org\/wp-content\/uploads\/2024\/03\/Liseuse-en-cours-de-finition-cadre-or-600x600.jpg 600w, https:\/\/moniales-ermites.org\/wp-content\/uploads\/2024\/03\/Liseuse-en-cours-de-finition-cadre-or-300x300.jpg 300w\" sizes=\"auto, (max-width: 150px) 100vw, 150px\" \/><\/a>\n\t\t\t<\/dt><\/dl><dl class='gallery-item'>\n\t\t\t<dt class='gallery-icon portrait'>\n\t\t\t\t<a href='https:\/\/moniales-ermites.org\/?attachment_id=3151'><img loading=\"lazy\" decoding=\"async\" width=\"150\" height=\"150\" src=\"https:\/\/moniales-ermites.org\/wp-content\/uploads\/2025\/07\/St-Jean-et-Jesus-min-150x150.jpg\" class=\"attachment-thumbnail size-thumbnail\" alt=\"\" srcset=\"https:\/\/moniales-ermites.org\/wp-content\/uploads\/2025\/07\/St-Jean-et-Jesus-min-150x150.jpg 150w, https:\/\/moniales-ermites.org\/wp-content\/uploads\/2025\/07\/St-Jean-et-Jesus-min-100x100.jpg 100w, https:\/\/moniales-ermites.org\/wp-content\/uploads\/2025\/07\/St-Jean-et-Jesus-min-600x600.jpg 600w, https:\/\/moniales-ermites.org\/wp-content\/uploads\/2025\/07\/St-Jean-et-Jesus-min-300x300.jpg 300w\" sizes=\"auto, (max-width: 150px) 100vw, 150px\" \/><\/a>\n\t\t\t<\/dt><\/dl><dl class='gallery-item'>\n\t\t\t<dt class='gallery-icon portrait'>\n\t\t\t\t<a href='https:\/\/moniales-ermites.org\/?attachment_id=2752'><img loading=\"lazy\" decoding=\"async\" width=\"150\" height=\"150\" src=\"https:\/\/moniales-ermites.org\/wp-content\/uploads\/2024\/05\/PE-modele-Vierge-Marie-1-min-e1719483420556-150x150.jpg\" class=\"attachment-thumbnail size-thumbnail\" alt=\"\" srcset=\"https:\/\/moniales-ermites.org\/wp-content\/uploads\/2024\/05\/PE-modele-Vierge-Marie-1-min-e1719483420556-150x150.jpg 150w, https:\/\/moniales-ermites.org\/wp-content\/uploads\/2024\/05\/PE-modele-Vierge-Marie-1-min-e1719483420556-300x300.jpg 300w, https:\/\/moniales-ermites.org\/wp-content\/uploads\/2024\/05\/PE-modele-Vierge-Marie-1-min-e1719483420556-100x100.jpg 100w, https:\/\/moniales-ermites.org\/wp-content\/uploads\/2024\/05\/PE-modele-Vierge-Marie-1-min-e1719483420556-600x600.jpg 600w\" sizes=\"auto, (max-width: 150px) 100vw, 150px\" \/><\/a>\n\t\t\t<\/dt><\/dl><dl class='gallery-item'>\n\t\t\t<dt class='gallery-icon portrait'>\n\t\t\t\t<a href='https:\/\/moniales-ermites.org\/?attachment_id=2612'><img loading=\"lazy\" decoding=\"async\" width=\"150\" height=\"150\" src=\"https:\/\/moniales-ermites.org\/wp-content\/uploads\/2024\/03\/Liturgie-Heures-Vierge-Marie-min-e1711450518792-150x150.jpg\" class=\"attachment-thumbnail size-thumbnail\" alt=\"\" srcset=\"https:\/\/moniales-ermites.org\/wp-content\/uploads\/2024\/03\/Liturgie-Heures-Vierge-Marie-min-e1711450518792-150x150.jpg 150w, https:\/\/moniales-ermites.org\/wp-content\/uploads\/2024\/03\/Liturgie-Heures-Vierge-Marie-min-e1711450518792-300x300.jpg 300w, https:\/\/moniales-ermites.org\/wp-content\/uploads\/2024\/03\/Liturgie-Heures-Vierge-Marie-min-e1711450518792-100x100.jpg 100w, https:\/\/moniales-ermites.org\/wp-content\/uploads\/2024\/03\/Liturgie-Heures-Vierge-Marie-min-e1711450518792-600x600.jpg 600w\" sizes=\"auto, (max-width: 150px) 100vw, 150px\" \/><\/a>\n\t\t\t<\/dt><\/dl><dl class='gallery-item'>\n\t\t\t<dt class='gallery-icon portrait'>\n\t\t\t\t<a href='https:\/\/moniales-ermites.org\/?attachment_id=2453'><img loading=\"lazy\" decoding=\"async\" width=\"150\" height=\"150\" src=\"https:\/\/moniales-ermites.org\/wp-content\/uploads\/2024\/02\/Modele-Liseuse-Vierge-Marie-Medievale-ameliore-min-150x150.jpg\" class=\"attachment-thumbnail size-thumbnail\" alt=\"Liseuse Vierge Marie M\u00e9di\u00e9vale\" srcset=\"https:\/\/moniales-ermites.org\/wp-content\/uploads\/2024\/02\/Modele-Liseuse-Vierge-Marie-Medievale-ameliore-min-150x150.jpg 150w, https:\/\/moniales-ermites.org\/wp-content\/uploads\/2024\/02\/Modele-Liseuse-Vierge-Marie-Medievale-ameliore-min-300x300.jpg 300w, https:\/\/moniales-ermites.org\/wp-content\/uploads\/2024\/02\/Modele-Liseuse-Vierge-Marie-Medievale-ameliore-min-100x100.jpg 100w, https:\/\/moniales-ermites.org\/wp-content\/uploads\/2024\/02\/Modele-Liseuse-Vierge-Marie-Medievale-ameliore-min-600x600.jpg 600w\" sizes=\"auto, (max-width: 150px) 100vw, 150px\" \/><\/a>\n\t\t\t<\/dt><\/dl><br style=\"clear: both\" \/><dl class='gallery-item'>\n\t\t\t<dt class='gallery-icon portrait'>\n\t\t\t\t<a href='https:\/\/moniales-ermites.org\/?attachment_id=2424'><img loading=\"lazy\" decoding=\"async\" width=\"150\" height=\"150\" src=\"https:\/\/moniales-ermites.org\/wp-content\/uploads\/2024\/02\/Modele-Liturgie-Heures-avec-rabat-Vierge-Marie-de-Vladimir-ameliore-min-150x150.jpg\" class=\"attachment-thumbnail size-thumbnail\" alt=\"Liseuse - Vierge Marie de Vladimir\" srcset=\"https:\/\/moniales-ermites.org\/wp-content\/uploads\/2024\/02\/Modele-Liturgie-Heures-avec-rabat-Vierge-Marie-de-Vladimir-ameliore-min-150x150.jpg 150w, https:\/\/moniales-ermites.org\/wp-content\/uploads\/2024\/02\/Modele-Liturgie-Heures-avec-rabat-Vierge-Marie-de-Vladimir-ameliore-min-300x300.jpg 300w, https:\/\/moniales-ermites.org\/wp-content\/uploads\/2024\/02\/Modele-Liturgie-Heures-avec-rabat-Vierge-Marie-de-Vladimir-ameliore-min-100x100.jpg 100w, https:\/\/moniales-ermites.org\/wp-content\/uploads\/2024\/02\/Modele-Liturgie-Heures-avec-rabat-Vierge-Marie-de-Vladimir-ameliore-min-600x600.jpg 600w\" sizes=\"auto, (max-width: 150px) 100vw, 150px\" \/><\/a>\n\t\t\t<\/dt><\/dl><dl class='gallery-item'>\n\t\t\t<dt class='gallery-icon portrait'>\n\t\t\t\t<a href='https:\/\/moniales-ermites.org\/?attachment_id=2451'><img loading=\"lazy\" decoding=\"async\" width=\"150\" height=\"150\" src=\"https:\/\/moniales-ermites.org\/wp-content\/uploads\/2024\/02\/Liseuse-Magnificat-Esprit-Saint-min-e1711452262875-150x150.jpg\" class=\"attachment-thumbnail size-thumbnail\" alt=\"Liseuse Esprit-Saint\" srcset=\"https:\/\/moniales-ermites.org\/wp-content\/uploads\/2024\/02\/Liseuse-Magnificat-Esprit-Saint-min-e1711452262875-150x150.jpg 150w, https:\/\/moniales-ermites.org\/wp-content\/uploads\/2024\/02\/Liseuse-Magnificat-Esprit-Saint-min-e1711452262875-300x300.jpg 300w, https:\/\/moniales-ermites.org\/wp-content\/uploads\/2024\/02\/Liseuse-Magnificat-Esprit-Saint-min-e1711452262875-100x100.jpg 100w, https:\/\/moniales-ermites.org\/wp-content\/uploads\/2024\/02\/Liseuse-Magnificat-Esprit-Saint-min-e1711452262875-600x600.jpg 600w\" sizes=\"auto, (max-width: 150px) 100vw, 150px\" \/><\/a>\n\t\t\t<\/dt><\/dl><dl class='gallery-item'>\n\t\t\t<dt class='gallery-icon portrait'>\n\t\t\t\t<a href='https:\/\/moniales-ermites.org\/?attachment_id=2821'><img loading=\"lazy\" decoding=\"async\" width=\"150\" height=\"150\" src=\"https:\/\/moniales-ermites.org\/wp-content\/uploads\/2024\/06\/Porte-photos-Christ-Medieval-ameliore-150x150.jpg\" class=\"attachment-thumbnail size-thumbnail\" alt=\"\" srcset=\"https:\/\/moniales-ermites.org\/wp-content\/uploads\/2024\/06\/Porte-photos-Christ-Medieval-ameliore-150x150.jpg 150w, https:\/\/moniales-ermites.org\/wp-content\/uploads\/2024\/06\/Porte-photos-Christ-Medieval-ameliore-300x300.jpg 300w, https:\/\/moniales-ermites.org\/wp-content\/uploads\/2024\/06\/Porte-photos-Christ-Medieval-ameliore-100x100.jpg 100w, https:\/\/moniales-ermites.org\/wp-content\/uploads\/2024\/06\/Porte-photos-Christ-Medieval-ameliore-600x600.jpg 600w\" sizes=\"auto, (max-width: 150px) 100vw, 150px\" \/><\/a>\n\t\t\t<\/dt><\/dl><dl class='gallery-item'>\n\t\t\t<dt class='gallery-icon portrait'>\n\t\t\t\t<a href='https:\/\/moniales-ermites.org\/?attachment_id=2423'><img loading=\"lazy\" decoding=\"async\" width=\"150\" height=\"150\" src=\"https:\/\/moniales-ermites.org\/wp-content\/uploads\/2024\/02\/Liseuse-PTP-Roi-David-dec-23-min-150x150.jpg\" class=\"attachment-thumbnail size-thumbnail\" alt=\"Liseuse PTP\" srcset=\"https:\/\/moniales-ermites.org\/wp-content\/uploads\/2024\/02\/Liseuse-PTP-Roi-David-dec-23-min-150x150.jpg 150w, https:\/\/moniales-ermites.org\/wp-content\/uploads\/2024\/02\/Liseuse-PTP-Roi-David-dec-23-min-300x300.jpg 300w, https:\/\/moniales-ermites.org\/wp-content\/uploads\/2024\/02\/Liseuse-PTP-Roi-David-dec-23-min-100x100.jpg 100w, https:\/\/moniales-ermites.org\/wp-content\/uploads\/2024\/02\/Liseuse-PTP-Roi-David-dec-23-min-600x600.jpg 600w\" sizes=\"auto, (max-width: 150px) 100vw, 150px\" \/><\/a>\n\t\t\t<\/dt><\/dl><dl class='gallery-item'>\n\t\t\t<dt class='gallery-icon portrait'>\n\t\t\t\t<a href='https:\/\/moniales-ermites.org\/?attachment_id=2581'><img loading=\"lazy\" decoding=\"async\" width=\"150\" height=\"150\" src=\"https:\/\/moniales-ermites.org\/wp-content\/uploads\/2024\/03\/Liseuse-Mini-Bible-Agnus-Dei-min-e1747907427522-150x150.jpg\" class=\"attachment-thumbnail size-thumbnail\" alt=\"\" srcset=\"https:\/\/moniales-ermites.org\/wp-content\/uploads\/2024\/03\/Liseuse-Mini-Bible-Agnus-Dei-min-e1747907427522-150x150.jpg 150w, https:\/\/moniales-ermites.org\/wp-content\/uploads\/2024\/03\/Liseuse-Mini-Bible-Agnus-Dei-min-e1747907427522-300x300.jpg 300w, https:\/\/moniales-ermites.org\/wp-content\/uploads\/2024\/03\/Liseuse-Mini-Bible-Agnus-Dei-min-e1747907427522-100x100.jpg 100w, https:\/\/moniales-ermites.org\/wp-content\/uploads\/2024\/03\/Liseuse-Mini-Bible-Agnus-Dei-min-e1747907427522-600x600.jpg 600w\" sizes=\"auto, (max-width: 150px) 100vw, 150px\" \/><\/a>\n\t\t\t<\/dt><\/dl><dl class='gallery-item'>\n\t\t\t<dt class='gallery-icon portrait'>\n\t\t\t\t<a href='https:\/\/moniales-ermites.org\/?attachment_id=3045'><img loading=\"lazy\" decoding=\"async\" width=\"150\" height=\"150\" src=\"https:\/\/moniales-ermites.org\/wp-content\/uploads\/2024\/03\/Liseuse-Graduale-Romanum-Agneau-de-Nohant-Vic-150x150.jpg\" class=\"attachment-thumbnail size-thumbnail\" alt=\"\" srcset=\"https:\/\/moniales-ermites.org\/wp-content\/uploads\/2024\/03\/Liseuse-Graduale-Romanum-Agneau-de-Nohant-Vic-150x150.jpg 150w, https:\/\/moniales-ermites.org\/wp-content\/uploads\/2024\/03\/Liseuse-Graduale-Romanum-Agneau-de-Nohant-Vic-100x100.jpg 100w, https:\/\/moniales-ermites.org\/wp-content\/uploads\/2024\/03\/Liseuse-Graduale-Romanum-Agneau-de-Nohant-Vic-600x600.jpg 600w, https:\/\/moniales-ermites.org\/wp-content\/uploads\/2024\/03\/Liseuse-Graduale-Romanum-Agneau-de-Nohant-Vic-300x300.jpg 300w\" sizes=\"auto, (max-width: 150px) 100vw, 150px\" \/><\/a>\n\t\t\t<\/dt><\/dl><dl class='gallery-item'>\n\t\t\t<dt class='gallery-icon portrait'>\n\t\t\t\t<a href='https:\/\/moniales-ermites.org\/?attachment_id=3264'><img loading=\"lazy\" decoding=\"async\" width=\"150\" height=\"150\" src=\"https:\/\/moniales-ermites.org\/wp-content\/uploads\/2024\/03\/Liseuses-Agneau-de-Nohant-Vic-2eme-2-min-150x150.jpg\" class=\"attachment-thumbnail size-thumbnail\" alt=\"\" srcset=\"https:\/\/moniales-ermites.org\/wp-content\/uploads\/2024\/03\/Liseuses-Agneau-de-Nohant-Vic-2eme-2-min-150x150.jpg 150w, https:\/\/moniales-ermites.org\/wp-content\/uploads\/2024\/03\/Liseuses-Agneau-de-Nohant-Vic-2eme-2-min-100x100.jpg 100w, https:\/\/moniales-ermites.org\/wp-content\/uploads\/2024\/03\/Liseuses-Agneau-de-Nohant-Vic-2eme-2-min-600x600.jpg 600w, https:\/\/moniales-ermites.org\/wp-content\/uploads\/2024\/03\/Liseuses-Agneau-de-Nohant-Vic-2eme-2-min-300x300.jpg 300w\" sizes=\"auto, (max-width: 150px) 100vw, 150px\" \/><\/a>\n\t\t\t<\/dt><\/dl><br style=\"clear: both\" \/><dl class='gallery-item'>\n\t\t\t<dt class='gallery-icon portrait'>\n\t\t\t\t<a href='https:\/\/moniales-ermites.org\/?attachment_id=3333'><img loading=\"lazy\" decoding=\"async\" width=\"150\" height=\"150\" src=\"https:\/\/moniales-ermites.org\/wp-content\/uploads\/2024\/03\/IMG_20260105_142521-min-150x150.jpg\" class=\"attachment-thumbnail size-thumbnail\" alt=\"\" srcset=\"https:\/\/moniales-ermites.org\/wp-content\/uploads\/2024\/03\/IMG_20260105_142521-min-150x150.jpg 150w, https:\/\/moniales-ermites.org\/wp-content\/uploads\/2024\/03\/IMG_20260105_142521-min-100x100.jpg 100w, https:\/\/moniales-ermites.org\/wp-content\/uploads\/2024\/03\/IMG_20260105_142521-min-600x600.jpg 600w, https:\/\/moniales-ermites.org\/wp-content\/uploads\/2024\/03\/IMG_20260105_142521-min-300x300.jpg 300w\" sizes=\"auto, (max-width: 150px) 100vw, 150px\" \/><\/a>\n\t\t\t<\/dt><\/dl><dl class='gallery-item'>\n\t\t\t<dt class='gallery-icon portrait'>\n\t\t\t\t<a href='https:\/\/moniales-ermites.org\/?attachment_id=3334'><img loading=\"lazy\" decoding=\"async\" width=\"150\" height=\"150\" src=\"https:\/\/moniales-ermites.org\/wp-content\/uploads\/2024\/03\/IMG_20251223_173210-Copie-min-1-150x150.jpg\" class=\"attachment-thumbnail size-thumbnail\" alt=\"\" srcset=\"https:\/\/moniales-ermites.org\/wp-content\/uploads\/2024\/03\/IMG_20251223_173210-Copie-min-1-150x150.jpg 150w, https:\/\/moniales-ermites.org\/wp-content\/uploads\/2024\/03\/IMG_20251223_173210-Copie-min-1-100x100.jpg 100w, https:\/\/moniales-ermites.org\/wp-content\/uploads\/2024\/03\/IMG_20251223_173210-Copie-min-1-600x600.jpg 600w, https:\/\/moniales-ermites.org\/wp-content\/uploads\/2024\/03\/IMG_20251223_173210-Copie-min-1-300x300.jpg 300w\" sizes=\"auto, (max-width: 150px) 100vw, 150px\" \/><\/a>\n\t\t\t<\/dt><\/dl><dl class='gallery-item'>\n\t\t\t<dt class='gallery-icon portrait'>\n\t\t\t\t<a href='https:\/\/moniales-ermites.org\/?attachment_id=3332'><img loading=\"lazy\" decoding=\"async\" width=\"150\" height=\"150\" src=\"https:\/\/moniales-ermites.org\/wp-content\/uploads\/2024\/03\/IMG_20251223_173650-Copie-min-150x150.jpg\" class=\"attachment-thumbnail size-thumbnail\" alt=\"\" srcset=\"https:\/\/moniales-ermites.org\/wp-content\/uploads\/2024\/03\/IMG_20251223_173650-Copie-min-150x150.jpg 150w, https:\/\/moniales-ermites.org\/wp-content\/uploads\/2024\/03\/IMG_20251223_173650-Copie-min-100x100.jpg 100w, https:\/\/moniales-ermites.org\/wp-content\/uploads\/2024\/03\/IMG_20251223_173650-Copie-min-600x600.jpg 600w, https:\/\/moniales-ermites.org\/wp-content\/uploads\/2024\/03\/IMG_20251223_173650-Copie-min-300x300.jpg 300w\" sizes=\"auto, (max-width: 150px) 100vw, 150px\" \/><\/a>\n\t\t\t<\/dt><\/dl>\n\t\t\t<br style='clear: both' \/>\n\t\t<\/div>\n\n","protected":false},"excerpt":{"rendered":"<p>Couverture en cuir avec signet pour livre de liturgie des heures, et br\u00e9viaires.<\/p>\n<p>Composition : Cuir naturel.<\/p>\n<p>Le motif peut-\u00eatre adapt\u00e9 \u00e0 vos souhaits, dans le cadre r\u00e9serv\u00e9 pour cela au moment de passer votre commande.<\/p>\n<p>Vous pouvez demander les motifs des liseuses Magnificat par exemple.<\/p>\n<p class=\"cadre-court\"><i class=\"fa fa-heart-o\" style=\"font-size: 20px;\"><\/i> Produit artisanal de notre atelier monastique r\u00e9alis\u00e9 \u00e0 la main par les s\u0153urs.<\/p>\n","protected":false},"featured_media":3332,"template":"","meta":[],"product_cat":[22],"product_tag":[],"class_list":{"0":"post-2521","1":"product","2":"type-product","3":"status-publish","4":"has-post-thumbnail","6":"product_cat-liseuses-et-articles-pour-la-liturgie","8":"first","9":"instock","10":"featured","11":"shipping-taxable","12":"purchasable","13":"product-type-variable"},"_links":{"self":[{"href":"https:\/\/moniales-ermites.org\/index.php\/wp-json\/wp\/v2\/product\/2521","targetHints":{"allow":["GET"]}}],"collection":[{"href":"https:\/\/moniales-ermites.org\/index.php\/wp-json\/wp\/v2\/product"}],"about":[{"href":"https:\/\/moniales-ermites.org\/index.php\/wp-json\/wp\/v2\/types\/product"}],"wp:featuredmedia":[{"embeddable":true,"href":"https:\/\/moniales-ermites.org\/index.php\/wp-json\/wp\/v2\/media\/3332"}],"wp:attachment":[{"href":"https:\/\/moniales-ermites.org\/index.php\/wp-json\/wp\/v2\/media?parent=2521"}],"wp:term":[{"taxonomy":"product_cat","embeddable":true,"href":"https:\/\/moniales-ermites.org\/index.php\/wp-json\/wp\/v2\/product_cat?post=2521"},{"taxonomy":"product_tag","embeddable":true,"href":"https:\/\/moniales-ermites.org\/index.php\/wp-json\/wp\/v2\/product_tag?post=2521"}],"curies":[{"name":"wp","href":"https:\/\/api.w.org\/{rel}","templated":true}]}}