{"id":2517,"date":"2024-03-08T15:07:05","date_gmt":"2024-03-08T14:07:05","guid":{"rendered":"https:\/\/moniales-ermites.org\/?post_type=product&#038;p=2517"},"modified":"2026-03-18T17:06:19","modified_gmt":"2026-03-18T16:06:19","slug":"liseuse-pour-bible-de-poche","status":"publish","type":"product","link":"https:\/\/moniales-ermites.org\/index.php\/produit\/liseuse-pour-bible-de-poche\/","title":{"rendered":"Liseuse pour Bible et Bible de poche"},"content":{"rendered":"<p>Composition : Cuir<\/p>\n<p>Dimensions Bible de poche (liseuse ferm\u00e9e):<br \/>\nHauteur : 14 cm \/ Largeur : 10 cm \/ Profondeur : 4 cm<\/p>\n<p>Pour d&rsquo;autres dimensions, et pour le choix d&rsquo;autres couleurs de cuir la commande peut \u00eatre r\u00e9alis\u00e9e sur mesure, nous contacter : artisanatcuir.monialesermites@gmail.com.<\/p>\n<p>Pour personnaliser votre liseuse avec le motif de votre choix, un champ libre dans chaque produit command\u00e9 vous permet d\u2019inscrire votre demande.<\/p>\n<p>Livraison sous 20 \u00e0 30 jours.<\/p>\n","protected":false},"excerpt":{"rendered":"<p>Composition : Cuir<\/p>\n<p>Dimensions Bible de poche (liseuse ferm\u00e9e):<\/p>\n<p>Hauteur : 14 cm \/ Largeur : 10 cm \/ Profondeur : 4 cm<\/p>\n<p>Pour d&rsquo;autres dimensions, et pour le choix d&rsquo;autres couleurs de cuir la commande peut \u00eatre r\u00e9alis\u00e9e sur mesure. Un champ libre dans chaque produit command\u00e9 vous permet d\u2019inscrire votre demande.<\/p>\n[gallery columns=\"9\" ids=\"3151,3080,3045,2926,2925,2924,2821,2768,2752,2612,2581,2582,2453,2451,3247,3216,3264,3243\"]\n<p class=\"cadre-court\"><i class=\"fa fa-heart-o\" style=\"font-size: 20px;\"><\/i> Produit artisanal de notre atelier monastique r\u00e9alis\u00e9 \u00e0 la main par les s\u0153urs.<\/p>\n","protected":false},"featured_media":2581,"template":"","meta":[],"product_cat":[22],"product_tag":[],"class_list":{"0":"post-2517","1":"product","2":"type-product","3":"status-publish","4":"has-post-thumbnail","6":"product_cat-liseuses-et-articles-pour-la-liturgie","8":"first","9":"instock","10":"featured","11":"shipping-taxable","12":"purchasable","13":"product-type-variable"},"_links":{"self":[{"href":"https:\/\/moniales-ermites.org\/index.php\/wp-json\/wp\/v2\/product\/2517","targetHints":{"allow":["GET"]}}],"collection":[{"href":"https:\/\/moniales-ermites.org\/index.php\/wp-json\/wp\/v2\/product"}],"about":[{"href":"https:\/\/moniales-ermites.org\/index.php\/wp-json\/wp\/v2\/types\/product"}],"wp:featuredmedia":[{"embeddable":true,"href":"https:\/\/moniales-ermites.org\/index.php\/wp-json\/wp\/v2\/media\/2581"}],"wp:attachment":[{"href":"https:\/\/moniales-ermites.org\/index.php\/wp-json\/wp\/v2\/media?parent=2517"}],"wp:term":[{"taxonomy":"product_cat","embeddable":true,"href":"https:\/\/moniales-ermites.org\/index.php\/wp-json\/wp\/v2\/product_cat?post=2517"},{"taxonomy":"product_tag","embeddable":true,"href":"https:\/\/moniales-ermites.org\/index.php\/wp-json\/wp\/v2\/product_tag?post=2517"}],"curies":[{"name":"wp","href":"https:\/\/api.w.org\/{rel}","templated":true}]}}