{"id":2501,"date":"2024-03-03T09:51:20","date_gmt":"2024-03-03T08:51:20","guid":{"rendered":"https:\/\/moniales-ermites.org\/?post_type=product&#038;p=2501"},"modified":"2025-10-13T12:04:11","modified_gmt":"2025-10-13T10:04:11","slug":"porte-cartes","status":"publish","type":"product","link":"https:\/\/moniales-ermites.org\/index.php\/produit\/porte-cartes\/","title":{"rendered":"Porte-cartes"},"content":{"rendered":"<p>Etui pour cartes inclus (20 pochettes).<\/p>\n<p>Composition : Cuir naturel.<\/p>\n<p>Livraison sous 20 \u00e0 30 jours<\/p>\n","protected":false},"excerpt":{"rendered":"<p>Etui pour cartes inclus (20 pochettes).<\/p>\n<p>Composition : Cuir naturel.<\/p>\n<p class=\"cadre-court\"><i class=\"fa fa-heart-o\" style=\"font-size: 20px;\"><\/i> Produit artisanal de notre atelier monastique r\u00e9alis\u00e9 \u00e0 la main par les s\u0153urs.<\/p>\n","protected":false},"featured_media":2454,"template":"","meta":[],"product_cat":[25,49],"product_tag":[],"class_list":{"0":"post-2501","1":"product","2":"type-product","3":"status-publish","4":"has-post-thumbnail","6":"product_cat-autres-liseuses-et-articles-en-cuir","7":"product_cat-idees-de-cadeaux","9":"first","10":"instock","11":"shipping-taxable","12":"purchasable","13":"product-type-variable"},"_links":{"self":[{"href":"https:\/\/moniales-ermites.org\/index.php\/wp-json\/wp\/v2\/product\/2501","targetHints":{"allow":["GET"]}}],"collection":[{"href":"https:\/\/moniales-ermites.org\/index.php\/wp-json\/wp\/v2\/product"}],"about":[{"href":"https:\/\/moniales-ermites.org\/index.php\/wp-json\/wp\/v2\/types\/product"}],"wp:featuredmedia":[{"embeddable":true,"href":"https:\/\/moniales-ermites.org\/index.php\/wp-json\/wp\/v2\/media\/2454"}],"wp:attachment":[{"href":"https:\/\/moniales-ermites.org\/index.php\/wp-json\/wp\/v2\/media?parent=2501"}],"wp:term":[{"taxonomy":"product_cat","embeddable":true,"href":"https:\/\/moniales-ermites.org\/index.php\/wp-json\/wp\/v2\/product_cat?post=2501"},{"taxonomy":"product_tag","embeddable":true,"href":"https:\/\/moniales-ermites.org\/index.php\/wp-json\/wp\/v2\/product_tag?post=2501"}],"curies":[{"name":"wp","href":"https:\/\/api.w.org\/{rel}","templated":true}]}}