{"id":2383,"date":"2024-02-22T13:59:15","date_gmt":"2024-02-22T12:59:15","guid":{"rendered":"https:\/\/moniales-ermites.org\/?post_type=product&#038;p=2383"},"modified":"2026-04-02T09:54:12","modified_gmt":"2026-04-02T07:54:12","slug":"liseuse-de-ceremonie","status":"publish","type":"product","link":"https:\/\/moniales-ermites.org\/index.php\/produit\/liseuse-de-ceremonie\/","title":{"rendered":"Liseuse de C\u00e9r\u00e9monie : Classeur Liturgique"},"content":{"rendered":"<p>Liseuse pour les c\u00e9l\u00e9brations liturgiques. Porte documents A4 de 30 vues inclus.<\/p>\n<p>Composition : Cuir naturel &#8211; Soit chagrin soit lisse. Choix de couleurs : rouge grenat, marron, vert, bleu fonc\u00e9 ou clair (en chagrin). Ou encore marron fonc\u00e9, marron beige, bordeaux, blanc, jaune, bleu roi, bleu marine, vert sapin&#8230; en cuir lisse.<\/p>\n<p>Le motif peut-\u00eatre adapt\u00e9 \u00e0 vos souhaits, dans le cadre r\u00e9serv\u00e9 pour cela au moment de passer votre commande.<\/p>\n<p>Nous vous proposons un grand choix de motifs, adapt\u00e9 par exemple \u00e0 des c\u00e9r\u00e9monies de mariage, d&rsquo;obs\u00e8ques, de f\u00eates mariales, et de l&rsquo;ensemble de l&rsquo;ann\u00e9e liturgique.<\/p>\n<p>Pour une liseuse sur mesure, merci de nous contacter : <span class=\"gI\"><span class=\"qu\" tabindex=\"-1\" role=\"gridcell\" translate=\"no\"><span class=\"go\">artisanatcuir.monialesermites@gmail.com<\/span><\/span><\/span><\/p>\n<p>Livraison sous 20 \u00e0 30 jours.<\/p>\n\n\t\t<style type=\"text\/css\">\n\t\t\t#gallery-1 {\n\t\t\t\tmargin: auto;\n\t\t\t}\n\t\t\t#gallery-1 .gallery-item {\n\t\t\t\tfloat: left;\n\t\t\t\tmargin-top: 10px;\n\t\t\t\ttext-align: center;\n\t\t\t\twidth: 12%;\n\t\t\t}\n\t\t\t#gallery-1 img {\n\t\t\t\tborder: 2px solid #cfcfcf;\n\t\t\t}\n\t\t\t#gallery-1 .gallery-caption {\n\t\t\t\tmargin-left: 0;\n\t\t\t}\n\t\t\t\/* see gallery_shortcode() in wp-includes\/media.php *\/\n\t\t<\/style>\n\t\t<div id='gallery-1' class='gallery galleryid-2383 gallery-columns-8 gallery-size-thumbnail'><dl class='gallery-item'>\n\t\t\t<dt class='gallery-icon portrait'>\n\t\t\t\t<a href='https:\/\/moniales-ermites.org\/?attachment_id=3396'><img loading=\"lazy\" decoding=\"async\" width=\"150\" height=\"150\" src=\"https:\/\/moniales-ermites.org\/wp-content\/uploads\/2026\/04\/Liseuse-Christ-a-la-Cene-mars-2026-min-150x150.jpg\" class=\"attachment-thumbnail size-thumbnail\" alt=\"\" srcset=\"https:\/\/moniales-ermites.org\/wp-content\/uploads\/2026\/04\/Liseuse-Christ-a-la-Cene-mars-2026-min-150x150.jpg 150w, https:\/\/moniales-ermites.org\/wp-content\/uploads\/2026\/04\/Liseuse-Christ-a-la-Cene-mars-2026-min-100x100.jpg 100w, https:\/\/moniales-ermites.org\/wp-content\/uploads\/2026\/04\/Liseuse-Christ-a-la-Cene-mars-2026-min-600x600.jpg 600w, https:\/\/moniales-ermites.org\/wp-content\/uploads\/2026\/04\/Liseuse-Christ-a-la-Cene-mars-2026-min-300x300.jpg 300w\" sizes=\"auto, (max-width: 150px) 100vw, 150px\" \/><\/a>\n\t\t\t<\/dt><\/dl><dl class='gallery-item'>\n\t\t\t<dt class='gallery-icon portrait'>\n\t\t\t\t<a href='https:\/\/moniales-ermites.org\/?attachment_id=3243'><img loading=\"lazy\" decoding=\"async\" width=\"150\" height=\"150\" src=\"https:\/\/moniales-ermites.org\/wp-content\/uploads\/2024\/03\/Crucifixion-medievale-sept-25-min-150x150.jpg\" class=\"attachment-thumbnail size-thumbnail\" alt=\"\" srcset=\"https:\/\/moniales-ermites.org\/wp-content\/uploads\/2024\/03\/Crucifixion-medievale-sept-25-min-150x150.jpg 150w, https:\/\/moniales-ermites.org\/wp-content\/uploads\/2024\/03\/Crucifixion-medievale-sept-25-min-100x100.jpg 100w, https:\/\/moniales-ermites.org\/wp-content\/uploads\/2024\/03\/Crucifixion-medievale-sept-25-min-600x600.jpg 600w, https:\/\/moniales-ermites.org\/wp-content\/uploads\/2024\/03\/Crucifixion-medievale-sept-25-min-300x300.jpg 300w\" sizes=\"auto, (max-width: 150px) 100vw, 150px\" \/><\/a>\n\t\t\t<\/dt><\/dl><dl class='gallery-item'>\n\t\t\t<dt class='gallery-icon portrait'>\n\t\t\t\t<a href='https:\/\/moniales-ermites.org\/?attachment_id=3319'><img loading=\"lazy\" decoding=\"async\" width=\"150\" height=\"150\" src=\"https:\/\/moniales-ermites.org\/wp-content\/uploads\/2025\/12\/Liseuse-rouge-Bible-croix-emaux-or-min-150x150.jpg\" class=\"attachment-thumbnail size-thumbnail\" alt=\"\" srcset=\"https:\/\/moniales-ermites.org\/wp-content\/uploads\/2025\/12\/Liseuse-rouge-Bible-croix-emaux-or-min-150x150.jpg 150w, https:\/\/moniales-ermites.org\/wp-content\/uploads\/2025\/12\/Liseuse-rouge-Bible-croix-emaux-or-min-100x100.jpg 100w, https:\/\/moniales-ermites.org\/wp-content\/uploads\/2025\/12\/Liseuse-rouge-Bible-croix-emaux-or-min-600x600.jpg 600w, https:\/\/moniales-ermites.org\/wp-content\/uploads\/2025\/12\/Liseuse-rouge-Bible-croix-emaux-or-min-300x300.jpg 300w\" sizes=\"auto, (max-width: 150px) 100vw, 150px\" \/><\/a>\n\t\t\t<\/dt><\/dl><dl class='gallery-item'>\n\t\t\t<dt class='gallery-icon portrait'>\n\t\t\t\t<a href='https:\/\/moniales-ermites.org\/?attachment_id=3318'><img loading=\"lazy\" decoding=\"async\" width=\"150\" height=\"150\" src=\"https:\/\/moniales-ermites.org\/wp-content\/uploads\/2025\/12\/Liseuse-marron-Bible-croix-emaux-or-min-150x150.jpg\" class=\"attachment-thumbnail size-thumbnail\" alt=\"\" srcset=\"https:\/\/moniales-ermites.org\/wp-content\/uploads\/2025\/12\/Liseuse-marron-Bible-croix-emaux-or-min-150x150.jpg 150w, https:\/\/moniales-ermites.org\/wp-content\/uploads\/2025\/12\/Liseuse-marron-Bible-croix-emaux-or-min-100x100.jpg 100w, https:\/\/moniales-ermites.org\/wp-content\/uploads\/2025\/12\/Liseuse-marron-Bible-croix-emaux-or-min-600x600.jpg 600w, https:\/\/moniales-ermites.org\/wp-content\/uploads\/2025\/12\/Liseuse-marron-Bible-croix-emaux-or-min-300x300.jpg 300w\" sizes=\"auto, (max-width: 150px) 100vw, 150px\" \/><\/a>\n\t\t\t<\/dt><\/dl><dl class='gallery-item'>\n\t\t\t<dt class='gallery-icon portrait'>\n\t\t\t\t<a href='https:\/\/moniales-ermites.org\/?attachment_id=3274'><img loading=\"lazy\" decoding=\"async\" width=\"150\" height=\"150\" src=\"https:\/\/moniales-ermites.org\/wp-content\/uploads\/2024\/02\/Christ-en-Croix-Ethiopien-simplifie-min-150x150.jpg\" class=\"attachment-thumbnail size-thumbnail\" alt=\"\" srcset=\"https:\/\/moniales-ermites.org\/wp-content\/uploads\/2024\/02\/Christ-en-Croix-Ethiopien-simplifie-min-150x150.jpg 150w, https:\/\/moniales-ermites.org\/wp-content\/uploads\/2024\/02\/Christ-en-Croix-Ethiopien-simplifie-min-100x100.jpg 100w, https:\/\/moniales-ermites.org\/wp-content\/uploads\/2024\/02\/Christ-en-Croix-Ethiopien-simplifie-min-600x600.jpg 600w, https:\/\/moniales-ermites.org\/wp-content\/uploads\/2024\/02\/Christ-en-Croix-Ethiopien-simplifie-min-300x300.jpg 300w\" sizes=\"auto, (max-width: 150px) 100vw, 150px\" \/><\/a>\n\t\t\t<\/dt><\/dl><dl class='gallery-item'>\n\t\t\t<dt class='gallery-icon portrait'>\n\t\t\t\t<a href='https:\/\/moniales-ermites.org\/?attachment_id=2416'><img loading=\"lazy\" decoding=\"async\" width=\"150\" height=\"150\" src=\"https:\/\/moniales-ermites.org\/wp-content\/uploads\/2024\/02\/Modele-Classeur-Liturgique-Christ-en-Croix-site-Paroisse-et-Famille-min-e1711104937618-150x150.jpg\" class=\"attachment-thumbnail size-thumbnail\" alt=\"\" srcset=\"https:\/\/moniales-ermites.org\/wp-content\/uploads\/2024\/02\/Modele-Classeur-Liturgique-Christ-en-Croix-site-Paroisse-et-Famille-min-e1711104937618-150x150.jpg 150w, https:\/\/moniales-ermites.org\/wp-content\/uploads\/2024\/02\/Modele-Classeur-Liturgique-Christ-en-Croix-site-Paroisse-et-Famille-min-e1711104937618-300x300.jpg 300w, https:\/\/moniales-ermites.org\/wp-content\/uploads\/2024\/02\/Modele-Classeur-Liturgique-Christ-en-Croix-site-Paroisse-et-Famille-min-e1711104937618-100x100.jpg 100w, https:\/\/moniales-ermites.org\/wp-content\/uploads\/2024\/02\/Modele-Classeur-Liturgique-Christ-en-Croix-site-Paroisse-et-Famille-min-e1711104937618-600x600.jpg 600w\" sizes=\"auto, (max-width: 150px) 100vw, 150px\" \/><\/a>\n\t\t\t<\/dt><\/dl><dl class='gallery-item'>\n\t\t\t<dt class='gallery-icon portrait'>\n\t\t\t\t<a href='https:\/\/moniales-ermites.org\/?attachment_id=3307'><img loading=\"lazy\" decoding=\"async\" width=\"150\" height=\"150\" src=\"https:\/\/moniales-ermites.org\/wp-content\/uploads\/2025\/12\/Liseuse-bleu-clair-Christ-en-Croix-Ethiopien-dec-25-150x150.jpg\" class=\"attachment-thumbnail size-thumbnail\" alt=\"\" srcset=\"https:\/\/moniales-ermites.org\/wp-content\/uploads\/2025\/12\/Liseuse-bleu-clair-Christ-en-Croix-Ethiopien-dec-25-150x150.jpg 150w, https:\/\/moniales-ermites.org\/wp-content\/uploads\/2025\/12\/Liseuse-bleu-clair-Christ-en-Croix-Ethiopien-dec-25-100x100.jpg 100w, https:\/\/moniales-ermites.org\/wp-content\/uploads\/2025\/12\/Liseuse-bleu-clair-Christ-en-Croix-Ethiopien-dec-25-600x600.jpg 600w, https:\/\/moniales-ermites.org\/wp-content\/uploads\/2025\/12\/Liseuse-bleu-clair-Christ-en-Croix-Ethiopien-dec-25-300x300.jpg 300w\" sizes=\"auto, (max-width: 150px) 100vw, 150px\" \/><\/a>\n\t\t\t<\/dt><\/dl><dl class='gallery-item'>\n\t\t\t<dt class='gallery-icon portrait'>\n\t\t\t\t<a href='https:\/\/moniales-ermites.org\/?attachment_id=3188'><img loading=\"lazy\" decoding=\"async\" width=\"150\" height=\"150\" src=\"https:\/\/moniales-ermites.org\/wp-content\/uploads\/2025\/08\/Vierge-Catalane-min-150x150.jpg\" class=\"attachment-thumbnail size-thumbnail\" alt=\"\" srcset=\"https:\/\/moniales-ermites.org\/wp-content\/uploads\/2025\/08\/Vierge-Catalane-min-150x150.jpg 150w, https:\/\/moniales-ermites.org\/wp-content\/uploads\/2025\/08\/Vierge-Catalane-min-100x100.jpg 100w, https:\/\/moniales-ermites.org\/wp-content\/uploads\/2025\/08\/Vierge-Catalane-min-600x600.jpg 600w, https:\/\/moniales-ermites.org\/wp-content\/uploads\/2025\/08\/Vierge-Catalane-min-300x300.jpg 300w\" sizes=\"auto, (max-width: 150px) 100vw, 150px\" \/><\/a>\n\t\t\t<\/dt><\/dl><br style=\"clear: both\" \/><dl class='gallery-item'>\n\t\t\t<dt class='gallery-icon portrait'>\n\t\t\t\t<a href='https:\/\/moniales-ermites.org\/?attachment_id=2821'><img loading=\"lazy\" decoding=\"async\" width=\"150\" height=\"150\" src=\"https:\/\/moniales-ermites.org\/wp-content\/uploads\/2024\/06\/Porte-photos-Christ-Medieval-ameliore-150x150.jpg\" class=\"attachment-thumbnail size-thumbnail\" alt=\"\" srcset=\"https:\/\/moniales-ermites.org\/wp-content\/uploads\/2024\/06\/Porte-photos-Christ-Medieval-ameliore-150x150.jpg 150w, https:\/\/moniales-ermites.org\/wp-content\/uploads\/2024\/06\/Porte-photos-Christ-Medieval-ameliore-300x300.jpg 300w, https:\/\/moniales-ermites.org\/wp-content\/uploads\/2024\/06\/Porte-photos-Christ-Medieval-ameliore-100x100.jpg 100w, https:\/\/moniales-ermites.org\/wp-content\/uploads\/2024\/06\/Porte-photos-Christ-Medieval-ameliore-600x600.jpg 600w\" sizes=\"auto, (max-width: 150px) 100vw, 150px\" \/><\/a>\n\t\t\t<\/dt><\/dl><dl class='gallery-item'>\n\t\t\t<dt class='gallery-icon portrait'>\n\t\t\t\t<a href='https:\/\/moniales-ermites.org\/?attachment_id=2418'><img loading=\"lazy\" decoding=\"async\" width=\"150\" height=\"150\" src=\"https:\/\/moniales-ermites.org\/wp-content\/uploads\/2024\/02\/Modele-Classeur-Liturgique-Vierge-en-majeste-avril-23-Copie-min-e1711105144462-150x150.jpg\" class=\"attachment-thumbnail size-thumbnail\" alt=\"\" srcset=\"https:\/\/moniales-ermites.org\/wp-content\/uploads\/2024\/02\/Modele-Classeur-Liturgique-Vierge-en-majeste-avril-23-Copie-min-e1711105144462-150x150.jpg 150w, https:\/\/moniales-ermites.org\/wp-content\/uploads\/2024\/02\/Modele-Classeur-Liturgique-Vierge-en-majeste-avril-23-Copie-min-e1711105144462-300x300.jpg 300w, https:\/\/moniales-ermites.org\/wp-content\/uploads\/2024\/02\/Modele-Classeur-Liturgique-Vierge-en-majeste-avril-23-Copie-min-e1711105144462-100x100.jpg 100w, https:\/\/moniales-ermites.org\/wp-content\/uploads\/2024\/02\/Modele-Classeur-Liturgique-Vierge-en-majeste-avril-23-Copie-min-e1711105144462-600x600.jpg 600w\" sizes=\"auto, (max-width: 150px) 100vw, 150px\" \/><\/a>\n\t\t\t<\/dt><\/dl><dl class='gallery-item'>\n\t\t\t<dt class='gallery-icon portrait'>\n\t\t\t\t<a href='https:\/\/moniales-ermites.org\/?attachment_id=3080'><img loading=\"lazy\" decoding=\"async\" width=\"150\" height=\"150\" src=\"https:\/\/moniales-ermites.org\/wp-content\/uploads\/2024\/03\/Liseuse-en-cours-de-finition-cadre-or-150x150.jpg\" class=\"attachment-thumbnail size-thumbnail\" alt=\"\" srcset=\"https:\/\/moniales-ermites.org\/wp-content\/uploads\/2024\/03\/Liseuse-en-cours-de-finition-cadre-or-150x150.jpg 150w, https:\/\/moniales-ermites.org\/wp-content\/uploads\/2024\/03\/Liseuse-en-cours-de-finition-cadre-or-100x100.jpg 100w, https:\/\/moniales-ermites.org\/wp-content\/uploads\/2024\/03\/Liseuse-en-cours-de-finition-cadre-or-600x600.jpg 600w, https:\/\/moniales-ermites.org\/wp-content\/uploads\/2024\/03\/Liseuse-en-cours-de-finition-cadre-or-300x300.jpg 300w\" sizes=\"auto, (max-width: 150px) 100vw, 150px\" \/><\/a>\n\t\t\t<\/dt><\/dl><dl class='gallery-item'>\n\t\t\t<dt class='gallery-icon portrait'>\n\t\t\t\t<a href='https:\/\/moniales-ermites.org\/?attachment_id=2583'><img loading=\"lazy\" decoding=\"async\" width=\"150\" height=\"150\" src=\"https:\/\/moniales-ermites.org\/wp-content\/uploads\/2024\/02\/Classeur-Liturgique-Christ-au-tombeau-min-150x150.jpg\" class=\"attachment-thumbnail size-thumbnail\" alt=\"\" srcset=\"https:\/\/moniales-ermites.org\/wp-content\/uploads\/2024\/02\/Classeur-Liturgique-Christ-au-tombeau-min-150x150.jpg 150w, https:\/\/moniales-ermites.org\/wp-content\/uploads\/2024\/02\/Classeur-Liturgique-Christ-au-tombeau-min-300x300.jpg 300w, https:\/\/moniales-ermites.org\/wp-content\/uploads\/2024\/02\/Classeur-Liturgique-Christ-au-tombeau-min-100x100.jpg 100w, https:\/\/moniales-ermites.org\/wp-content\/uploads\/2024\/02\/Classeur-Liturgique-Christ-au-tombeau-min-600x600.jpg 600w\" sizes=\"auto, (max-width: 150px) 100vw, 150px\" \/><\/a>\n\t\t\t<\/dt><\/dl><dl class='gallery-item'>\n\t\t\t<dt class='gallery-icon portrait'>\n\t\t\t\t<a href='https:\/\/moniales-ermites.org\/?attachment_id=2582'><img loading=\"lazy\" decoding=\"async\" width=\"150\" height=\"150\" src=\"https:\/\/moniales-ermites.org\/wp-content\/uploads\/2024\/03\/IMG_7602-compressee-e1710932751387-150x150.jpg\" class=\"attachment-thumbnail size-thumbnail\" alt=\"\" srcset=\"https:\/\/moniales-ermites.org\/wp-content\/uploads\/2024\/03\/IMG_7602-compressee-e1710932751387-150x150.jpg 150w, https:\/\/moniales-ermites.org\/wp-content\/uploads\/2024\/03\/IMG_7602-compressee-e1710932751387-300x300.jpg 300w, https:\/\/moniales-ermites.org\/wp-content\/uploads\/2024\/03\/IMG_7602-compressee-e1710932751387-100x100.jpg 100w\" sizes=\"auto, (max-width: 150px) 100vw, 150px\" \/><\/a>\n\t\t\t<\/dt><\/dl><dl class='gallery-item'>\n\t\t\t<dt class='gallery-icon portrait'>\n\t\t\t\t<a href='https:\/\/moniales-ermites.org\/?attachment_id=2421'><img loading=\"lazy\" decoding=\"async\" width=\"150\" height=\"150\" src=\"https:\/\/moniales-ermites.org\/wp-content\/uploads\/2024\/02\/Modele-Liseuse-Missel-Romain-min-150x150.jpg\" class=\"attachment-thumbnail size-thumbnail\" alt=\"Missel romain\" srcset=\"https:\/\/moniales-ermites.org\/wp-content\/uploads\/2024\/02\/Modele-Liseuse-Missel-Romain-min-150x150.jpg 150w, https:\/\/moniales-ermites.org\/wp-content\/uploads\/2024\/02\/Modele-Liseuse-Missel-Romain-min-300x300.jpg 300w, https:\/\/moniales-ermites.org\/wp-content\/uploads\/2024\/02\/Modele-Liseuse-Missel-Romain-min-100x100.jpg 100w, https:\/\/moniales-ermites.org\/wp-content\/uploads\/2024\/02\/Modele-Liseuse-Missel-Romain-min-600x600.jpg 600w\" sizes=\"auto, (max-width: 150px) 100vw, 150px\" \/><\/a>\n\t\t\t<\/dt><\/dl><dl class='gallery-item'>\n\t\t\t<dt class='gallery-icon portrait'>\n\t\t\t\t<a href='https:\/\/moniales-ermites.org\/?attachment_id=2420'><img loading=\"lazy\" decoding=\"async\" width=\"150\" height=\"150\" src=\"https:\/\/moniales-ermites.org\/wp-content\/uploads\/2024\/02\/Modele-liseuse-lectionnaire-dimanche-Christ-en-gloire-min-150x150.jpg\" class=\"attachment-thumbnail size-thumbnail\" alt=\"Lectionnaire Dimanche\" srcset=\"https:\/\/moniales-ermites.org\/wp-content\/uploads\/2024\/02\/Modele-liseuse-lectionnaire-dimanche-Christ-en-gloire-min-150x150.jpg 150w, https:\/\/moniales-ermites.org\/wp-content\/uploads\/2024\/02\/Modele-liseuse-lectionnaire-dimanche-Christ-en-gloire-min-300x300.jpg 300w, https:\/\/moniales-ermites.org\/wp-content\/uploads\/2024\/02\/Modele-liseuse-lectionnaire-dimanche-Christ-en-gloire-min-100x100.jpg 100w, https:\/\/moniales-ermites.org\/wp-content\/uploads\/2024\/02\/Modele-liseuse-lectionnaire-dimanche-Christ-en-gloire-min-600x600.jpg 600w\" sizes=\"auto, (max-width: 150px) 100vw, 150px\" \/><\/a>\n\t\t\t<\/dt><\/dl><dl class='gallery-item'>\n\t\t\t<dt class='gallery-icon portrait'>\n\t\t\t\t<a href='https:\/\/moniales-ermites.org\/?attachment_id=2818'><img loading=\"lazy\" decoding=\"async\" width=\"150\" height=\"150\" src=\"https:\/\/moniales-ermites.org\/wp-content\/uploads\/2024\/08\/IMG_20240817_170800-150x150.jpg\" class=\"attachment-thumbnail size-thumbnail\" alt=\"\" srcset=\"https:\/\/moniales-ermites.org\/wp-content\/uploads\/2024\/08\/IMG_20240817_170800-150x150.jpg 150w, https:\/\/moniales-ermites.org\/wp-content\/uploads\/2024\/08\/IMG_20240817_170800-300x300.jpg 300w, https:\/\/moniales-ermites.org\/wp-content\/uploads\/2024\/08\/IMG_20240817_170800-100x100.jpg 100w, https:\/\/moniales-ermites.org\/wp-content\/uploads\/2024\/08\/IMG_20240817_170800-600x600.jpg 600w\" sizes=\"auto, (max-width: 150px) 100vw, 150px\" \/><\/a>\n\t\t\t<\/dt><\/dl><br style=\"clear: both\" \/><dl class='gallery-item'>\n\t\t\t<dt class='gallery-icon portrait'>\n\t\t\t\t<a href='https:\/\/moniales-ermites.org\/?attachment_id=3189'><img loading=\"lazy\" decoding=\"async\" width=\"150\" height=\"150\" src=\"https:\/\/moniales-ermites.org\/wp-content\/uploads\/2025\/08\/IMG_20250628_171223-min-150x150.jpg\" class=\"attachment-thumbnail size-thumbnail\" alt=\"\" srcset=\"https:\/\/moniales-ermites.org\/wp-content\/uploads\/2025\/08\/IMG_20250628_171223-min-150x150.jpg 150w, https:\/\/moniales-ermites.org\/wp-content\/uploads\/2025\/08\/IMG_20250628_171223-min-100x100.jpg 100w, https:\/\/moniales-ermites.org\/wp-content\/uploads\/2025\/08\/IMG_20250628_171223-min-600x600.jpg 600w, https:\/\/moniales-ermites.org\/wp-content\/uploads\/2025\/08\/IMG_20250628_171223-min-300x300.jpg 300w\" sizes=\"auto, (max-width: 150px) 100vw, 150px\" \/><\/a>\n\t\t\t<\/dt><\/dl><dl class='gallery-item'>\n\t\t\t<dt class='gallery-icon portrait'>\n\t\t\t\t<a href='https:\/\/moniales-ermites.org\/?attachment_id=2419'><img loading=\"lazy\" decoding=\"async\" width=\"150\" height=\"150\" src=\"https:\/\/moniales-ermites.org\/wp-content\/uploads\/2024\/02\/Modele-Classeur-Liturgique-Bon-Berger-2-min-e1711104599671-150x150.jpg\" class=\"attachment-thumbnail size-thumbnail\" alt=\"\" srcset=\"https:\/\/moniales-ermites.org\/wp-content\/uploads\/2024\/02\/Modele-Classeur-Liturgique-Bon-Berger-2-min-e1711104599671-150x150.jpg 150w, https:\/\/moniales-ermites.org\/wp-content\/uploads\/2024\/02\/Modele-Classeur-Liturgique-Bon-Berger-2-min-e1711104599671-300x300.jpg 300w, https:\/\/moniales-ermites.org\/wp-content\/uploads\/2024\/02\/Modele-Classeur-Liturgique-Bon-Berger-2-min-e1711104599671-100x100.jpg 100w, https:\/\/moniales-ermites.org\/wp-content\/uploads\/2024\/02\/Modele-Classeur-Liturgique-Bon-Berger-2-min-e1711104599671-600x600.jpg 600w\" sizes=\"auto, (max-width: 150px) 100vw, 150px\" \/><\/a>\n\t\t\t<\/dt><\/dl><dl class='gallery-item'>\n\t\t\t<dt class='gallery-icon portrait'>\n\t\t\t\t<a href='https:\/\/moniales-ermites.org\/?attachment_id=2417'><img loading=\"lazy\" decoding=\"async\" width=\"150\" height=\"150\" src=\"https:\/\/moniales-ermites.org\/wp-content\/uploads\/2024\/02\/Modele-Classeur-liturgique-Deisis-sept-23-min-150x150.jpg\" class=\"attachment-thumbnail size-thumbnail\" alt=\"Liseuse de C\u00e9r\u00e9monie\" srcset=\"https:\/\/moniales-ermites.org\/wp-content\/uploads\/2024\/02\/Modele-Classeur-liturgique-Deisis-sept-23-min-150x150.jpg 150w, https:\/\/moniales-ermites.org\/wp-content\/uploads\/2024\/02\/Modele-Classeur-liturgique-Deisis-sept-23-min-300x300.jpg 300w, https:\/\/moniales-ermites.org\/wp-content\/uploads\/2024\/02\/Modele-Classeur-liturgique-Deisis-sept-23-min-100x100.jpg 100w, https:\/\/moniales-ermites.org\/wp-content\/uploads\/2024\/02\/Modele-Classeur-liturgique-Deisis-sept-23-min-600x600.jpg 600w\" sizes=\"auto, (max-width: 150px) 100vw, 150px\" \/><\/a>\n\t\t\t<\/dt><\/dl><dl class='gallery-item'>\n\t\t\t<dt class='gallery-icon portrait'>\n\t\t\t\t<a href='https:\/\/moniales-ermites.org\/?attachment_id=3226'><img loading=\"lazy\" decoding=\"async\" width=\"150\" height=\"150\" src=\"https:\/\/moniales-ermites.org\/wp-content\/uploads\/2024\/02\/Liseuse-Classeur-A5-Mariage-min-150x150.jpg\" class=\"attachment-thumbnail size-thumbnail\" alt=\"\" srcset=\"https:\/\/moniales-ermites.org\/wp-content\/uploads\/2024\/02\/Liseuse-Classeur-A5-Mariage-min-150x150.jpg 150w, https:\/\/moniales-ermites.org\/wp-content\/uploads\/2024\/02\/Liseuse-Classeur-A5-Mariage-min-100x100.jpg 100w, https:\/\/moniales-ermites.org\/wp-content\/uploads\/2024\/02\/Liseuse-Classeur-A5-Mariage-min-600x600.jpg 600w, https:\/\/moniales-ermites.org\/wp-content\/uploads\/2024\/02\/Liseuse-Classeur-A5-Mariage-min-300x300.jpg 300w\" sizes=\"auto, (max-width: 150px) 100vw, 150px\" \/><\/a>\n\t\t\t<\/dt><\/dl><dl class='gallery-item'>\n\t\t\t<dt class='gallery-icon portrait'>\n\t\t\t\t<a href='https:\/\/moniales-ermites.org\/?attachment_id=3045'><img loading=\"lazy\" decoding=\"async\" width=\"150\" height=\"150\" src=\"https:\/\/moniales-ermites.org\/wp-content\/uploads\/2024\/03\/Liseuse-Graduale-Romanum-Agneau-de-Nohant-Vic-150x150.jpg\" class=\"attachment-thumbnail size-thumbnail\" alt=\"\" srcset=\"https:\/\/moniales-ermites.org\/wp-content\/uploads\/2024\/03\/Liseuse-Graduale-Romanum-Agneau-de-Nohant-Vic-150x150.jpg 150w, https:\/\/moniales-ermites.org\/wp-content\/uploads\/2024\/03\/Liseuse-Graduale-Romanum-Agneau-de-Nohant-Vic-100x100.jpg 100w, https:\/\/moniales-ermites.org\/wp-content\/uploads\/2024\/03\/Liseuse-Graduale-Romanum-Agneau-de-Nohant-Vic-600x600.jpg 600w, https:\/\/moniales-ermites.org\/wp-content\/uploads\/2024\/03\/Liseuse-Graduale-Romanum-Agneau-de-Nohant-Vic-300x300.jpg 300w\" sizes=\"auto, (max-width: 150px) 100vw, 150px\" \/><\/a>\n\t\t\t<\/dt><\/dl><dl class='gallery-item'>\n\t\t\t<dt class='gallery-icon portrait'>\n\t\t\t\t<a href='https:\/\/moniales-ermites.org\/?attachment_id=2965'><img loading=\"lazy\" decoding=\"async\" width=\"150\" height=\"150\" src=\"https:\/\/moniales-ermites.org\/wp-content\/uploads\/2024\/03\/Liseuse-Magnificat-GF-150x150.jpg\" class=\"attachment-thumbnail size-thumbnail\" alt=\"\" srcset=\"https:\/\/moniales-ermites.org\/wp-content\/uploads\/2024\/03\/Liseuse-Magnificat-GF-150x150.jpg 150w, https:\/\/moniales-ermites.org\/wp-content\/uploads\/2024\/03\/Liseuse-Magnificat-GF-100x100.jpg 100w, https:\/\/moniales-ermites.org\/wp-content\/uploads\/2024\/03\/Liseuse-Magnificat-GF-600x600.jpg 600w, https:\/\/moniales-ermites.org\/wp-content\/uploads\/2024\/03\/Liseuse-Magnificat-GF-300x300.jpg 300w\" sizes=\"auto, (max-width: 150px) 100vw, 150px\" \/><\/a>\n\t\t\t<\/dt><\/dl><dl class='gallery-item'>\n\t\t\t<dt class='gallery-icon portrait'>\n\t\t\t\t<a href='https:\/\/moniales-ermites.org\/?attachment_id=2962'><img loading=\"lazy\" decoding=\"async\" width=\"150\" height=\"150\" src=\"https:\/\/moniales-ermites.org\/wp-content\/uploads\/2024\/03\/Liseuse-Magnificat-GF-4-150x150.jpg\" class=\"attachment-thumbnail size-thumbnail\" alt=\"\" srcset=\"https:\/\/moniales-ermites.org\/wp-content\/uploads\/2024\/03\/Liseuse-Magnificat-GF-4-150x150.jpg 150w, https:\/\/moniales-ermites.org\/wp-content\/uploads\/2024\/03\/Liseuse-Magnificat-GF-4-100x100.jpg 100w, https:\/\/moniales-ermites.org\/wp-content\/uploads\/2024\/03\/Liseuse-Magnificat-GF-4-600x600.jpg 600w, https:\/\/moniales-ermites.org\/wp-content\/uploads\/2024\/03\/Liseuse-Magnificat-GF-4-300x300.jpg 300w\" sizes=\"auto, (max-width: 150px) 100vw, 150px\" \/><\/a>\n\t\t\t<\/dt><\/dl>\n\t\t\t<br style='clear: both' \/>\n\t\t<\/div>\n\n","protected":false},"excerpt":{"rendered":"<p>Liseuse pour les c\u00e9l\u00e9brations liturgiques. Porte documents A4 de 30 vues inclus.<\/p>\n<p>Composition : Cuir. Couleurs rouge grenat, marron, blanc, vert, bleu pour du cuir chagrin. Pour du cuir lisse : marron fonc\u00e9, marron beige, bordeaux, bleu, jaune, blanc.<\/p>\n<p>Le motif peut-\u00eatre adapt\u00e9 \u00e0 vos souhaits, dans le cadre r\u00e9serv\u00e9 pour cela au moment de passer votre commande.<\/p>\n<p class=\"cadre-court\"><i class=\"fa fa-heart-o\" style=\"font-size: 20px;\"><\/i> Produit artisanal de notre atelier monastique r\u00e9alis\u00e9 \u00e0 la main par les s\u0153urs.<\/p>\n","protected":false},"featured_media":3243,"template":"","meta":[],"product_cat":[22],"product_tag":[],"class_list":{"0":"post-2383","1":"product","2":"type-product","3":"status-publish","4":"has-post-thumbnail","6":"product_cat-liseuses-et-articles-pour-la-liturgie","8":"first","9":"instock","10":"featured","11":"shipping-taxable","12":"purchasable","13":"product-type-variable"},"_links":{"self":[{"href":"https:\/\/moniales-ermites.org\/index.php\/wp-json\/wp\/v2\/product\/2383","targetHints":{"allow":["GET"]}}],"collection":[{"href":"https:\/\/moniales-ermites.org\/index.php\/wp-json\/wp\/v2\/product"}],"about":[{"href":"https:\/\/moniales-ermites.org\/index.php\/wp-json\/wp\/v2\/types\/product"}],"wp:featuredmedia":[{"embeddable":true,"href":"https:\/\/moniales-ermites.org\/index.php\/wp-json\/wp\/v2\/media\/3243"}],"wp:attachment":[{"href":"https:\/\/moniales-ermites.org\/index.php\/wp-json\/wp\/v2\/media?parent=2383"}],"wp:term":[{"taxonomy":"product_cat","embeddable":true,"href":"https:\/\/moniales-ermites.org\/index.php\/wp-json\/wp\/v2\/product_cat?post=2383"},{"taxonomy":"product_tag","embeddable":true,"href":"https:\/\/moniales-ermites.org\/index.php\/wp-json\/wp\/v2\/product_tag?post=2383"}],"curies":[{"name":"wp","href":"https:\/\/api.w.org\/{rel}","templated":true}]}}