{"id":723,"date":"2019-04-10T19:45:38","date_gmt":"2019-04-10T17:45:38","guid":{"rendered":"http:\/\/moniales-ermites.org\/?page_id=723"},"modified":"2023-09-21T14:32:42","modified_gmt":"2023-09-21T12:32:42","slug":"nous-aider","status":"publish","type":"page","link":"https:\/\/moniales-ermites.org\/index.php\/nous-aider\/","title":{"rendered":"Nous aider"},"content":{"rendered":"<div class=\"wpb-content-wrapper\"><p>[vc_row][vc_column][vc_column_text]<\/p>\n<h1><span style=\"color: #800000;\">Nous aider<\/span><\/h1>\n<p>[\/vc_column_text][\/vc_column][\/vc_row][vc_row][vc_column][vc_single_image image=\u00a0\u00bb754&Prime; alignment=\u00a0\u00bbcenter\u00a0\u00bb][\/vc_column][\/vc_row][vc_row][vc_column][vc_column_text]Pour faire un <strong>don en ligne<\/strong>, avec re\u00e7u fiscal, RDV sur cette page (attention, bien d\u00e9rouler le menu d\u00e9roulant de la colonne de gauche pour s\u00e9lectionner notre projet) : <a href=\"https:\/\/dons.diocese-bourges.org\/souscription\/~mon-don\">Un monast\u00e8re pour les Moniales Ermites de la Vierge Marie<\/a><\/p>\n<p>&nbsp;<\/p>\n<p>Pour faire un <strong>don par ch\u00e8que<\/strong>, avec re\u00e7u fiscal\u00a0:<\/p>\n<p>Ch\u00e8que \u00e0 l\u2019ordre de<\/p>\n<p style=\"padding-left: 40px;\"><strong>ADB \u2013 Moniales de Courtioux<\/strong><\/p>\n<p>\u00e0 envoyer \u00e0 notre adresse :<\/p>\n<p style=\"padding-left: 40px;\">Moniales Ermites de la Vierge Marie<br \/>\n4, route de Courtioux<br \/>\n36\u00a0230 Mers-sur-Indre<\/p>\n<p>&nbsp;<\/p>\n<p>Pour d\u2019autres formes de dons : nous contacter.[\/vc_column_text][\/vc_column][\/vc_row][vc_row][vc_column][vc_column_text]<\/p>\n<h3 style=\"text-align: center;\"><span style=\"color: #800000;\">D&rsquo;avance, nous vous remercions de tout c\u0153ur !<\/span><\/h3>\n<p>[\/vc_column_text][\/vc_column][\/vc_row][vc_row][vc_column][vc_single_image image=\u00a0\u00bb755&Prime; alignment=\u00a0\u00bbcenter\u00a0\u00bb][\/vc_column][\/vc_row]<\/p>\n<\/div>","protected":false},"excerpt":{"rendered":"<p>[vc_row][vc_column][vc_column_text] Nous aider [\/vc_column_text][\/vc_column][\/vc_row][vc_row][vc_column][vc_single_image image=\u00a0\u00bb754&Prime; alignment=\u00a0\u00bbcenter\u00a0\u00bb][\/vc_column][\/vc_row][vc_row][vc_column][vc_column_text]Pour faire un don en ligne, avec re\u00e7u fiscal, RDV sur cette page (attention, bien d\u00e9rouler le menu d\u00e9roulant de la colonne de gauche pour s\u00e9lectionner notre projet) : Un monast\u00e8re pour les Moniales Ermites de la Vierge Marie &nbsp; Pour faire un don par ch\u00e8que, avec re\u00e7u fiscal\u00a0: Ch\u00e8que [&hellip;]<\/p>\n","protected":false},"author":2,"featured_media":0,"parent":0,"menu_order":0,"comment_status":"closed","ping_status":"closed","template":"","meta":{"footnotes":""},"class_list":["post-723","page","type-page","status-publish","hentry"],"_links":{"self":[{"href":"https:\/\/moniales-ermites.org\/index.php\/wp-json\/wp\/v2\/pages\/723","targetHints":{"allow":["GET"]}}],"collection":[{"href":"https:\/\/moniales-ermites.org\/index.php\/wp-json\/wp\/v2\/pages"}],"about":[{"href":"https:\/\/moniales-ermites.org\/index.php\/wp-json\/wp\/v2\/types\/page"}],"author":[{"embeddable":true,"href":"https:\/\/moniales-ermites.org\/index.php\/wp-json\/wp\/v2\/users\/2"}],"replies":[{"embeddable":true,"href":"https:\/\/moniales-ermites.org\/index.php\/wp-json\/wp\/v2\/comments?post=723"}],"version-history":[{"count":10,"href":"https:\/\/moniales-ermites.org\/index.php\/wp-json\/wp\/v2\/pages\/723\/revisions"}],"predecessor-version":[{"id":2320,"href":"https:\/\/moniales-ermites.org\/index.php\/wp-json\/wp\/v2\/pages\/723\/revisions\/2320"}],"wp:attachment":[{"href":"https:\/\/moniales-ermites.org\/index.php\/wp-json\/wp\/v2\/media?parent=723"}],"curies":[{"name":"wp","href":"https:\/\/api.w.org\/{rel}","templated":true}]}}