{"id":604,"date":"2019-04-10T20:04:03","date_gmt":"2019-04-10T18:04:03","guid":{"rendered":"http:\/\/moniales-ermites.org\/?page_id=604"},"modified":"2019-04-27T18:03:31","modified_gmt":"2019-04-27T16:03:31","slug":"la-chapelle","status":"publish","type":"page","link":"https:\/\/moniales-ermites.org\/index.php\/la-chapelle\/","title":{"rendered":"La chapelle"},"content":{"rendered":"<div class=\"wpb-content-wrapper\"><p>[vc_row][vc_column][vc_column_text]<\/p>\n<h1><span style=\"color: #800000;\">La chapelle<\/span><\/h1>\n<p>[\/vc_column_text][\/vc_column][\/vc_row][vc_row][vc_column][vc_single_image image=\u00a0\u00bb726&Prime; img_size=\u00a0\u00bbmedium\u00a0\u00bb alignment=\u00a0\u00bbcenter\u00a0\u00bb][\/vc_column][\/vc_row][vc_row][vc_column][vc_column_text]<\/p>\n<p style=\"text-align: justify;\"><span style=\"color: #808080;\">Le 20 octobre 2018 a eu lieu l\u2019inauguration de notre nouvelle chapelle, sous la pr\u00e9sidence de notre archev\u00eaque Monseigneur J\u00e9r\u00f4me Beau, qui en a d\u00e9dicac\u00e9 l\u2019autel\u00a0: une c\u00e9r\u00e9monie dense qui restera dans nos m\u00e9moires, et dans celle de tous nos amis venus nombreux nous accompagner.<\/span><\/p>\n<p style=\"text-align: justify;\"><span style=\"color: #808080;\">Cette chapelle est con\u00e7ue pour \u00eatre le c\u0153ur du Centre Saint-Jean-de-la-Croix, commune \u00e0 la fois \u00e0 notre communaut\u00e9 et aux autres membres du Centre, avec les retraitants et les amis du Centre.<\/span><\/p>\n<p style=\"text-align: justify;\"><span style=\"color: #808080;\">Nous y c\u00e9l\u00e9brons d\u00e9sormais l\u2019eucharistie quotidienne et la plus grande partie des heures de l\u2019office. Nous rendons gr\u00e2ce \u00e0 Dieu pour ce lieu sacr\u00e9 dont la beaut\u00e9 et la riche acoustique nous aident \u00e0 prier.<\/span><\/p>\n<p style=\"text-align: justify;\"><span style=\"color: #808080;\">Voici quelques photos de cette messe de d\u00e9dicace, suivie le lendemain de la b\u00e9n\u00e9diction de la cloche, nomm\u00e9e \u00ab\u00a0Marie-Rose\u00a0\u00bb en m\u00e9moire de Melle Marie-Rose Cendron, dont la g\u00e9n\u00e9rosit\u00e9 a permis en partie la construction de la chapelle.<\/span><\/p>\n<p>[\/vc_column_text][\/vc_column][\/vc_row][vc_row][vc_column width=\u00a0\u00bb1\/4&Prime; css=\u00a0\u00bb.vc_custom_1556380966162{margin-right: 200px !important;margin-left: 200px !important;}\u00a0\u00bb][\/vc_column][vc_column width=\u00a0\u00bb1\/2&Prime;][vc_column_text]<\/p>\n<div class=\"n2-has-copy n2-code n2-ss-slider-shortcode-id\"><\/div>\n<p>[\/vc_column_text][\/vc_column][vc_column width=\u00a0\u00bb1\/4&Prime;][\/vc_column][\/vc_row]<\/p>\n<\/div>","protected":false},"excerpt":{"rendered":"<p>[vc_row][vc_column][vc_column_text] La chapelle [\/vc_column_text][\/vc_column][\/vc_row][vc_row][vc_column][vc_single_image image=\u00a0\u00bb726&Prime; img_size=\u00a0\u00bbmedium\u00a0\u00bb alignment=\u00a0\u00bbcenter\u00a0\u00bb][\/vc_column][\/vc_row][vc_row][vc_column][vc_column_text] Le 20 octobre 2018 a eu lieu l\u2019inauguration de notre nouvelle chapelle, sous la pr\u00e9sidence de notre archev\u00eaque Monseigneur J\u00e9r\u00f4me Beau, qui en a d\u00e9dicac\u00e9 l\u2019autel\u00a0: une c\u00e9r\u00e9monie dense qui restera dans nos m\u00e9moires, et dans celle de tous nos amis venus nombreux nous accompagner. Cette chapelle est [&hellip;]<\/p>\n","protected":false},"author":2,"featured_media":0,"parent":0,"menu_order":0,"comment_status":"closed","ping_status":"closed","template":"","meta":{"footnotes":""},"class_list":["post-604","page","type-page","status-publish","hentry"],"_links":{"self":[{"href":"https:\/\/moniales-ermites.org\/index.php\/wp-json\/wp\/v2\/pages\/604","targetHints":{"allow":["GET"]}}],"collection":[{"href":"https:\/\/moniales-ermites.org\/index.php\/wp-json\/wp\/v2\/pages"}],"about":[{"href":"https:\/\/moniales-ermites.org\/index.php\/wp-json\/wp\/v2\/types\/page"}],"author":[{"embeddable":true,"href":"https:\/\/moniales-ermites.org\/index.php\/wp-json\/wp\/v2\/users\/2"}],"replies":[{"embeddable":true,"href":"https:\/\/moniales-ermites.org\/index.php\/wp-json\/wp\/v2\/comments?post=604"}],"version-history":[{"count":19,"href":"https:\/\/moniales-ermites.org\/index.php\/wp-json\/wp\/v2\/pages\/604\/revisions"}],"predecessor-version":[{"id":1056,"href":"https:\/\/moniales-ermites.org\/index.php\/wp-json\/wp\/v2\/pages\/604\/revisions\/1056"}],"wp:attachment":[{"href":"https:\/\/moniales-ermites.org\/index.php\/wp-json\/wp\/v2\/media?parent=604"}],"curies":[{"name":"wp","href":"https:\/\/api.w.org\/{rel}","templated":true}]}}