{"id":534,"date":"2019-02-18T17:52:53","date_gmt":"2019-02-18T16:52:53","guid":{"rendered":"http:\/\/moniales-ermites.org\/?page_id=534"},"modified":"2021-04-12T10:19:38","modified_gmt":"2021-04-12T08:19:38","slug":"le-futur-monastere","status":"publish","type":"page","link":"https:\/\/moniales-ermites.org\/index.php\/le-futur-monastere\/","title":{"rendered":"Le futur monast\u00e8re"},"content":{"rendered":"<div class=\"wpb-content-wrapper\"><p>[vc_row][vc_column][vc_column_text]<\/p>\n<h1><span style=\"color: #800000;\">Notre futur monast\u00e8re<\/span><\/h1>\n<p>[\/vc_column_text][vc_column_text]<span style=\"color: #808080;\">Actuellement h\u00e9berg\u00e9es dans des b\u00e2timents provisoires, nous avons en perspective la construction d\u2019un monast\u00e8re bien adapt\u00e9 \u00e0 notre vocation semi-\u00e9r\u00e9mitique, selon la r\u00e8gle du Carmel.<\/span>[\/vc_column_text][vc_single_image image=\u00a0\u00bb1336&Prime; img_size=\u00a0\u00bb800&#215;450&Prime; add_caption=\u00a0\u00bbyes\u00a0\u00bb alignment=\u00a0\u00bbcenter\u00a0\u00bb][vc_single_image image=\u00a0\u00bb1354&Prime; img_size=\u00a0\u00bb800&#215;450&Prime; add_caption=\u00a0\u00bbyes\u00a0\u00bb alignment=\u00a0\u00bbcenter\u00a0\u00bb][vc_single_image image=\u00a0\u00bb764&Prime; img_size=\u00a0\u00bbfull\u00a0\u00bb alignment=\u00a0\u00bbcenter\u00a0\u00bb][\/vc_column][\/vc_row][vc_row][vc_column][vc_column_text]<span style=\"color: gray;\">Ce petit monast\u00e8re, qui permettra d\u2019accueillir au total une douzaine de s\u0153urs, est form\u00e9 de deux ensembles de b\u00e2timents\u00a0:<\/span><\/p>\n<p><span style=\"color: gray;\">\u2014 Les ermitages, qui nous permettront de vivre le pr\u00e9cepte central de notre R\u00e8gle\u00a0: \u00ab\u00a0Que chacun demeure seul, dans sa cellule ou pr\u00e8s d\u2019elle, m\u00e9ditant jour et nuit la loi du Seigneur.\u00a0\u00bb<\/span><\/p>\n<p><span style=\"color: gray;\">\u2014 Les b\u00e2timents communautaires\u00a0: les pi\u00e8ces n\u00e9cessaires \u00e0 notre vie commune (r\u00e9fectoire, salle de communaut\u00e9, cuisine, buanderie\u2026)\u00a0; un autre ensemble constitue la partie accueil\u00a0: parloirs, salle \u00e0 manger et chambres pour les h\u00f4tes de passage.<\/span><\/p>\n<p style=\"text-align: justify;\"><span style=\"color: gray;\">Nos ermitages, group\u00e9s deux par deux pour des questions de co\u00fbt, mais s\u00e9par\u00e9s entre eux par un vrai mur qui permettra un r\u00e9el silence pour chacune, seront de v\u00e9ritables lieux de vie\u00a0: au rez-de-chauss\u00e9e, une pi\u00e8ce de travail, assez vaste pour abriter les diverses machines dont le travail moderne ne saurait se passer, et nous permettre de travailler sereinement en pr\u00e9sence, du Seigneur recherch\u00e9 dans la solitude\u00a0; \u00e0 l\u2019\u00e9tage, une mezzanine abritera le lieu de coucher, pri\u00e8re, lecture spirituelle de la s\u0153ur.<\/span><\/p>\n<p style=\"text-align: justify;\"><span style=\"color: gray;\">Ils sont dispos\u00e9s en arc de cercle et tourn\u00e9s vers le ch\u0153ur de la chapelle, vrai centre d\u2019o\u00f9 rayonne tout le reste de notre vie solitaire, et vers o\u00f9 se tourne notre pri\u00e8re d\u2019intercession pour le monde.<\/span><\/p>\n<p>[\/vc_column_text][\/vc_column][\/vc_row][vc_row][vc_column][vc_single_image image=\u00a0\u00bb762&Prime; img_size=\u00a0\u00bbfull\u00a0\u00bb alignment=\u00a0\u00bbcenter\u00a0\u00bb][\/vc_column][\/vc_row][vc_row][vc_column][vc_column_text]<\/p>\n<p style=\"text-align: justify;\"><span style=\"color: gray;\">Le b\u00e2timent communautaire refl\u00e8te d\u2019autres prescriptions de notre r\u00e8gle\u00a0: \u00ab\u00a0vous prendrez vos repas dans un r\u00e9fectoire commun, \u00e9coutant ensemble la lecture d\u2019un passage de la sainte \u00e9criture\u00a0\u00bb\u00a0; \u00ab\u00a0Vous vous r\u00e9unirez pour traiter ensemble de la garde de l\u2019Ordre et du salut des \u00e2mes\u00a0\u00bb. Nous sommes en effet des ermites vivant en communaut\u00e9, avec une certaine part de rencontres chaque jour, et un lien d\u2019ob\u00e9issance envers une prieure.<\/span><\/p>\n<p style=\"text-align: justify;\"><span style=\"color: gray;\">L\u2019accueil est pens\u00e9 au minimum, conform\u00e9ment \u00e0 notre tradition \u00e9r\u00e9mitique\u00a0; situ\u00e9 \u00e0 angle droit du b\u00e2timent communautaire, il permettra de recevoir nos h\u00f4tes, en particulier nos familles et les candidates \u00e0 notre vie monastique, sans nuire au recueillement de la communaut\u00e9.<\/span><\/p>\n<p>[\/vc_column_text][\/vc_column][\/vc_row][vc_row][vc_column][vc_single_image image=\u00a0\u00bb763&Prime; img_size=\u00a0\u00bbfull\u00a0\u00bb alignment=\u00a0\u00bbcenter\u00a0\u00bb][\/vc_column][\/vc_row][vc_row][vc_column][vc_column_text]<\/p>\n<p style=\"text-align: justify;\"><span style=\"color: gray;\">Nous avons voulu l\u2019ensemble petit et pauvre, avec seulement les pi\u00e8ces n\u00e9cessaires. Mais m\u00eame ainsi la construction a un co\u00fbt, qui d\u00e9passe tr\u00e8s largement nos possibilit\u00e9s financi\u00e8res ! Nous esp\u00e9rons commencer \u00e0 mener \u00e0 bien les premiers travaux, d\u00e8s 2020, sachant que nous ne disposons pour le moment que de quoi proc\u00e9der \u00e0 la viabilisation du terrain (rien n\u2019existe pour le moment) et \u00e0 la construction de trois ermitages doubles (logement pour six s\u0153urs), et que nous envisageons, \u00e0 la demande de notre \u00e9v\u00eaque, d&rsquo;en construire quatre d\u00e8s maintenant.<\/span><\/p>\n<p style=\"text-align: justify;\"><span style=\"color: gray;\">Mener \u00e0 bien cette construction serait vital pour nous, car notre vocation exige un espace adapt\u00e9, nous permettant d\u2019\u00eatre vraiment ce que nous sommes.<\/span><\/p>\n<p style=\"text-align: justify;\"><span style=\"color: gray;\">Il est \u00e9galement tr\u00e8s important d\u2019offrir aux postulantes et novices un lieu refl\u00e9tant r\u00e9ellement le genre de vie qu\u2019elles souhaitent embrasser, et de leur permettre de vivre dans la s\u00e9r\u00e9nit\u00e9 les ann\u00e9es de la formation initiale, exigeantes en termes de don de soi et d\u2019adaptation \u00e0 un tout nouveau rythme\u00a0: leur r\u00e9ponse g\u00e9n\u00e9reuse au Seigneur en d\u00e9pend en grande partie\u00a0!<\/span><\/p>\n<p>&nbsp;<\/p>\n<p>Donner pour nos constructions : RDV sur la page <a href=\"http:\/\/moniales-ermites.org\/index.php\/nous-aider\/\">\u00ab\u00a0Nous aider\u00a0\u00bb<\/a>[\/vc_column_text][\/vc_column][\/vc_row]<\/p>\n<\/div>","protected":false},"excerpt":{"rendered":"<p>[vc_row][vc_column][vc_column_text] Notre futur monast\u00e8re [\/vc_column_text][vc_column_text]Actuellement h\u00e9berg\u00e9es dans des b\u00e2timents provisoires, nous avons en perspective la construction d\u2019un monast\u00e8re bien adapt\u00e9 \u00e0 notre vocation semi-\u00e9r\u00e9mitique, selon la r\u00e8gle du Carmel.[\/vc_column_text][vc_single_image image=\u00a0\u00bb1336&Prime; img_size=\u00a0\u00bb800&#215;450&Prime; add_caption=\u00a0\u00bbyes\u00a0\u00bb alignment=\u00a0\u00bbcenter\u00a0\u00bb][vc_single_image image=\u00a0\u00bb1354&Prime; img_size=\u00a0\u00bb800&#215;450&Prime; add_caption=\u00a0\u00bbyes\u00a0\u00bb alignment=\u00a0\u00bbcenter\u00a0\u00bb][vc_single_image image=\u00a0\u00bb764&Prime; img_size=\u00a0\u00bbfull\u00a0\u00bb alignment=\u00a0\u00bbcenter\u00a0\u00bb][\/vc_column][\/vc_row][vc_row][vc_column][vc_column_text]Ce petit monast\u00e8re, qui permettra d\u2019accueillir au total une douzaine de s\u0153urs, est form\u00e9 de deux [&hellip;]<\/p>\n","protected":false},"author":1,"featured_media":0,"parent":0,"menu_order":0,"comment_status":"closed","ping_status":"closed","template":"","meta":{"footnotes":""},"class_list":["post-534","page","type-page","status-publish","hentry"],"_links":{"self":[{"href":"https:\/\/moniales-ermites.org\/index.php\/wp-json\/wp\/v2\/pages\/534","targetHints":{"allow":["GET"]}}],"collection":[{"href":"https:\/\/moniales-ermites.org\/index.php\/wp-json\/wp\/v2\/pages"}],"about":[{"href":"https:\/\/moniales-ermites.org\/index.php\/wp-json\/wp\/v2\/types\/page"}],"author":[{"embeddable":true,"href":"https:\/\/moniales-ermites.org\/index.php\/wp-json\/wp\/v2\/users\/1"}],"replies":[{"embeddable":true,"href":"https:\/\/moniales-ermites.org\/index.php\/wp-json\/wp\/v2\/comments?post=534"}],"version-history":[{"count":11,"href":"https:\/\/moniales-ermites.org\/index.php\/wp-json\/wp\/v2\/pages\/534\/revisions"}],"predecessor-version":[{"id":1820,"href":"https:\/\/moniales-ermites.org\/index.php\/wp-json\/wp\/v2\/pages\/534\/revisions\/1820"}],"wp:attachment":[{"href":"https:\/\/moniales-ermites.org\/index.php\/wp-json\/wp\/v2\/media?parent=534"}],"curies":[{"name":"wp","href":"https:\/\/api.w.org\/{rel}","templated":true}]}}