{"id":44,"date":"2018-08-26T01:30:47","date_gmt":"2018-08-25T23:30:47","guid":{"rendered":"http:\/\/moniales-ermites.org\/?page_id=44"},"modified":"2025-02-25T16:12:19","modified_gmt":"2025-02-25T15:12:19","slug":"nous-contacter","status":"publish","type":"page","link":"https:\/\/moniales-ermites.org\/index.php\/nous-contacter\/","title":{"rendered":"Contact"},"content":{"rendered":"<div class=\"wpb-content-wrapper\"><p>[vc_row][vc_column][vc_row_inner][vc_column_inner width=\u00a0\u00bb3\/4&Prime;][\/vc_column_inner][vc_column_inner width=\u00a0\u00bb1\/4&Prime;][vc_single_image image=\u00a0\u00bb489&Prime; img_size=\u00a0\u00bb281&#215;406&Prime;][\/vc_column_inner][\/vc_row_inner][\/vc_column][vc_column width=\u00a0\u00bb1\/4&Prime;][vc_single_image image=\u00a0\u00bb492&Prime;][\/vc_column][vc_column width=\u00a0\u00bb1\/2&Prime;][vc_column_text]<\/p>\n<p class=\"Intitul\u00e9 P-4\"><span style=\"color: #808080;\"><span class=\"C-2\">Moniales Ermites de la Vierge Marie<br \/>\nCentre Saint Jean de la Croix<br \/>\n4 route de Courtioux<br \/>\n<\/span><span class=\"C-2\">36230 MERS sur INDRE<\/span><\/span>[\/vc_column_text][\/vc_column][vc_column width=\u00a0\u00bb1\/4&Prime;][vc_column_text css=\u00a0\u00bb\u00a0\u00bb]<a href=\"https:\/\/maps.app.goo.gl\/nSWKA7YquHy7vfm59\"><img loading=\"lazy\" decoding=\"async\" class=\"alignnone wp-image-496 size-medium\" src=\"https:\/\/moniales-ermites.org\/wp-content\/uploads\/2018\/12\/Capture-300x198.png\" alt=\"\" width=\"300\" height=\"198\" srcset=\"https:\/\/moniales-ermites.org\/wp-content\/uploads\/2018\/12\/Capture-300x198.png 300w, https:\/\/moniales-ermites.org\/wp-content\/uploads\/2018\/12\/Capture-30x20.png 30w, https:\/\/moniales-ermites.org\/wp-content\/uploads\/2018\/12\/Capture.png 316w\" sizes=\"auto, (max-width: 300px) 100vw, 300px\" \/><\/a>[\/vc_column_text][\/vc_column][\/vc_row][vc_row][vc_column width=\u00a0\u00bb1\/4&Prime;][vc_single_image image=\u00a0\u00bb493&Prime;][\/vc_column][vc_column width=\u00a0\u00bb1\/2&Prime;][vc_column_text]<\/p>\n<p class=\"Profil-utilisateur-1 P-5\"><span class=\"C-2\" style=\"color: #808080;\">(00 33) <b>09 60 05 13 32<span style=\"color: #888888;\"><br \/>\n<\/span><\/b><\/span><\/p>\n<p class=\"Profil-utilisateur-1 P-5\"><span class=\"C-9\" style=\"color: #808080;\">De pr\u00e9f\u00e9rence entre 10 h et 12 h le matin, 14 h 30 et 17 h l\u2019apr\u00e8s-<wbr \/>midi.<\/span><\/p>\n<p>[\/vc_column_text][\/vc_column][vc_column width=\u00a0\u00bb1\/4&Prime;][vc_single_image image=\u00a0\u00bb715&Prime; img_size=\u00a0\u00bb468&#215;268&Prime;][\/vc_column][\/vc_row][vc_row][vc_column width=\u00a0\u00bb1\/4&Prime;][vc_single_image image=\u00a0\u00bb494&Prime;][\/vc_column][vc_column width=\u00a0\u00bb1\/2&Prime;][vc_column_text]<\/p>\n<p class=\"Corps P-7\"><a href=\"mailto:courtiouxmonialesermites@gmail.com\"><span class=\"C-10\">courtiouxmonialesermites@gmail.com<\/span><\/a><\/p>\n<p>[\/vc_column_text][\/vc_column][vc_column width=\u00a0\u00bb1\/4&Prime;][\/vc_column][\/vc_row][vc_row][vc_column][vc_column_text]<\/p>\n<h3 class=\"Normal P-1\"><span class=\"C-1\" style=\"color: #800000;\">Nous aider<\/span><\/h3>\n<p class=\"Normal P-2\" style=\"text-align: justify;\"><span class=\"C-2\" style=\"color: #808080;\">Si vous souhaitez nous aider financi\u00e8rement, vous pouvez nous adresser vos dons par ch\u00e8que \u00e0 l\u2019ordre <\/span><\/p>\n<p class=\"Normal P-2\" style=\"padding-left: 40px; text-align: center;\"><span style=\"color: #808080;\"><strong><span class=\"C-2\"><span class=\"C-3\">Association d\u2019aide aux moniales de Courtioux, ou Moniales de Courtioux.<\/span><\/span><\/strong><\/span><\/p>\n<p class=\"Normal P-3\" style=\"text-align: justify;\"><span class=\"C-2\" style=\"color: #808080;\">Si vous souhaitez nous aider par des dons en nature ou d\u2019autres formes d\u2019aide, merci de nous contacter.<\/span><\/p>\n<p class=\"Normal P-3\" style=\"text-align: justify;\"><span class=\"C-2\" style=\"color: #808080;\">\u00c0 tous nos bienfaiteurs, merci\u00a0! Soyez assur\u00e9s de notre pri\u00e8re \u00e0 toutes vos intentions.<\/span><\/p>\n<p>[\/vc_column_text][\/vc_column][\/vc_row]<\/p>\n<\/div>","protected":false},"excerpt":{"rendered":"<p>[vc_row][vc_column][vc_row_inner][vc_column_inner width=\u00a0\u00bb3\/4&Prime;][\/vc_column_inner][vc_column_inner width=\u00a0\u00bb1\/4&Prime;][vc_single_image image=\u00a0\u00bb489&Prime; img_size=\u00a0\u00bb281&#215;406&Prime;][\/vc_column_inner][\/vc_row_inner][\/vc_column][vc_column width=\u00a0\u00bb1\/4&Prime;][vc_single_image image=\u00a0\u00bb492&Prime;][\/vc_column][vc_column width=\u00a0\u00bb1\/2&Prime;][vc_column_text] Moniales Ermites de la Vierge Marie Centre Saint Jean de la Croix 4 route de Courtioux 36230 MERS sur INDRE[\/vc_column_text][\/vc_column][vc_column width=\u00a0\u00bb1\/4&Prime;][vc_column_text css=\u00a0\u00bb\u00a0\u00bb][\/vc_column_text][\/vc_column][\/vc_row][vc_row][vc_column width=\u00a0\u00bb1\/4&Prime;][vc_single_image image=\u00a0\u00bb493&Prime;][\/vc_column][vc_column width=\u00a0\u00bb1\/2&Prime;][vc_column_text] (00 33) 09 60 05 13 32 De pr\u00e9f\u00e9rence entre 10 h et 12 h le matin, 14 h 30 et 17 [&hellip;]<\/p>\n","protected":false},"author":1,"featured_media":0,"parent":0,"menu_order":0,"comment_status":"closed","ping_status":"closed","template":"","meta":{"footnotes":""},"class_list":["post-44","page","type-page","status-publish","hentry"],"_links":{"self":[{"href":"https:\/\/moniales-ermites.org\/index.php\/wp-json\/wp\/v2\/pages\/44","targetHints":{"allow":["GET"]}}],"collection":[{"href":"https:\/\/moniales-ermites.org\/index.php\/wp-json\/wp\/v2\/pages"}],"about":[{"href":"https:\/\/moniales-ermites.org\/index.php\/wp-json\/wp\/v2\/types\/page"}],"author":[{"embeddable":true,"href":"https:\/\/moniales-ermites.org\/index.php\/wp-json\/wp\/v2\/users\/1"}],"replies":[{"embeddable":true,"href":"https:\/\/moniales-ermites.org\/index.php\/wp-json\/wp\/v2\/comments?post=44"}],"version-history":[{"count":34,"href":"https:\/\/moniales-ermites.org\/index.php\/wp-json\/wp\/v2\/pages\/44\/revisions"}],"predecessor-version":[{"id":3076,"href":"https:\/\/moniales-ermites.org\/index.php\/wp-json\/wp\/v2\/pages\/44\/revisions\/3076"}],"wp:attachment":[{"href":"https:\/\/moniales-ermites.org\/index.php\/wp-json\/wp\/v2\/media?parent=44"}],"curies":[{"name":"wp","href":"https:\/\/api.w.org\/{rel}","templated":true}]}}