{"id":42,"date":"2018-08-26T01:30:24","date_gmt":"2018-08-25T23:30:24","guid":{"rendered":"http:\/\/moniales-ermites.org\/?page_id=42"},"modified":"2019-04-27T17:41:50","modified_gmt":"2019-04-27T15:41:50","slug":"reperes-humains","status":"publish","type":"page","link":"https:\/\/moniales-ermites.org\/index.php\/reperes-humains\/","title":{"rendered":"Rep\u00e8res humains"},"content":{"rendered":"<div class=\"wpb-content-wrapper\"><p>[vc_row][vc_column][vc_column_text]<\/p>\n<h1><span style=\"color: #800080;\">Rep\u00e8res humains<\/span><\/h1>\n<p>[\/vc_column_text][\/vc_column][\/vc_row][vc_row css=\u00a0\u00bb.vc_custom_1556379708200{background-color: #d6c5e2 !important;}\u00a0\u00bb][vc_column width=\u00a0\u00bb1\/4&Prime;][\/vc_column][vc_column width=\u00a0\u00bb3\/4&Prime;][vc_column_text css=\u00a0\u00bb.vc_custom_1556379586676{border-radius: 2px !important;}\u00a0\u00bb]<\/p>\n<div>\n<p class=\"Standard P-3\" style=\"text-align: justify;\"><strong><span class=\"C-5\" style=\"color: #800080;\">Cette rubrique vous proposera r\u00e9guli\u00e8rement <\/span><span class=\"C-5\" style=\"color: #800080;\">quelques rep\u00e8res d&rsquo;anthropologie chr\u00e9tienne. <\/span><\/strong><\/p>\n<\/div>\n<div>\n<p class=\"Standard P-6\" style=\"text-align: justify;\"><strong><span class=\"C-5\" style=\"color: #800080;\">En effet la vie spirituelle pour se d\u00e9velopper doit avoir des racines, et ces racines sont essentiellement la mani\u00e8re dont nous vivons l&rsquo;harmonie corps-<wbr \/>\u00e2me-<wbr \/>esprit, ce qui de nos jours ne va plus toujours de soi.<\/span><\/strong><\/p>\n<p class=\"Standard P-4\" style=\"text-align: justify;\"><strong><span class=\"C-5\" style=\"color: #800080;\">Nous donnerons ici aux parents et \u00e9ducateurs chr\u00e9tiens des outils simples, efficaces, test\u00e9s et r\u00e9fl\u00e9chis par des professionnels ayant ce souci de l&rsquo;\u00e9veil d&rsquo;une personnalit\u00e9 vers la libert\u00e9 et la v\u00e9rit\u00e9, permettant la recherche du sens.<\/span><\/strong><\/p>\n<p class=\"Standard P-7\" style=\"text-align: right;\"><strong><span class=\"C-5\" style=\"color: #800080;\">Marie-<wbr \/>Odile<\/span><\/strong><\/p>\n<p class=\"Normal P-9\"><em><span class=\"C-9\" style=\"color: #800080;\">Marie-<wbr \/>Odile est membre titulaire de notre Famille Saint-<wbr \/>Jean de la Croix, elle est praticienne Vittoz et a suivi des sessions de formation de Madame Nuyts, elle aide les enfants en difficult\u00e9 scolaire ainsi que leurs parents.<\/span><\/em><\/p>\n<\/div>\n<p>[\/vc_column_text][\/vc_column][\/vc_row][vc_row][vc_column width=\u00a0\u00bb5\/6&Prime;][vc_column_text]<ul class=\"display-posts-listing\"><li class=\"listing-item\"><a class=\"title\" href=\"https:\/\/moniales-ermites.org\/index.php\/2022\/06\/16\/limagination\/\">L&rsquo;imagination<\/a><div class=\"content\"><div class=\"wpb-content-wrapper\"><p>[vc_row][vc_column][vc_column_text]<\/p>\n<p style=\"text-align: justify;\">L&rsquo;imagination est une des 3 principales facult\u00e9s de notre esprit avec la compr\u00e9hension (ou encore entendement) et la m\u00e9moire. Elle est tr\u00e8s utile pour <strong>inventer, cr\u00e9er, mais aussi pour pr\u00e9voir, s&rsquo;organiser, anticiper.<\/strong><\/p>\n<p style=\"text-align: justify;\"><strong>Dans la lecture<\/strong>, elle est indispensable. En effet au d\u00e9but de l&rsquo;apprentissage, c&rsquo;est la compr\u00e9hension et la m\u00e9moire qui seront les plus mobilis\u00e9es pour l&rsquo;acquisition de la technique de lecture. Mais pour qu&rsquo;une lecture prenne du sens, le lecteur, en m\u00eame temps qu&rsquo;il lit les mots et les phrases, doit avoir des images dans son imagination. Comme un \u00ab\u00a0film\u00a0\u00bb qu&rsquo;il se repr\u00e9sente et lui fait voir et\u00a0 presque vivre l&rsquo;histoire qu&rsquo;il est en train de lire. S&rsquo;il ne peut pas se faire ce \u00ab\u00a0film\u00a0\u00bb la lecture ne peut avoir aucun go\u00fbt pour lui.<\/p>\n<p style=\"text-align: justify;\">Quand un enfant apprend \u00e0 lire, il est n\u00e9cessaire de lui faire expliciter \u00e0 haute voix ce qu&rsquo;il vient de lire (\u00e9galement \u00e0 haute voix), afin que <strong>des images se forment peu \u00e0 peu<\/strong> pour lui. Beaucoup de personnes actuellement, m\u00eame adultes, lisent sans que cela \u00ab\u00a0fasse sens\u00a0\u00bb, alors m\u00eame que leur diction est parfaite avec\u00a0 la ponctuation, l&rsquo;intonation etc. C&rsquo;est une lecture m\u00e9canique, et s&rsquo;ils lisent en public, les auditeurs ont du mal \u00e0 \u00e9couter car ils ne peuvent pas suivre le lecteur dans la signification donn\u00e9e au texte (cela arrive parfois \u00e0 la messe). C&rsquo;est une des cons\u00e9quences des m\u00e9thodes globales de lecture, et une des raisons du d\u00e9go\u00fbt de la lecture chez de nombreux jeunes.<\/p>\n<p style=\"text-align: justify;\"><img loading=\"lazy\" decoding=\"async\" class=\"aligncenter wp-image-2128\" src=\"http:\/\/moniales-ermites.org\/wp-content\/uploads\/2022\/06\/imagination.jpeg\" alt=\"\" width=\"659\" height=\"440\" srcset=\"https:\/\/moniales-ermites.org\/wp-content\/uploads\/2022\/06\/imagination.jpeg 720w, https:\/\/moniales-ermites.org\/wp-content\/uploads\/2022\/06\/imagination-600x401.jpeg 600w, https:\/\/moniales-ermites.org\/wp-content\/uploads\/2022\/06\/imagination-300x200.jpeg 300w, https:\/\/moniales-ermites.org\/wp-content\/uploads\/2022\/06\/imagination-30x20.jpeg 30w\" sizes=\"auto, (max-width: 659px) 100vw, 659px\" \/><\/p>\n<p style=\"text-align: justify;\">Mais l&rsquo;imagination, comme toutes les facult\u00e9s de l&rsquo;homme, doit \u00eatre soumise \u00e0 <strong>la raison et \u00e0 la volont\u00e9.<\/strong><\/p>\n<p style=\"text-align: justify;\">Nous connaissons<strong> les peurs<\/strong> dans lesquelles peut nous entra\u00eener une imagination d\u00e9r\u00e9gl\u00e9e\u00a0: \u00ab\u00a0 Il est en retard\u00a0; il lui est arriv\u00e9 malheur\u00a0; il a fait une fugue\u00a0; il ne veut plus venir\u00a0; il ne m&rsquo;aime plus\u00a0; etc&#8230;\u00a0\u00bb Le moindre d\u00e9tail est agrandi par l&rsquo;imagination et transforme la r\u00e9alit\u00e9 en une menace. D\u00e8s qu&rsquo;on en a conscience, il est n\u00e9cessaire de raisonner\u00a0: \u00ab\u00a0Il ne peut rien lui arriver de grave dans ce lieu\u00a0; il m&rsquo;a confirm\u00e9 qu&rsquo;il venait\u00a0; &#8230;\u00a0etc\u00a0\u00bb pour assagir notre imagination. Et si cela ne suffit pas, nous pouvons aussi d\u00e9cider de refuser la peur en utilisant notre volont\u00e9\u00a0: je choisis de tout confier au Seigneur et de lui abandonner la situation.<\/p>\n<p style=\"text-align: justify;\">L&rsquo;imagination mal contr\u00f4l\u00e9e <strong>bloque la r\u00e9ceptivit\u00e9<\/strong>, c&rsquo;est-\u00e0-dire l&rsquo;accueil du r\u00e9el tel qu&rsquo;il est.\u00a0 J&rsquo;entends un choc sourd et j&rsquo;imagine que c&rsquo;est un coup de fusil, alors que c&rsquo;est un oiseau qui s&rsquo;est cogn\u00e9 \u00e0 la fen\u00eatre&#8230; La vue est parfois totalement d\u00e9form\u00e9e par l&rsquo;imagination. Ainsi une personne me dit avoir vu un crayon \u00e0 mine gris dans mon pot \u00e0 crayons. Et quand elle va v\u00e9rifier, elle s&rsquo;aper\u00e7oit que c&rsquo;est un stylo mais elle a imagin\u00e9 que c&rsquo;\u00e9tait le m\u00eame que chez elle, et elle n&rsquo;a pas vu l&rsquo;objet r\u00e9el qui est devant elle.<\/p>\n<p style=\"text-align: justify;\"><em>\u00a0<\/em><\/p>\n<p style=\"text-align: justify;\">La<strong> litt\u00e9rature pour la jeunesse<\/strong> est actuellement pleine de monstres, super h\u00e9ros, super pouvoirs etc..\u00a0 qui n&rsquo;aident pas un enfant \u00e0 construire son esprit. S&rsquo;il se projette dans ces situations, cela le <strong>coupe du r\u00e9el <\/strong>et rend son <strong>imagination d\u00e9raisonnable et peu \u00e0 peu hors contr\u00f4le.<\/strong> Alors qu&rsquo;une histoire mettant en sc\u00e8ne des enfants comme lui, dans des situations r\u00e9alistes, lui permet de d\u00e9velopper une imagination contr\u00f4l\u00e9e par la raison et en lien avec le r\u00e9el.<\/p>\n<p style=\"text-align: justify;\">L&rsquo;imagination est aussi le lieu des <strong>tentations<\/strong>. Nous ne pouvons pas l&#8217;emp\u00eacher de d\u00e9marrer dans les fantasmes de toutes sortes, mais d\u00e8s que nous en prenons conscience, nous pouvons la remettre sous le contr\u00f4le de notre raison et de notre volont\u00e9 et ainsi grandir humainement et spirituellement.<\/p>\n<p style=\"text-align: justify;\">Dans la <strong>relation avec Dieu<\/strong>, l&rsquo;imagination est une aide pr\u00e9cieuse car elle nous donne une foi vivante, qui n&rsquo;est pas simplement intellectuelle, mais nous rend Dieu pr\u00e9sent. Par exemple, en lisant que \u00ab\u00a0Sym\u00e9on prit l&rsquo;enfant dans ses bras\u00a0\u00bb, si l&rsquo;on peut imaginer ce vieillard, attendant le salut d&rsquo;Isra\u00ebl depuis de nombreuses ann\u00e9es, tout \u00e0 coup illumin\u00e9 par ce tout petit dont il per\u00e7oit la grandeur, la joie qui le submerge alors devient sensible, ce n&rsquo;est plus une id\u00e9e, nous la sentons aussi, et nous pouvons aussi en imagination prendre le tout petit J\u00e9sus dans nos bras \u00e0 notre tour, avec la m\u00eame joie et la m\u00eame paix que Sym\u00e9on. L&rsquo;imagination alors touche au r\u00e9el puisqu&rsquo;elle nous rend plus pr\u00e9sents \u00e0 Dieu qui est toujours pr\u00e9sent pr\u00e8s de nous.<\/p>\n<p>[\/vc_column_text][\/vc_column][\/vc_row]<\/p>\n<\/div><\/div><\/li><\/ul>[\/vc_column_text][\/vc_column][vc_column width=\u00a0\u00bb1\/6&Prime;][vc_column_text]<\/p>\n<h2 style=\"text-align: center;\"><span style=\"color: #800080;\">Historique<\/span><\/h2>\n<p><ul class=\"display-posts-listing\"><li class=\"listing-item\"><a class=\"title\" href=\"https:\/\/moniales-ermites.org\/index.php\/2022\/06\/16\/limagination\/\">L&rsquo;imagination<\/a><\/li><li class=\"listing-item\"><a class=\"title\" href=\"https:\/\/moniales-ermites.org\/index.php\/2022\/04\/05\/et-la-volonte-de-dieu\/\">Et la volont\u00e9 de Dieu ?<\/a><\/li><li class=\"listing-item\"><a class=\"title\" href=\"https:\/\/moniales-ermites.org\/index.php\/2022\/03\/05\/la-volonte-4-2\/\">La volont\u00e9 (4)<\/a><\/li><li class=\"listing-item\"><a class=\"title\" href=\"https:\/\/moniales-ermites.org\/index.php\/2022\/01\/21\/la-volonte-2\/\">La volont\u00e9 (2)<\/a><\/li><li class=\"listing-item\"><a class=\"title\" href=\"https:\/\/moniales-ermites.org\/index.php\/2021\/12\/21\/la-volonte-1\/\">La volont\u00e9 (1)<\/a><\/li><li class=\"listing-item\"><a class=\"title\" href=\"https:\/\/moniales-ermites.org\/index.php\/2021\/10\/06\/le-choix-2\/\">Le choix (2)<\/a><\/li><li class=\"listing-item\"><a class=\"title\" href=\"https:\/\/moniales-ermites.org\/index.php\/2021\/09\/06\/le-choix-1\/\">Le choix (1)<\/a><\/li><li class=\"listing-item\"><a class=\"title\" href=\"https:\/\/moniales-ermites.org\/index.php\/2021\/08\/16\/se-desencombrer\/\">Se d\u00e9sencombrer<\/a><\/li><li class=\"listing-item\"><a class=\"title\" href=\"https:\/\/moniales-ermites.org\/index.php\/2021\/04\/06\/se-concentrer-ca-fatigue-2\/\">Se concentrer, \u00e7a fatigue ? (2)<\/a><\/li><li class=\"listing-item\"><a class=\"title\" href=\"https:\/\/moniales-ermites.org\/index.php\/2021\/03\/21\/la-volonte-4\/\">La volont\u00e9 (4)<\/a><\/li><\/ul>[\/vc_column_text][\/vc_column][\/vc_row]<\/p>\n<\/div>","protected":false},"excerpt":{"rendered":"<p>[vc_row][vc_column][vc_column_text] Rep\u00e8res humains [\/vc_column_text][\/vc_column][\/vc_row][vc_row css=\u00a0\u00bb.vc_custom_1556379708200{background-color: #d6c5e2 !important;}\u00a0\u00bb][vc_column width=\u00a0\u00bb1\/4&Prime;][\/vc_column][vc_column width=\u00a0\u00bb3\/4&Prime;][vc_column_text css=\u00a0\u00bb.vc_custom_1556379586676{border-radius: 2px !important;}\u00a0\u00bb] Cette rubrique vous proposera r\u00e9guli\u00e8rement quelques rep\u00e8res d&rsquo;anthropologie chr\u00e9tienne. En effet la vie spirituelle pour se d\u00e9velopper doit avoir des racines, et ces racines sont essentiellement la mani\u00e8re dont nous vivons l&rsquo;harmonie corps-\u00e2me-esprit, ce qui de nos jours ne va plus toujours de [&hellip;]<\/p>\n","protected":false},"author":1,"featured_media":0,"parent":0,"menu_order":0,"comment_status":"closed","ping_status":"closed","template":"","meta":{"footnotes":""},"class_list":["post-42","page","type-page","status-publish","hentry"],"_links":{"self":[{"href":"https:\/\/moniales-ermites.org\/index.php\/wp-json\/wp\/v2\/pages\/42","targetHints":{"allow":["GET"]}}],"collection":[{"href":"https:\/\/moniales-ermites.org\/index.php\/wp-json\/wp\/v2\/pages"}],"about":[{"href":"https:\/\/moniales-ermites.org\/index.php\/wp-json\/wp\/v2\/types\/page"}],"author":[{"embeddable":true,"href":"https:\/\/moniales-ermites.org\/index.php\/wp-json\/wp\/v2\/users\/1"}],"replies":[{"embeddable":true,"href":"https:\/\/moniales-ermites.org\/index.php\/wp-json\/wp\/v2\/comments?post=42"}],"version-history":[{"count":34,"href":"https:\/\/moniales-ermites.org\/index.php\/wp-json\/wp\/v2\/pages\/42\/revisions"}],"predecessor-version":[{"id":1045,"href":"https:\/\/moniales-ermites.org\/index.php\/wp-json\/wp\/v2\/pages\/42\/revisions\/1045"}],"wp:attachment":[{"href":"https:\/\/moniales-ermites.org\/index.php\/wp-json\/wp\/v2\/media?parent=42"}],"curies":[{"name":"wp","href":"https:\/\/api.w.org\/{rel}","templated":true}]}}