{"id":36,"date":"2018-08-26T01:28:42","date_gmt":"2018-08-25T23:28:42","guid":{"rendered":"http:\/\/moniales-ermites.org\/?page_id=36"},"modified":"2019-04-12T10:34:08","modified_gmt":"2019-04-12T08:34:08","slug":"aide-memoire","status":"publish","type":"page","link":"https:\/\/moniales-ermites.org\/index.php\/aide-memoire\/","title":{"rendered":"Aide-m\u00e9moire"},"content":{"rendered":"<div class=\"wpb-content-wrapper\"><p>[vc_row][vc_column width=\u00a0\u00bb5\/6&Prime;][vc_column_text]<\/p>\n<h1 style=\"text-align: center;\">Aide-m\u00e9moire<\/h1>\n<p><ul class=\"display-posts-listing\"><li class=\"listing-item\"><a class=\"title\" href=\"https:\/\/moniales-ermites.org\/index.php\/2018\/09\/01\/je-suis-la-porte\/\">Je suis la porte<\/a><div class=\"content\"><div class=\"wpb-content-wrapper\"><p>[vc_row][vc_column width=\u00a0\u00bb1\/4&Prime;][\/vc_column][vc_column width=\u00a0\u00bb1\/2&Prime;][vc_row_inner][vc_column_inner][vc_column_text]<\/p>\n<h3 style=\"text-align: center;\"><span style=\"color: #5c1111;\"><strong>\u00ab\u00a0 Je suis la porte\u2026\u00a0\u00bb<\/strong><\/span><\/h3>\n<p>[\/vc_column_text][\/vc_column_inner][\/vc_row_inner][vc_column_text][\/vc_column_text][vc_single_image image=\u00a0\u00bb964&Prime; img_size=\u00a0\u00bbfull\u00a0\u00bb alignment=\u00a0\u00bbcenter\u00a0\u00bb][vc_column_text]<\/p>\n<h3 style=\"text-align: center;\"><span style=\"color: #5c1111;\"><strong>\u00ab\u00a0pour celui qui frappe <\/strong><\/span><\/h3>\n<h3 style=\"text-align: center;\"><span style=\"color: #5c1111;\"><strong>la porte s\u2019ouvre\u2026\u00a0\u00bb<\/strong><\/span><\/h3>\n<p>[\/vc_column_text][\/vc_column][vc_column width=\u00a0\u00bb1\/4&Prime;][\/vc_column][\/vc_row][vc_row][vc_column width=\u00a0\u00bb1\/4&Prime;][\/vc_column][vc_column width=\u00a0\u00bb1\/2&Prime;][vc_column_text]<\/p>\n<p style=\"text-align: justify;\"><span style=\"color: #5c1111;\">\u00ab\u00a0O vous qui avez dit ; \u00ab je suis la porte \u00bb, je vous supplie par vous-m\u00eame de vous ouvrir vous-m\u00eame et montrez-nous avec \u00e9vidence de qu\u2019elle demeure vous \u00eates la porte\u2026 La maison dont vous \u00eates la porte est\u2026 le ciel que votre P\u00e8re habite\u2026 Le P\u00e8re est donc le lieu o\u00f9 vous \u00eates et vous \u00eates le lieu o\u00f9 est le P\u00e8re et de plus nous sommes le lieu o\u00f9 vous \u00eates et vous \u00eates le lieu o\u00f9 nous sommes. Puisque donc, \u00f4 Seigneur J\u00e9sus, vous \u00eates dans le P\u00e8re et que le P\u00e8re est ne vous, vous \u00eates un lieu d\u2019habitation pour vous-m\u00eame, \u00f4 tr\u00e8s haute et indivisible Trinit\u00e9, vous \u00eates votre propre ciel\u2026Lorsque vous habitez en nous, nous sommes votre ciel\u2026 et vous \u00eates aussi notre ciel vers lequel nous devons nous \u00e9lever afin de l\u2019habiter\u2026 Ouvrez-nous, Seigneur, la porte de l\u2019arche de votre c\u00f4t\u00e9\u2026Ouvrez-nous votre c\u00f4t\u00e9. \u00bb<\/span><\/p>\n<p style=\"text-align: right;\"><span style=\"color: #5c1111;\">Guillaume de Saint Thierry<\/span><\/p>\n<p>[\/vc_column_text][\/vc_column][vc_column width=\u00a0\u00bb1\/4&Prime;][\/vc_column][\/vc_row]<\/p>\n<\/div><\/div><\/li><\/ul>[\/vc_column_text][\/vc_column][vc_column width=\u00a0\u00bb1\/6&Prime;][vc_column_text]<\/p>\n<h2 style=\"text-align: center;\">Historique<\/h2>\n<p><ul class=\"display-posts-listing\"><li class=\"listing-item\"><a class=\"title\" href=\"https:\/\/moniales-ermites.org\/index.php\/2018\/09\/01\/je-suis-la-porte\/\">Je suis la porte<\/a><\/li><li class=\"listing-item\"><a class=\"title\" href=\"https:\/\/moniales-ermites.org\/index.php\/2018\/05\/01\/recevez-le-saint-esprit\/\">Recevez le Saint-Esprit<\/a><\/li><li class=\"listing-item\"><a class=\"title\" href=\"https:\/\/moniales-ermites.org\/index.php\/2018\/03\/01\/ils-mont-abandonne\/\">Ils m&rsquo;ont abandonn\u00e9<\/a><\/li><li class=\"listing-item\"><a class=\"title\" href=\"https:\/\/moniales-ermites.org\/index.php\/2018\/02\/01\/quest-ce-que-lhomme-que-tu-penses-a-lui\/\">Qu&rsquo;est-ce que l&rsquo;homme que tu penses \u00e0 lui ?<\/a><\/li><li class=\"listing-item\"><a class=\"title\" href=\"https:\/\/moniales-ermites.org\/index.php\/2018\/01\/01\/au-commencement-dieu-crea-le-ciel-et-la-terre\/\">Au commencement, Dieu cr\u00e9a le ciel et la terre<\/a><\/li><li class=\"listing-item\"><a class=\"title\" href=\"https:\/\/moniales-ermites.org\/index.php\/2017\/12\/01\/un-enfant-nous-est-ne\/\">Un enfant nous est n\u00e9<\/a><\/li><\/ul>[\/vc_column_text][\/vc_column][\/vc_row]<\/p>\n<\/div>","protected":false},"excerpt":{"rendered":"<p>[vc_row][vc_column width=\u00a0\u00bb5\/6&Prime;][vc_column_text] Aide-m\u00e9moire [\/vc_column_text][\/vc_column][vc_column width=\u00a0\u00bb1\/6&Prime;][vc_column_text] Historique [\/vc_column_text][\/vc_column][\/vc_row]<\/p>\n","protected":false},"author":1,"featured_media":0,"parent":0,"menu_order":0,"comment_status":"closed","ping_status":"closed","template":"","meta":{"footnotes":""},"class_list":["post-36","page","type-page","status-publish","hentry"],"_links":{"self":[{"href":"https:\/\/moniales-ermites.org\/index.php\/wp-json\/wp\/v2\/pages\/36","targetHints":{"allow":["GET"]}}],"collection":[{"href":"https:\/\/moniales-ermites.org\/index.php\/wp-json\/wp\/v2\/pages"}],"about":[{"href":"https:\/\/moniales-ermites.org\/index.php\/wp-json\/wp\/v2\/types\/page"}],"author":[{"embeddable":true,"href":"https:\/\/moniales-ermites.org\/index.php\/wp-json\/wp\/v2\/users\/1"}],"replies":[{"embeddable":true,"href":"https:\/\/moniales-ermites.org\/index.php\/wp-json\/wp\/v2\/comments?post=36"}],"version-history":[{"count":9,"href":"https:\/\/moniales-ermites.org\/index.php\/wp-json\/wp\/v2\/pages\/36\/revisions"}],"predecessor-version":[{"id":846,"href":"https:\/\/moniales-ermites.org\/index.php\/wp-json\/wp\/v2\/pages\/36\/revisions\/846"}],"wp:attachment":[{"href":"https:\/\/moniales-ermites.org\/index.php\/wp-json\/wp\/v2\/media?parent=36"}],"curies":[{"name":"wp","href":"https:\/\/api.w.org\/{rel}","templated":true}]}}