{"id":32,"date":"2018-08-26T01:27:49","date_gmt":"2018-08-25T23:27:49","guid":{"rendered":"http:\/\/moniales-ermites.org\/?page_id=32"},"modified":"2026-03-26T06:38:19","modified_gmt":"2026-03-26T05:38:19","slug":"horaires-des-offices","status":"publish","type":"page","link":"https:\/\/moniales-ermites.org\/index.php\/horaires-des-offices\/","title":{"rendered":"Offices"},"content":{"rendered":"<h2 style=\"text-align: center;\">Horaires des Jours Saints<\/h2>\n<h2 style=\"text-align: center;\">2026<\/h2>\n<h3><u><span style=\"color: #000000;\">Jeudi saint<\/span><\/u><\/h3>\n<h3><span style=\"color: #000000;\">&#8211; 10 h\u00a0: enseignement<u><\/u><u><\/u><\/span><\/h3>\n<h3><span style=\"color: #000000;\">&#8211; 17 h\u00a0: enseignement\u00a0<u><\/u><u><\/u><\/span><\/h3>\n<h3><span style=\"color: #000000;\">&#8211; 18h30 : messe de la C\u00e8ne \u00e0 la chapelle du Centre saint Jean de la Croix<\/span><\/h3>\n<div><\/div>\n<h3><u><span style=\"color: #000000;\">Vendredi saint<\/span><\/u><\/h3>\n<h3><span style=\"color: #000000;\">&#8211; 10 h\u00a0: enseignement<u><\/u><u><\/u><\/span><\/h3>\n<h3><span style=\"color: #000000;\">&#8211; 15h : chemin de Croix \u00e0 l\u2019\u00e9glise du village de Mers sur Indre<u><\/u><u><\/u><\/span><\/h3>\n<h3><span style=\"color: #000000;\">&#8211; 15h45 : confessions \u00e0 l\u2019\u00e9glise du village de Mers sur Indre<u><\/u><u><\/u><\/span><\/h3>\n<h3><span style=\"color: #000000;\">&#8211; 17 h\u00a0: enseignement\u00a0<u><\/u><u><\/u><\/span><\/h3>\n<h3><span style=\"color: #000000;\">&#8211; 18h30 : office de la Passion \u00e0 la chapelle du Centre saint Jean de la Croix<\/span><\/h3>\n<h3><\/h3>\n<h3><u><span style=\"color: #000000;\">Samedi saint<\/span><\/u><\/h3>\n<h3><span style=\"color: #000000;\">&#8211; 10 h\u00a0: enseignement\u00a0<u><\/u><u><\/u><\/span><\/h3>\n<h3><span style=\"color: #000000;\">&#8211; 11h : confessions \u00e0 la chapelle du Centre saint Jean de la Croix<\/span><\/h3>\n<h3><span style=\"color: #000000;\">&#8211; 17 h enseignement<u><\/u><u><\/u><\/span><\/h3>\n<h3><u><\/u><span style=\"color: #000000;\">\u00a0<\/span><u><\/u><\/h3>\n<h3><u><span style=\"color: #000000;\">Vigiles de p\u00e2ques<\/span><\/u><\/h3>\n<h3><span style=\"color: #000000;\">&#8211; 20h30 : messe de la nuit \u00e0 la chapelle du Centre saint Jean de la Croix<\/span><\/h3>\n<h3><u><\/u><span style=\"color: #000000;\">\u00a0<\/span><u><\/u><\/h3>\n<h3><u><span style=\"color: #000000;\">Dimanche de p\u00e2ques<\/span><\/u><\/h3>\n<h3><span style=\"color: #000000;\">&#8211; 10h30 : messe \u00e0 la chapelle du Centre saint Jean de la Croix<u><\/u><u><\/u><\/span><\/h3>\n<h3><span style=\"color: #000000;\">&#8211; 11h : messe \u00e0 l\u2019\u00e9glise de Mers sur Indre<\/span><\/h3>\n<h1 style=\"text-align: center;\">*****<\/h1>\n<div id=\"attachment_2120\" style=\"width: 191px\" class=\"wp-caption alignright\"><img loading=\"lazy\" decoding=\"async\" aria-describedby=\"caption-attachment-2120\" class=\" wp-image-2120\" src=\"https:\/\/moniales-ermites.org\/wp-content\/uploads\/2022\/06\/Esprit-Saint-en-800.jpg\" alt=\"\" width=\"181\" height=\"241\" srcset=\"https:\/\/moniales-ermites.org\/wp-content\/uploads\/2022\/06\/Esprit-Saint-en-800.jpg 600w, https:\/\/moniales-ermites.org\/wp-content\/uploads\/2022\/06\/Esprit-Saint-en-800-225x300.jpg 225w\" sizes=\"auto, (max-width: 181px) 100vw, 181px\" \/><p id=\"caption-attachment-2120\" class=\"wp-caption-text\">Vitrail de la Chapelle Saint Jean de la Croix. Courtioux<\/p><\/div>\n<p><span style=\"color: #800000; font-size: 16px;\"><strong>Horaire des offices en temps ordinaire<\/strong><br \/>\n<\/span><\/p>\n<h4><span style=\"color: #800000;\">En semaine:<\/span><\/h4>\n<p>Nos offices ont lieu dans la chapelle du centre Saint Jean de la Croix, et sont ouverts \u00e0 toute personne qui le d\u00e9sire :<\/p>\n<p>6 h 45 : Oraison \u00e0 la chapelle<\/p>\n<p>7 h 45 : Office des lectures suivi des laudes<\/p>\n<p>8 h 45 : Tierce en particulier<\/p>\n<p>9 h 00 : Eucharistie<\/p>\n<p>12 h 25 : Sexte en particulier<\/p>\n<p>14 h 00 : None en particulier<\/p>\n<p>17 h 40 : Oraison en lieu libre<\/p>\n<p>18 h 45 : V\u00eapres<\/p>\n<p>21 h 15 : Complies<\/p>\n<p><em>Le samedi et la veille d&rsquo;une solennit\u00e9 : <\/em><\/p>\n<p><em>20 h 30 : Complies puis office des lectures et vigiles<\/em><\/p>\n<h3><span style=\"color: #800000;\">Dimanches et jours f\u00e9ri\u00e9s :<\/span><\/h3>\n<p>7 h 45\u00a0 : Laudes<\/p>\n<p>L&rsquo;Eucharistie est c\u00e9l\u00e9br\u00e9e \u00e0 10 h 30<\/p>\n<p>18 h 45 : V\u00eapres<\/p>\n<p>20 h 45 : Complies<\/p>\n<p><strong><span style=\"color: #800000;\">Le premier dimanche du mois, en principe, journ\u00e9e de d\u00e9sert:<\/span><\/strong><\/p>\n<p>L&rsquo;Eucharistie est c\u00e9l\u00e9br\u00e9e \u00e0 10 h 30<\/p>\n<p>&nbsp;<\/p>\n<h3><span style=\"color: #800000;\">Vos intentions de pri\u00e8re<\/span><\/h3>\n<p style=\"text-align: justify;\"><span style=\"color: #808080;\">Vous pouvez nous laisser vos intentions de pri\u00e8res sur notre adresse Email. Elles ne seront pas publi\u00e9es, mais nous les prendrons dans notre pri\u00e8re communautaire.<\/span><\/p>\n<p style=\"text-align: justify;\"><span style=\"color: #808080;\">Email : <a href=\"mailto:courtiouxmonialesermites@gmail.com\">courtiouxmonialesermites@gmail.com<\/a><\/span><\/p>\n<p><img loading=\"lazy\" decoding=\"async\" class=\"size-full wp-image-389 alignright\" src=\"http:\/\/moniales-ermites.org\/wp-content\/uploads\/2018\/11\/Mains-soeur-en-pri\u00e8re.jpg\" alt=\"\" width=\"332\" height=\"443\" srcset=\"https:\/\/moniales-ermites.org\/wp-content\/uploads\/2018\/11\/Mains-soeur-en-pri\u00e8re.jpg 332w, https:\/\/moniales-ermites.org\/wp-content\/uploads\/2018\/11\/Mains-soeur-en-pri\u00e8re-225x300.jpg 225w\" sizes=\"auto, (max-width: 332px) 100vw, 332px\" \/><\/p>\n<p>&nbsp;<\/p>\n<p>&nbsp;<\/p>\n<p>&nbsp;<\/p>\n","protected":false},"excerpt":{"rendered":"<p>Horaires des Jours Saints 2026 Jeudi saint &#8211; 10 h\u00a0: enseignement &#8211; 17 h\u00a0: enseignement\u00a0 &#8211; 18h30 : messe de la C\u00e8ne \u00e0 la chapelle du Centre saint Jean de la Croix Vendredi saint &#8211; 10 h\u00a0: enseignement &#8211; 15h : chemin de Croix \u00e0 l\u2019\u00e9glise du village de Mers sur Indre &#8211; 15h45 : [&hellip;]<\/p>\n","protected":false},"author":1,"featured_media":0,"parent":0,"menu_order":0,"comment_status":"closed","ping_status":"closed","template":"","meta":{"footnotes":""},"class_list":["post-32","page","type-page","status-publish","hentry"],"_links":{"self":[{"href":"https:\/\/moniales-ermites.org\/index.php\/wp-json\/wp\/v2\/pages\/32","targetHints":{"allow":["GET"]}}],"collection":[{"href":"https:\/\/moniales-ermites.org\/index.php\/wp-json\/wp\/v2\/pages"}],"about":[{"href":"https:\/\/moniales-ermites.org\/index.php\/wp-json\/wp\/v2\/types\/page"}],"author":[{"embeddable":true,"href":"https:\/\/moniales-ermites.org\/index.php\/wp-json\/wp\/v2\/users\/1"}],"replies":[{"embeddable":true,"href":"https:\/\/moniales-ermites.org\/index.php\/wp-json\/wp\/v2\/comments?post=32"}],"version-history":[{"count":128,"href":"https:\/\/moniales-ermites.org\/index.php\/wp-json\/wp\/v2\/pages\/32\/revisions"}],"predecessor-version":[{"id":3394,"href":"https:\/\/moniales-ermites.org\/index.php\/wp-json\/wp\/v2\/pages\/32\/revisions\/3394"}],"wp:attachment":[{"href":"https:\/\/moniales-ermites.org\/index.php\/wp-json\/wp\/v2\/media?parent=32"}],"curies":[{"name":"wp","href":"https:\/\/api.w.org\/{rel}","templated":true}]}}