{"id":30,"date":"2018-08-26T01:27:13","date_gmt":"2018-08-25T23:27:13","guid":{"rendered":"http:\/\/moniales-ermites.org\/?page_id=30"},"modified":"2025-01-14T11:22:59","modified_gmt":"2025-01-14T10:22:59","slug":"la-famille-saint-jean-de-la-croix","status":"publish","type":"page","link":"https:\/\/moniales-ermites.org\/index.php\/la-famille-saint-jean-de-la-croix\/","title":{"rendered":"La famille St Jean de la Croix"},"content":{"rendered":"<div class=\"wpb-content-wrapper\"><p>[vc_row][vc_column][vc_column_text]<\/p>\n<h1><span style=\"color: #800000;\">La famille Saint-Jean-de-la-Croix<\/span><\/h1>\n<p>[\/vc_column_text][vc_row_inner][vc_column_inner width=\u00a0\u00bb1\/2&Prime; css=\u00a0\u00bb.vc_custom_1554904996868{margin-bottom: -30px !important;}\u00a0\u00bb][vc_column_text css=\u00a0\u00bb\u00a0\u00bb]<\/p>\n<div>\n<h2 class=\"Normal P-1\"><span class=\"C-1\" style=\"color: #800000;\">Bref historique<\/span><\/h2>\n<p class=\"Normal P-2\"><span class=\"C-2\" style=\"color: #808080;\">Quand en 2014 notre monast\u00e8re a \u00e9t\u00e9 \u00e9rig\u00e9 c\u2019est dans le cadre du centre spirituel Saint-<wbr \/>Jean de-<wbr \/>la-<wbr \/>Croix.<\/span><\/p>\n<p class=\"Normal P-2\"><span class=\"C-2\" style=\"color: #808080;\">Ce centre spirituel, ouvert en 1997 \u00e0 la demande de son \u00e9v\u00eaque, par un pr\u00eatre du dioc\u00e8se de Bourges, le P\u00e8re Max Huot de Longchamp, a pour vocation d\u2019offrir aux chr\u00e9tiens un lieu et des moyens de formation \u00e0 la vie spirituelle.<\/span><\/p>\n<p class=\"Normal P-2\"><span class=\"C-2\" style=\"color: #808080;\">Autour de ce centre spirituel se sont regroup\u00e9s\u00a0:<\/span><\/p>\n<p class=\"Normal P-3\"><span class=\"C-2\" style=\"color: #808080;\">\u2014 des familles, des pr\u00eatres<\/span><\/p>\n<p class=\"Normal P-4\"><span class=\"C-2\" style=\"color: #808080;\">\u2014 des femmes consacr\u00e9es que nous appelons \u00ab b\u00e9guines \u00bb en r\u00e9f\u00e9rence directe avec les b\u00e9guines qui au Moyen \u00c2ge et durant des si\u00e8cles ont men\u00e9 dans le nord de la France et dans les Flandres une intense vie spirituelle, riche en exp\u00e9riences d\u2019union au Christ<\/span><\/p>\n<p><span style=\"color: #808080;\">\u2014 des la\u00efcs d\u00e9sireux d\u2019une vie spirituelle approfondie.<\/span><\/p>\n<p class=\"Normal P-2\"><span class=\"C-2\" style=\"color: #808080;\">Notre monast\u00e8re est venu compl\u00e9ter cet ensemble, formant ainsi une cellule d\u2019\u00c9glise, avec ses divers \u00e9tats de vie unis par la m\u00eame soif spirituelle.<\/span><\/p>\n<\/div>\n<p>[\/vc_column_text][\/vc_column_inner][vc_column_inner width=\u00a0\u00bb1\/2&Prime;][vc_column_text]<\/p>\n<p>&nbsp;<\/p>\n<p>[\/vc_column_text][vc_single_image image=\u00a0\u00bb330&Prime; img_size=\u00a0\u00bb400&#215;300&Prime; alignment=\u00a0\u00bbcenter\u00a0\u00bb][\/vc_column_inner][\/vc_row_inner][\/vc_column][\/vc_row][vc_row][vc_column width=\u00a0\u00bb1\/2&Prime;][vc_column_text]<\/p>\n<h2><\/h2>\n<h2><\/h2>\n<h2><\/h2>\n<h2 class=\"Normal P-1\"><span class=\"C-1\" style=\"color: #800000;\">Caract\u00e9ristiques<\/span><\/h2>\n<p class=\"Normal P-2\" style=\"text-align: justify;\"><span class=\"C-2\" style=\"color: #808080;\">L\u2019esprit qui anime l\u2019ensemble des personnes reli\u00e9es de pr\u00e8s ou de loin \u00e0 cette famille se caract\u00e9rise par\u00a0:<\/span><\/p>\n<p class=\"Normal P-7\" style=\"text-align: justify;\"><span class=\"C-2\" style=\"color: #808080;\">1. trois piliers\u00a0:<\/span><\/p>\n<p style=\"text-align: justify;\"><span style=\"color: #808080;\">\u2014 <span class=\"C-2\">Le primat de la vie d\u2019oraison, de la contemplation.<\/span><\/span><\/p>\n<p style=\"text-align: justify;\"><span style=\"color: #808080;\">\u2014 <span class=\"C-2\">L\u2019\u00e9tude des textes des auteurs de la tradition spirituelle catholique pour nourrir la vie de foi.<\/span><\/span><\/p>\n<p style=\"text-align: justify;\"><span style=\"color: #808080;\">\u2014 <span class=\"C-2\">l\u2019apostolat de la vie spirituelle : aider d\u2019autres personnes dans leur chemin spirituel.<\/span><\/span><\/p>\n<p>[\/vc_column_text][\/vc_column][vc_column width=\u00a0\u00bb1\/2&Prime;][vc_column_text]<\/p>\n<p>&nbsp;<\/p>\n<p>[\/vc_column_text][vc_single_image image=\u00a0\u00bb465&Prime; img_size=\u00a0\u00bb350&#215;250&Prime; alignment=\u00a0\u00bbcenter\u00a0\u00bb][\/vc_column][\/vc_row][vc_row][vc_column width=\u00a0\u00bb1\/2&Prime; css=\u00a0\u00bb.vc_custom_1554904974307{margin-top: -30px !important;}\u00a0\u00bb][vc_column_text]<\/p>\n<p class=\"Normal P-2\"><span class=\"C-2\" style=\"color: #808080;\">2. Le choix d\u2019un mode de vie simple et sobre, sans superflu, dans un cadre champ\u00eatre favorisant la solitude, le silence, le recueillement et la pri\u00e8re.<\/span><\/p>\n<p class=\"Normal P-2\"><span class=\"C-2\" style=\"color: #808080;\">3. L\u2019autonomie de chaque \u00e9tat de vie avec une entraide fraternelle. Leur unit\u00e9 a sa source primordiale dans la participation \u00e0 l\u2019Eucharistie quotidienne.<\/span><\/p>\n<p class=\"Normal P-2\"><span class=\"C-2\" style=\"color: #808080;\">4. le site du centre spirituel Saint-<wbr \/>Jean-<wbr \/>de-<wbr \/>la-<wbr \/>Croix est la partie la plus visible et originelle d\u2019une r\u00e9alit\u00e9 plus grande\u00a0: la famille Saint Jean de la Croix, dont les membres, porteurs du m\u00eame esprit, peuvent \u00eatre g\u00e9ographiquement \u00e9loign\u00e9s, m\u00eame \u00e0 l\u2019\u00e9tranger.<\/span><\/p>\n<p>[\/vc_column_text][\/vc_column][vc_column width=\u00a0\u00bb1\/2&Prime;][vc_single_image image=\u00a0\u00bb466&Prime; img_size=\u00a0\u00bb350&#215;250&Prime; alignment=\u00a0\u00bbcenter\u00a0\u00bb][\/vc_column][\/vc_row][vc_row][vc_column][vc_column_text]<\/p>\n<h2 class=\"Normal P-1\"><span class=\"C-1\" style=\"color: #800000;\">Les propositions du centre Saint-<wbr \/>Jean-<wbr \/>de-<wbr \/>la-<wbr \/>Croix<\/span><\/h2>\n<p style=\"text-align: justify;\"><span style=\"color: #808080;\">\u2014 <span class=\"C-2\">Des livres et brochures d\u2019une petite maison d\u2019\u00e9dition, sp\u00e9cialis\u00e9e dans les textes des auteurs de la tradition spirituelle catholique (voir dans \u00ab\u00a0sites amis\u00a0\u00bb le site de Paroisse et Famille)<\/span><\/span><\/p>\n<p style=\"text-align: justify;\"><span style=\"color: #808080;\">\u2014 <span class=\"C-2\">Tout au long de l\u2019ann\u00e9e, des sessions sur les auteurs spirituels ainsi que des retraites.<\/span><\/span><\/p>\n<p style=\"text-align: justify;\"><span style=\"color: #808080;\">\u2014 <span class=\"C-2\">La possibilit\u00e9 de temps de retraite personnelle en compl\u00e8te solitude.<\/span><\/span><\/p>\n<p>[\/vc_column_text][\/vc_column][\/vc_row][vc_row][vc_column][vc_single_image image=\u00a0\u00bb467&Prime; img_size=\u00a0\u00bb400&#215;300&Prime; alignment=\u00a0\u00bbcenter\u00a0\u00bb][\/vc_column][\/vc_row][vc_row][vc_column][\/vc_column][\/vc_row]<\/p>\n<\/div>","protected":false},"excerpt":{"rendered":"<p>[vc_row][vc_column][vc_column_text] La famille Saint-Jean-de-la-Croix [\/vc_column_text][vc_row_inner][vc_column_inner width=\u00a0\u00bb1\/2&Prime; css=\u00a0\u00bb.vc_custom_1554904996868{margin-bottom: -30px !important;}\u00a0\u00bb][vc_column_text css=\u00a0\u00bb\u00a0\u00bb] Bref historique Quand en 2014 notre monast\u00e8re a \u00e9t\u00e9 \u00e9rig\u00e9 c\u2019est dans le cadre du centre spirituel Saint-Jean de-la-Croix. Ce centre spirituel, ouvert en 1997 \u00e0 la demande de son \u00e9v\u00eaque, par un pr\u00eatre du dioc\u00e8se de Bourges, le P\u00e8re Max Huot de Longchamp, a [&hellip;]<\/p>\n","protected":false},"author":1,"featured_media":0,"parent":0,"menu_order":0,"comment_status":"closed","ping_status":"closed","template":"","meta":{"footnotes":""},"class_list":["post-30","page","type-page","status-publish","hentry"],"_links":{"self":[{"href":"https:\/\/moniales-ermites.org\/index.php\/wp-json\/wp\/v2\/pages\/30","targetHints":{"allow":["GET"]}}],"collection":[{"href":"https:\/\/moniales-ermites.org\/index.php\/wp-json\/wp\/v2\/pages"}],"about":[{"href":"https:\/\/moniales-ermites.org\/index.php\/wp-json\/wp\/v2\/types\/page"}],"author":[{"embeddable":true,"href":"https:\/\/moniales-ermites.org\/index.php\/wp-json\/wp\/v2\/users\/1"}],"replies":[{"embeddable":true,"href":"https:\/\/moniales-ermites.org\/index.php\/wp-json\/wp\/v2\/comments?post=30"}],"version-history":[{"count":25,"href":"https:\/\/moniales-ermites.org\/index.php\/wp-json\/wp\/v2\/pages\/30\/revisions"}],"predecessor-version":[{"id":3040,"href":"https:\/\/moniales-ermites.org\/index.php\/wp-json\/wp\/v2\/pages\/30\/revisions\/3040"}],"wp:attachment":[{"href":"https:\/\/moniales-ermites.org\/index.php\/wp-json\/wp\/v2\/media?parent=30"}],"curies":[{"name":"wp","href":"https:\/\/api.w.org\/{rel}","templated":true}]}}