{"id":26,"date":"2018-08-26T01:25:51","date_gmt":"2018-08-25T23:25:51","guid":{"rendered":"http:\/\/moniales-ermites.org\/?page_id=26"},"modified":"2025-01-14T11:41:01","modified_gmt":"2025-01-14T10:41:01","slug":"notre-lieu-de-vie","status":"publish","type":"page","link":"https:\/\/moniales-ermites.org\/index.php\/notre-lieu-de-vie\/","title":{"rendered":"Notre lieu de vie"},"content":{"rendered":"<div class=\"wpb-content-wrapper\"><p>[vc_row][vc_column][vc_column_text]<\/p>\n<h1><span style=\"color: #800000;\">Notre lieu de vie<\/span><\/h1>\n<p>[\/vc_column_text][vc_row_inner][vc_column_inner width=\u00a0\u00bb1\/2&Prime;][vc_column_text]<\/p>\n<p>&nbsp;<\/p>\n<p style=\"text-align: justify;\"><span class=\"C-4\" style=\"color: #808080;\">La campagne bocag\u00e9e et solitaire du Boischaut Sud, dans l\u2019Indre dioc\u00e8se de Bourges nous offre le cadre d\u2019un d\u00e9sert naturel, propice \u00e0 notre vocation \u00e9r\u00e9mitique.<\/span><\/p>\n<p>[\/vc_column_text][\/vc_column_inner][vc_column_inner width=\u00a0\u00bb1\/2&Prime;][vc_single_image image=\u00a0\u00bb443&Prime; img_size=\u00a0\u00bbmedium\u00a0\u00bb alignment=\u00a0\u00bbcenter\u00a0\u00bb][\/vc_column_inner][\/vc_row_inner][\/vc_column][\/vc_row][vc_row][vc_column width=\u00a0\u00bb1\/2&Prime;][vc_column_text]<\/p>\n<div>\n<p>&nbsp;<\/p>\n<p>&nbsp;<\/p>\n<p class=\"Corps P-1\" style=\"text-align: justify;\"><span class=\"C-4\" style=\"color: #808080;\">Nous avons aussi choisi de nous \u00e9tablir dans le cadre du <a class=\"C-5\" style=\"color: #808080;\" href=\"http:\/\/moniales-ermites.org\/index.php\/la-famille-saint-jean-de-la-croix\/\">Centre spirituel Saint Jean de la Croix <\/a>\u00a0auquel nous unit un m\u00eame d\u00e9sir de vie contemplative, bas\u00e9e sur l\u2019oraison et la lecture de la Tradition spirituelle catholique, dans la solitude. L\u2019ensemble forme une petite cellule du Corps mystique du Christ, l\u2019\u00c9glise, dans le respect des divers charismes qui le composent.<\/span><\/p>\n<\/div>\n<p>[\/vc_column_text][\/vc_column][vc_column width=\u00a0\u00bb1\/2&Prime;][vc_single_image image=\u00a0\u00bb594&Prime; img_size=\u00a0\u00bbmedium\u00a0\u00bb alignment=\u00a0\u00bbcenter\u00a0\u00bb][\/vc_column][\/vc_row][vc_row][vc_column width=\u00a0\u00bb1\/2&Prime;][vc_column_text]<\/p>\n<p>&nbsp;<\/p>\n<p><span style=\"color: #808080;\">L\u2019ann\u00e9e 2018 a vu l\u2019inauguration de la nouvelle chapelle, plus vaste et mieux adapt\u00e9e \u00e0 nos besoins ; et en juin 2024, apr\u00e8s plusieurs ann\u00e9es de travail et d\u2019attente, nous avons eu la joie d\u2019inaugurer nos ermitages nouvellement construits, qui nous aident \u00e0 vivre au mieux notre vocation \u00e0 la solitude : lieu o\u00f9 nous vivons, prions et travaillons, lieu du c\u0153ur \u00e0 c\u0153ur avec l\u2019\u00c9poux dans la solitude (voir l&rsquo;inauguration des ermitages sur <a style=\"color: #808080;\" href=\"https:\/\/moniales-ermites.org\/index.php\/benediction-de-la-premiere-pierre-du-monastere\/\">cette page<\/a>).<\/span><\/p>\n<p>[\/vc_column_text][\/vc_column][vc_column width=\u00a0\u00bb1\/2&Prime;][vc_single_image image=\u00a0\u00bb445&Prime; img_size=\u00a0\u00bbmedium\u00a0\u00bb alignment=\u00a0\u00bbcenter\u00a0\u00bb][\/vc_column][\/vc_row][vc_row][vc_column <span style=\"color: #808080;\">width=\u00a0\u00bb1\/2&Prime;][vc_column_text]<\/span><\/p>\n<p>&nbsp;<\/p>\n<p><span style=\"color: #808080;\">En attendant la construction de la suite du monast\u00e8re (voir le projet complet sur <a style=\"color: #808080;\" href=\"https:\/\/moniales-ermites.org\/index.php\/le-futur-monastere\/\">cette page<\/a>), pour la partie communautaire de notre vie nous continuons d\u2019habiter les b\u00e2timents provisoires mis \u00e0 notre disposition par notre dioc\u00e8se, o\u00f9 nous avons cherch\u00e9 \u00e0 recr\u00e9er autant que possible un espace monastique : r\u00e9fectoire, salle de communaut\u00e9, cuisine, buanderie\u2026<\/span><\/p>\n<p>&nbsp;<\/p>\n<p>[\/vc_column_text][\/vc_column][vc_column width=\u00a0\u00bb1\/2&Prime;][vc_single_image image=\u00a0\u00bb742&Prime; img_size=\u00a0\u00bbmedium\u00a0\u00bb alignment=\u00a0\u00bbcenter\u00a0\u00bb][\/vc_column][\/vc_row][vc_row][vc_column width=\u00a0\u00bb1\/2&Prime;][vc_column_text]<\/p>\n<h3><\/h3>\n<h3><\/h3>\n<h3 style=\"text-align: center;\"><span style=\"color: #4671f2;\">Et sans oublier&#8230;<\/span><\/h3>\n<p>[\/vc_column_text][\/vc_column][vc_column width=\u00a0\u00bb1\/2&Prime;][vc_images_carousel images=\u00a0\u00bb447,459,458,457,455,454,453,452,451,450,449,448,1865&Prime; img_size=\u00a0\u00bb400&#215;300&Prime; speed=\u00a0\u00bb3000&Prime; autoplay=\u00a0\u00bbyes\u00a0\u00bb hide_prev_next_buttons=\u00a0\u00bbyes\u00a0\u00bb wrap=\u00a0\u00bbyes\u00a0\u00bb][\/vc_column][\/vc_row]<\/p>\n<\/div>","protected":false},"excerpt":{"rendered":"<p>[vc_row][vc_column][vc_column_text] Notre lieu de vie [\/vc_column_text][vc_row_inner][vc_column_inner width=\u00a0\u00bb1\/2&Prime;][vc_column_text] &nbsp; La campagne bocag\u00e9e et solitaire du Boischaut Sud, dans l\u2019Indre dioc\u00e8se de Bourges nous offre le cadre d\u2019un d\u00e9sert naturel, propice \u00e0 notre vocation \u00e9r\u00e9mitique. [\/vc_column_text][\/vc_column_inner][vc_column_inner width=\u00a0\u00bb1\/2&Prime;][vc_single_image image=\u00a0\u00bb443&Prime; img_size=\u00a0\u00bbmedium\u00a0\u00bb alignment=\u00a0\u00bbcenter\u00a0\u00bb][\/vc_column_inner][\/vc_row_inner][\/vc_column][\/vc_row][vc_row][vc_column width=\u00a0\u00bb1\/2&Prime;][vc_column_text] &nbsp; &nbsp; Nous avons aussi choisi de nous \u00e9tablir dans le cadre du Centre spirituel Saint [&hellip;]<\/p>\n","protected":false},"author":1,"featured_media":0,"parent":0,"menu_order":0,"comment_status":"closed","ping_status":"closed","template":"","meta":{"footnotes":""},"class_list":["post-26","page","type-page","status-publish","hentry"],"_links":{"self":[{"href":"https:\/\/moniales-ermites.org\/index.php\/wp-json\/wp\/v2\/pages\/26","targetHints":{"allow":["GET"]}}],"collection":[{"href":"https:\/\/moniales-ermites.org\/index.php\/wp-json\/wp\/v2\/pages"}],"about":[{"href":"https:\/\/moniales-ermites.org\/index.php\/wp-json\/wp\/v2\/types\/page"}],"author":[{"embeddable":true,"href":"https:\/\/moniales-ermites.org\/index.php\/wp-json\/wp\/v2\/users\/1"}],"replies":[{"embeddable":true,"href":"https:\/\/moniales-ermites.org\/index.php\/wp-json\/wp\/v2\/comments?post=26"}],"version-history":[{"count":27,"href":"https:\/\/moniales-ermites.org\/index.php\/wp-json\/wp\/v2\/pages\/26\/revisions"}],"predecessor-version":[{"id":3043,"href":"https:\/\/moniales-ermites.org\/index.php\/wp-json\/wp\/v2\/pages\/26\/revisions\/3043"}],"wp:attachment":[{"href":"https:\/\/moniales-ermites.org\/index.php\/wp-json\/wp\/v2\/media?parent=26"}],"curies":[{"name":"wp","href":"https:\/\/api.w.org\/{rel}","templated":true}]}}