{"id":24,"date":"2018-08-26T01:25:25","date_gmt":"2018-08-25T23:25:25","guid":{"rendered":"http:\/\/moniales-ermites.org\/?page_id=24"},"modified":"2024-04-11T16:26:43","modified_gmt":"2024-04-11T14:26:43","slug":"notre-travail","status":"publish","type":"page","link":"https:\/\/moniales-ermites.org\/index.php\/notre-travail\/","title":{"rendered":"Notre travail"},"content":{"rendered":"<div class=\"wpb-content-wrapper\"><p>[vc_row][vc_column][vc_column_text]<\/p>\n<h1 class=\"Corps\"><span class=\"C-3\" style=\"color: #800000;\">Notre travail<\/span><\/h1>\n<p class=\"Corps P-1\" style=\"text-align: justify;\"><span class=\"C-4\" style=\"color: #808080;\">\u00a0\u00ab\u00a0Vous devez vous livrer \u00e0 quelque travail, afin que le diable vous trouve toujours occup\u00e9s, et que votre oisivet\u00e9 ne lui permette pas d\u2019avoir acc\u00e8s \u00e0 vos \u00e2mes\u2026 Si quelqu\u2019un ne veut pas travailler, qu\u2019il ne mange pas non plus\u2026 que chacun travaille dans le silence, pour manger un pain qui lui appartienne\u2026\u00a0\u00bb<\/span><\/p>\n<p class=\"Corps P-1\" style=\"text-align: justify;\"><span class=\"C-4\" style=\"color: #808080;\">Ainsi nous exhorte notre r\u00e8gle, \u00e0 la suite de toute la tradition monastique. Par notre travail nous cherchons \u00e0 assurer notre subsistance, mais aussi \u00e0 conserver l\u2019\u00e9quilibre humain n\u00e9cessaire \u00e0 toute vie contemplative.<\/span><\/p>\n<p class=\"Corps P-1\" style=\"text-align: justify;\"><span class=\"C-4\" style=\"color: #808080;\">Nous avons donn\u00e9 la priorit\u00e9 \u00e0 des travaux qui nous permettent de garder la solitude, essentielle \u00e0 notre vie de pri\u00e8re, dans la louange de notre Cr\u00e9ateur.<\/span><\/p>\n<p class=\"Corps P-1\" style=\"text-align: justify;\"><span class=\"C-4\" style=\"color: #808080;\">Des travaux manuels\u00a0: <\/span><\/p>\n<div class=\"one_half\"><\/p>\n<p class=\"Normal P-1\"><span class=\"C-5\" style=\"color: #808080;\">&#8211; <a style=\"color: #808080;\" href=\"https:\/\/moniales-ermites.org\/index.php\/artisanat-des-moniales\/\">Artisanat sur cuir<\/a> : couvertures de livres, liseuses pour bibles, br\u00e9viaires, lectionnaires, c\u00e9r\u00e9monies liturgiques, signets, \u00e9tuis (\u00e0 chapelet, custodes&#8230;), ainsi que diff\u00e9rents articles tels que porte-cartes, porte-photos, agendas semainiers, et housses pour smartphones personnalis\u00e9es en projet.<\/span><\/p>\n<p><span style=\"color: #808080;\">Une cr\u00e9ation sur mesure avec vos suggestions de motifs est possible. Vous pouvez consulter nos pages d\u00e9di\u00e9es \u00e0 cet artisanat et nous passer commande.<\/span><\/p>\n<p><\/div>\n<p>&nbsp;<\/p>\n<p><a href=\"https:\/\/moniales-ermites.org\/index.php\/artisanat-des-moniales\/\"><img loading=\"lazy\" decoding=\"async\" class=\"size-full wp-image-2684 aligncenter\" src=\"https:\/\/moniales-ermites.org\/wp-content\/uploads\/2024\/04\/Carte-de-visite-Artisanat-sur-cuirs-180723-2-e1712844532461.jpg\" alt=\"\" width=\"250\" height=\"353\" \/><\/a>[\/vc_column_text][\/vc_column][\/vc_row][vc_row][vc_column width=\u00a0\u00bb1\/4&Prime;][vc_single_image image=\u00a0\u00bb399&Prime; img_size=\u00a0\u00bbmedium\u00a0\u00bb alignment=\u00a0\u00bbcenter\u00a0\u00bb][\/vc_column][vc_column width=\u00a0\u00bb1\/4&Prime;][vc_column_text]<span class=\"C-5\" style=\"color: #808080;\">&#8211;<wbr \/> Couture\u00a0: nous confectionnons des v\u00eatements d\u2019enfants pour l\u2019Artisanat monastique de Paris.<\/span>[\/vc_column_text][\/vc_column][vc_column width=\u00a0\u00bb1\/4&Prime;][\/vc_column][vc_column width=\u00a0\u00bb1\/4&Prime;][vc_column_text]<span class=\"C-4\" style=\"color: #808080;\">&#8211; Chapelets : plusieurs mod\u00e8les confectionn\u00e9s par nos soins vous sont propos\u00e9s, nous contacter.<\/span>[\/vc_column_text][\/vc_column][\/vc_row][vc_row][vc_column width=\u00a0\u00bb1\/2&Prime; css=\u00a0\u00bb.vc_custom_1554846249510{margin-left: 40px !important;}\u00a0\u00bb][vc_single_image image=\u00a0\u00bb402&Prime; img_size=\u00a0\u00bb400&#215;300&Prime; alignment=\u00a0\u00bbcenter\u00a0\u00bb][\/vc_column][vc_column width=\u00a0\u00bb1\/2&Prime; css=\u00a0\u00bb.vc_custom_1554846424578{margin-right: 60px !important;}\u00a0\u00bb][vc_column_text css=\u00a0\u00bb.vc_custom_1554907784639{margin-right: 40px !important;}\u00a0\u00bb]<\/p>\n<p style=\"text-align: justify;\"><span class=\"C-4\" style=\"color: #808080;\">&#8211;<wbr \/> Des travaux informatiques, le plus souvent en lien avec la r\u00e9daction ou l\u2019\u00e9dition de textes spirituels (relecture et mise en page, commentaires d\u2019\u00e9vangile pour une revue, transcription des gloses marginales d\u2019un manuscrit m\u00e9di\u00e9val).<\/span><\/p>\n<p>[\/vc_column_text][\/vc_column][\/vc_row][vc_row][vc_column width=\u00a0\u00bb1\/3&Prime;][vc_column_text]&nbsp;<\/p>\n<p style=\"text-align: justify;\"><span class=\"C-5\" style=\"color: #808080;\">&#8211;<wbr \/> Des travaux de plein air, dans notre beau paysage de campagne (potager, verger)<\/span><\/p>\n<p>[\/vc_column_text][\/vc_column][vc_column width=\u00a0\u00bb2\/3&Prime;][vc_images_carousel images=\u00a0\u00bb403,404,407,408,406&Prime; img_size=\u00a0\u00bb600&#215;400&Prime; speed=\u00a0\u00bb3000&Prime; autoplay=\u00a0\u00bbyes\u00a0\u00bb hide_prev_next_buttons=\u00a0\u00bbyes\u00a0\u00bb wrap=\u00a0\u00bbyes\u00a0\u00bb][\/vc_column][\/vc_row][vc_row][vc_column width=\u00a0\u00bb1\/4&Prime;][\/vc_column][vc_column width=\u00a0\u00bb1\/2&Prime;][vc_column_text]<\/p>\n<p style=\"text-align: justify;\"><span class=\"C-4\" style=\"color: #808080;\">Enfin il ne faut pas oublier les travaux domestiques\u00a0! Comme dans toute famille, nous avons nos tours de cuisine, et tous les petits travaux n\u00e9cessaires \u00e0 la bonne marche de la maison\u00a0: m\u00e9nage, comptabilit\u00e9, bricolage\u2026<\/span><\/p>\n<p>[\/vc_column_text][\/vc_column][vc_column width=\u00a0\u00bb1\/4&Prime;][\/vc_column][\/vc_row][vc_row][vc_column][\/vc_column][\/vc_row]<\/p>\n<\/div>","protected":false},"excerpt":{"rendered":"<p>[vc_row][vc_column][vc_column_text] Notre travail \u00a0\u00ab\u00a0Vous devez vous livrer \u00e0 quelque travail, afin que le diable vous trouve toujours occup\u00e9s, et que votre oisivet\u00e9 ne lui permette pas d\u2019avoir acc\u00e8s \u00e0 vos \u00e2mes\u2026 Si quelqu\u2019un ne veut pas travailler, qu\u2019il ne mange pas non plus\u2026 que chacun travaille dans le silence, pour manger un pain qui lui [&hellip;]<\/p>\n","protected":false},"author":1,"featured_media":0,"parent":0,"menu_order":0,"comment_status":"closed","ping_status":"closed","template":"","meta":{"footnotes":""},"class_list":["post-24","page","type-page","status-publish","hentry"],"_links":{"self":[{"href":"https:\/\/moniales-ermites.org\/index.php\/wp-json\/wp\/v2\/pages\/24","targetHints":{"allow":["GET"]}}],"collection":[{"href":"https:\/\/moniales-ermites.org\/index.php\/wp-json\/wp\/v2\/pages"}],"about":[{"href":"https:\/\/moniales-ermites.org\/index.php\/wp-json\/wp\/v2\/types\/page"}],"author":[{"embeddable":true,"href":"https:\/\/moniales-ermites.org\/index.php\/wp-json\/wp\/v2\/users\/1"}],"replies":[{"embeddable":true,"href":"https:\/\/moniales-ermites.org\/index.php\/wp-json\/wp\/v2\/comments?post=24"}],"version-history":[{"count":31,"href":"https:\/\/moniales-ermites.org\/index.php\/wp-json\/wp\/v2\/pages\/24\/revisions"}],"predecessor-version":[{"id":2686,"href":"https:\/\/moniales-ermites.org\/index.php\/wp-json\/wp\/v2\/pages\/24\/revisions\/2686"}],"wp:attachment":[{"href":"https:\/\/moniales-ermites.org\/index.php\/wp-json\/wp\/v2\/media?parent=24"}],"curies":[{"name":"wp","href":"https:\/\/api.w.org\/{rel}","templated":true}]}}