{"id":20,"date":"2018-08-26T01:23:15","date_gmt":"2018-08-25T23:23:15","guid":{"rendered":"http:\/\/moniales-ermites.org\/?page_id=20"},"modified":"2020-03-09T21:57:21","modified_gmt":"2020-03-09T20:57:21","slug":"notre-histoire","status":"publish","type":"page","link":"https:\/\/moniales-ermites.org\/index.php\/notre-histoire\/","title":{"rendered":"Notre histoire"},"content":{"rendered":"<div class=\"wpb-content-wrapper\"><p>[vc_row][vc_column][vc_column_text]<\/p>\n<h1><span style=\"color: #800000;\">Notre histoire<\/span><\/h1>\n<p>[\/vc_column_text][\/vc_column][vc_column][vc_column_text]<\/p>\n<h2><span style=\"color: #800000;\">L&rsquo;appel au d\u00e9sert<\/span><\/h2>\n<p>[\/vc_column_text][\/vc_column][vc_column][vc_row_inner][vc_column_inner width=\u00a0\u00bb1\/2&Prime;][vc_column_text]<\/p>\n<p style=\"text-align: justify;\"><span style=\"color: #808080;\">D\u00e8s le IV<sup>e<\/sup>\u00a0si\u00e8cle, des hommes et des femmes en tr\u00e8s grand nombre, r\u00e9pondant \u00e0 l\u2019appel de l\u2019Esprit, quittent tout pour aller vivre au d\u00e9sert dans la pri\u00e8re, l\u2019asc\u00e8se, une recherche incessante de l\u2019union avec Dieu. C\u2019est le d\u00e9but de la vie monastique chr\u00e9tienne, qui prendra des formes vari\u00e9es selon les lieux et les temps, de l\u2019ermite entour\u00e9 de quelques disciples \u00e0 de grosses communaut\u00e9s c\u00e9nobitiques tr\u00e8s organis\u00e9es\u00a0; avec toujours le m\u00eame d\u00e9sir au cours des \u00e2ges\u00a0: \u00ab\u00a0C\u2019est ta face, Seigneur que je cherche, ne me cache pas ta face\u00a0!\u00a0\u00bb (Psaume 26.)<\/span><\/p>\n<p>[\/vc_column_text][\/vc_column_inner][vc_column_inner width=\u00a0\u00bb1\/2&Prime;][vc_single_image image=\u00a0\u00bb317&Prime; img_size=\u00a0\u00bbmedium\u00a0\u00bb add_caption=\u00a0\u00bbyes\u00a0\u00bb alignment=\u00a0\u00bbcenter\u00a0\u00bb][\/vc_column_inner][\/vc_row_inner][\/vc_column][\/vc_row][vc_row][vc_column width=\u00a0\u00bb1\/2&Prime;][vc_column_text]<\/p>\n<p style=\"text-align: justify;\"><span style=\"color: #808080;\">C\u2019est en Palestine, sous l\u2019impulsion de saint Euthyme (377-473) que se d\u00e9veloppe un type de monachisme \u00e0 la structure tr\u00e8s l\u00e9g\u00e8re, alliant une vie v\u00e9cue principalement dans la solitude de la cellule, avec un minimum de vie commune\u00a0: celle des \u00ab\u00a0laures\u00a0\u00bb. Les petits ermitages se groupent alors autour d\u2019une chapelle et d\u2019un r\u00e9fectoire o\u00f9 les ermites se r\u00e9unissent r\u00e9guli\u00e8rement, avant de se retrouver de nouveau \u00ab\u00a0seul avec le Seul\u00a0\u00bb.<\/span><\/p>\n<p>[\/vc_column_text][\/vc_column][vc_column width=\u00a0\u00bb1\/2&Prime;][vc_single_image image=\u00a0\u00bb319&Prime; img_size=\u00a0\u00bbmedium\u00a0\u00bb add_caption=\u00a0\u00bbyes\u00a0\u00bb alignment=\u00a0\u00bbcenter\u00a0\u00bb][\/vc_column][\/vc_row][vc_row][vc_column width=\u00a0\u00bb1\/2&Prime;][vc_column_text]<\/p>\n<h2><span style=\"color: #800000;\">Le Carmel<\/span><\/h2>\n<p>[\/vc_column_text][\/vc_column][vc_column width=\u00a0\u00bb1\/2&Prime;][\/vc_column][\/vc_row][vc_row][vc_column width=\u00a0\u00bb1\/2&Prime;][vc_column_text]<\/p>\n<p style=\"text-align: justify;\"><span style=\"color: #808080;\">Au d\u00e9but du XIII<sup>e<\/sup> si\u00e8cle, quelques hommes, sans doute d\u2019anciens crois\u00e9s europ\u00e9ens, font leur cette tradition de vie semi-anachor\u00e9tique, et s\u2019implantent sur le mont Carmel, sanctifi\u00e9 par la pr\u00e9sence du proph\u00e8te \u00c9lie : \u00ab Il est vivant, le Seigneur devant qui je me tiens ! \u00bb \u00ab Je suis rempli d\u2019un z\u00e8le jaloux pour le Seigneur, Dieu Sabaoth \u00bb \u00ab le Seigneur \u00e9tait dans le murmure d\u2019une brise l\u00e9g\u00e8re ; \u00c9lie sortit et se couvrit le visage. \u00bb (I R 19.)<\/span><\/p>\n<p>[\/vc_column_text][\/vc_column][vc_column width=\u00a0\u00bb1\/2&Prime;][vc_single_image image=\u00a0\u00bb322&Prime; img_size=\u00a0\u00bbmedium\u00a0\u00bb add_caption=\u00a0\u00bbyes\u00a0\u00bb alignment=\u00a0\u00bbcenter\u00a0\u00bb][\/vc_column][\/vc_row][vc_row][vc_column width=\u00a0\u00bb1\/2&Prime;][vc_column_text]<\/p>\n<p style=\"text-align: justify;\"><span style=\"color: #808080;\">Le patriarche saint Albert de J\u00e9rusalem leur donne une r\u00e8gle de vie sobre et profonde. Des fouilles ont remis au jour les grottes individuelles o\u00f9 ces premiers fr\u00e8res carmes s\u2019install\u00e8rent, \u00ab\u00a0m\u00e9ditant jour et nuit la loi du Seigneur et veillant dans la pri\u00e8re\u00a0\u00bb (r\u00e8gle du Carmel), et leur petite \u00e9glise d\u00e9di\u00e9e \u00e0 la Vierge Marie.<\/span><\/p>\n<p>[\/vc_column_text][\/vc_column][vc_column width=\u00a0\u00bb1\/2&Prime;][vc_single_image image=\u00a0\u00bb324&Prime; img_size=\u00a0\u00bbmedium\u00a0\u00bb add_caption=\u00a0\u00bbyes\u00a0\u00bb alignment=\u00a0\u00bbcenter\u00a0\u00bb][\/vc_column][\/vc_row][vc_row][vc_column width=\u00a0\u00bb1\/2&Prime;][vc_column_text]<\/p>\n<p style=\"text-align: justify;\"><span style=\"color: #808080;\">Les carmes devront bient\u00f4t se replier en Europe, suite \u00e0 la conqu\u00eate de la Terre sainte par les musulmans. C\u2019est l\u2019occasion d\u2019une expansion de l\u2019Ordre dans tout le continent. Ce n\u2019est qu\u2019au XV<sup>e<\/sup> si\u00e8cle, sous l\u2019impulsion du bienheureux Jean Soreth, ministre g\u00e9n\u00e9ral de l\u2019Ordre des Carmes, que des femmes se constitueront \u00e0 leur tour en communaut\u00e9s monastiques sous la m\u00eame r\u00e8gle que les fr\u00e8res. Au XVI<sup>e<\/sup> si\u00e8cle, Th\u00e9r\u00e8se de J\u00e9sus, moniale carm\u00e9lite d\u2019Avila en Espagne, entreprend la fondation d\u2019un nouveau monast\u00e8re de son Ordre, avec le d\u00e9sir de revenir \u00e0 \u00ab la r\u00e8gle primitive \u00bb, en particulier de la vie en cellule, dans le cadre d\u2019une communaut\u00e9 peu nombreuse et strictement clo\u00eetr\u00e9e.<\/span><\/p>\n<p>[\/vc_column_text][\/vc_column][vc_column width=\u00a0\u00bb1\/2&Prime;][vc_single_image image=\u00a0\u00bb325&Prime; img_size=\u00a0\u00bbmedium\u00a0\u00bb add_caption=\u00a0\u00bbyes\u00a0\u00bb alignment=\u00a0\u00bbcenter\u00a0\u00bb][\/vc_column][\/vc_row][vc_row][vc_column width=\u00a0\u00bb1\/2&Prime;][vc_column_text]<\/p>\n<p style=\"text-align: justify;\"><span style=\"color: #808080;\">Les quatre s\u0153urs fondatrices de l\u2019institut des Moniales Ermites de la Vierge Marie, ayant v\u00e9cu des ann\u00e9es dans un monast\u00e8re du carmel d\u00e9chauss\u00e9, se sont nourries de son patrimoine spirituel, riche \u00e0 la fois de la tradition semi-\u00e9r\u00e9mitique des laures palestiniennes et de la r\u00e9forme th\u00e9r\u00e9sienne, et elles continuent \u00e0 en vivre.<\/span><\/p>\n<p>[\/vc_column_text][\/vc_column][vc_column width=\u00a0\u00bb1\/2&Prime;][vc_single_image image=\u00a0\u00bb328&Prime; img_size=\u00a0\u00bbmedium\u00a0\u00bb add_caption=\u00a0\u00bbyes\u00a0\u00bb alignment=\u00a0\u00bbcenter\u00a0\u00bb][\/vc_column][\/vc_row][vc_row][vc_column][vc_column_text]<\/p>\n<h2><span style=\"color: #800000;\"><strong>Notre implantation au Centre Saint Jean de la Croix<\/strong><\/span><\/h2>\n<p>[\/vc_column_text][\/vc_column][\/vc_row][vc_row][vc_column width=\u00a0\u00bb1\/2&Prime;][vc_column_text]<\/p>\n<p style=\"text-align: justify;\"><span style=\"color: #808080;\">Envoy\u00e9es pas notre carmel d\u2019origine en 2010, nous r\u00e9pondions positivement \u00e0 la proposition du P\u00e8re Max Huot de Longchamp, mod\u00e9rateur du Centre spirituel Saint Jean de la Croix d\u2019y implanter un petit monast\u00e8re\u00a0: celui-ci manifesterait le primat de la contemplation, racine de toute l\u2019activit\u00e9 apostolique du Centre. C\u2019\u00e9tait pour nous, moniales, l\u2019opportunit\u00e9 d\u2019un renouveau, qui passerait avant tout par un retour \u00e0 nos sources \u00e9r\u00e9mitiques.<\/span><\/p>\n<p style=\"text-align: justify;\"><span style=\"color: #808080;\">Apr\u00e8s deux ans d\u2019essai et de discernement en vue de la fondation, il est apparu meilleur de d\u00e9tacher la nouvelle pousse de son plant d\u2019origine. Pour ce faire, l\u2019\u00c9glise a encourag\u00e9 notre \u00e9v\u00eaque \u00e0 fonder un institut monastique dioc\u00e9sain.<\/span><\/p>\n<p>[\/vc_column_text][\/vc_column][vc_column width=\u00a0\u00bb1\/2&Prime;][vc_single_image image=\u00a0\u00bb330&Prime; img_size=\u00a0\u00bbmedium\u00a0\u00bb alignment=\u00a0\u00bbcenter\u00a0\u00bb][\/vc_column][\/vc_row][vc_row][vc_column][vc_column_text]<\/p>\n<h2><span style=\"color: #800000;\"><strong>Cr\u00e9ation de notre institut monastique<\/strong><\/span><\/h2>\n<p>[\/vc_column_text][\/vc_column][\/vc_row][vc_row][vc_column width=\u00a0\u00bb1\/2&Prime;][vc_column_text]<\/p>\n<p style=\"text-align: justify;\"><span style=\"color: #808080;\">Le 17 f\u00e9vrier 2014, l\u2019archev\u00eaque de Bourges Mgr Armand Maillard \u00e9rigeait officiellement notre nouvel institut des Moniales Ermites de la Vierge Marie, au cours d\u2019une Eucharistie o\u00f9 nous avons \u00e9galement prononc\u00e9 nos v\u0153ux perp\u00e9tuels\u00a0: nouveau d\u00e9part que nous avons v\u00e9cu comme un \u00ab\u00a0appel dans l\u2019appel\u00a0\u00bb, dans une continuit\u00e9 profonde avec notre premi\u00e8re vocation, en m\u00eame temps qu\u2019une ouverture aux nouveaux appels que l\u2019Esprit pourrait nous faire entendre, pour l\u2019\u00c9glise de notre temps. \u00ab\u00a0Leur d\u00e9sir est de vivre un renouveau et un retour aux sources, dans le cadre de l&rsquo;eccl\u00e9siologie de communion et de la nouvelle \u00e9vang\u00e9lisation\u00a0\u00bb, disent nos constitutions.<\/span><\/p>\n<p>[\/vc_column_text][\/vc_column][vc_column width=\u00a0\u00bb1\/2&Prime;][vc_single_image image=\u00a0\u00bb337&Prime; img_size=\u00a0\u00bbmedium\u00a0\u00bb alignment=\u00a0\u00bbcenter\u00a0\u00bb][\/vc_column][\/vc_row][vc_row][vc_column][vc_column_text]<\/p>\n<h2><span style=\"color: #800000;\"><strong>Aujourd\u2019hui\u2026<\/strong><\/span><\/h2>\n<p>[\/vc_column_text][\/vc_column][\/vc_row][vc_row][vc_column width=\u00a0\u00bb1\/2&Prime;][vc_column_text]<\/p>\n<p style=\"text-align: justify;\"><span style=\"color: #808080;\">Avec les encouragements de l\u2019\u00c9glise, et le soutien de nombreux fr\u00e8res et s\u0153urs, amis, voisins\u2026 nous poursuivons notre route \u00ab dans le cadre du Centre Saint Jean de la Croix \u00bb, dans la recherche de \u00ab l\u2019unique n\u00e9cessaire \u00bb.<\/span><\/p>\n<p>[\/vc_column_text][\/vc_column][vc_column width=\u00a0\u00bb1\/2&Prime;][vc_single_image image=\u00a0\u00bb338&Prime; img_size=\u00a0\u00bbmedium\u00a0\u00bb alignment=\u00a0\u00bbcenter\u00a0\u00bb][\/vc_column][\/vc_row]<\/p>\n<\/div>","protected":false},"excerpt":{"rendered":"<p>[vc_row][vc_column][vc_column_text] Notre histoire [\/vc_column_text][\/vc_column][vc_column][vc_column_text] L&rsquo;appel au d\u00e9sert [\/vc_column_text][\/vc_column][vc_column][vc_row_inner][vc_column_inner width=\u00a0\u00bb1\/2&Prime;][vc_column_text] D\u00e8s le IVe\u00a0si\u00e8cle, des hommes et des femmes en tr\u00e8s grand nombre, r\u00e9pondant \u00e0 l\u2019appel de l\u2019Esprit, quittent tout pour aller vivre au d\u00e9sert dans la pri\u00e8re, l\u2019asc\u00e8se, une recherche incessante de l\u2019union avec Dieu. C\u2019est le d\u00e9but de la vie monastique chr\u00e9tienne, qui prendra des [&hellip;]<\/p>\n","protected":false},"author":1,"featured_media":0,"parent":0,"menu_order":0,"comment_status":"closed","ping_status":"closed","template":"","meta":{"footnotes":""},"class_list":["post-20","page","type-page","status-publish","hentry"],"_links":{"self":[{"href":"https:\/\/moniales-ermites.org\/index.php\/wp-json\/wp\/v2\/pages\/20","targetHints":{"allow":["GET"]}}],"collection":[{"href":"https:\/\/moniales-ermites.org\/index.php\/wp-json\/wp\/v2\/pages"}],"about":[{"href":"https:\/\/moniales-ermites.org\/index.php\/wp-json\/wp\/v2\/types\/page"}],"author":[{"embeddable":true,"href":"https:\/\/moniales-ermites.org\/index.php\/wp-json\/wp\/v2\/users\/1"}],"replies":[{"embeddable":true,"href":"https:\/\/moniales-ermites.org\/index.php\/wp-json\/wp\/v2\/comments?post=20"}],"version-history":[{"count":41,"href":"https:\/\/moniales-ermites.org\/index.php\/wp-json\/wp\/v2\/pages\/20\/revisions"}],"predecessor-version":[{"id":1424,"href":"https:\/\/moniales-ermites.org\/index.php\/wp-json\/wp\/v2\/pages\/20\/revisions\/1424"}],"wp:attachment":[{"href":"https:\/\/moniales-ermites.org\/index.php\/wp-json\/wp\/v2\/media?parent=20"}],"curies":[{"name":"wp","href":"https:\/\/api.w.org\/{rel}","templated":true}]}}