{"id":1537,"date":"2020-08-25T12:01:21","date_gmt":"2020-08-25T10:01:21","guid":{"rendered":"http:\/\/moniales-ermites.org\/?page_id=1537"},"modified":"2020-10-11T21:44:39","modified_gmt":"2020-10-11T19:44:39","slug":"benediction-de-la-premiere-pierre-du-monastere","status":"publish","type":"page","link":"https:\/\/moniales-ermites.org\/index.php\/benediction-de-la-premiere-pierre-du-monastere\/","title":{"rendered":"B\u00e9n\u00e9diction de la premi\u00e8re pierre du monast\u00e8re"},"content":{"rendered":"<div class=\"wpb-content-wrapper\"><p>[vc_row][vc_column][vc_column_text]<\/p>\n<p style=\"text-align: justify;\">Le samedi 15 ao\u00fbt 2020, autour de notre archev\u00eaque Mgr J\u00e9r\u00f4me Beau, a eu lieu la b\u00e9n\u00e9diction de la premi\u00e8re pierre de notre monast\u00e8re. Une premi\u00e8re pierre scell\u00e9e au pied du Calvaire, qui nous rappelait que l\u2019unique pierre de fondation, c\u2019est le Christ\u00a0!<\/p>\n<p style=\"text-align: justify;\">Nos amis venus de toutes parts, des proches voisins \u00e0 ceux qui avaient fait une longue route, nous entouraient sur le terrain du futur monast\u00e8re, pour cette c\u00e9r\u00e9monie toute simple. Avec eux nous avons confi\u00e9 au Seigneur ce chantier qui devrait d\u00e9buter bient\u00f4t, pour qu\u2019il m\u00e8ne \u00e0 bien la construction de nos ermitages, et r\u00e9pande sur nous sa b\u00e9n\u00e9diction, en cette \u00e9tape si importante pour nous.<\/p>\n<p style=\"text-align: justify;\">Que tous nos amis et bienfaiteurs, sans qui cette aventure de foi n\u2019aurait pas \u00e9t\u00e9 possible, soient encore une fois remerci\u00e9s\u00a0!<\/p>\n<p>[\/vc_column_text][\/vc_column][\/vc_row][vc_row css=\u00a0\u00bb.vc_custom_1598348816550{margin-top: 50px !important;margin-bottom: 0px !important;margin-left: 10px !important;}\u00a0\u00bb][vc_column width=\u00a0\u00bb1\/3&Prime; css=\u00a0\u00bb.vc_custom_1598348788389{margin-right: 10px !important;}\u00a0\u00bb][vc_single_image image=\u00a0\u00bb1538&Prime; img_size=\u00a0\u00bbmedium\u00a0\u00bb alignment=\u00a0\u00bbcenter\u00a0\u00bb][\/vc_column][vc_column width=\u00a0\u00bb1\/3&Prime; css=\u00a0\u00bb.vc_custom_1598348803430{margin-right: 10px !important;margin-left: 10px !important;}\u00a0\u00bb][vc_single_image image=\u00a0\u00bb1547&Prime; img_size=\u00a0\u00bbfull\u00a0\u00bb alignment=\u00a0\u00bbcenter\u00a0\u00bb][\/vc_column][vc_column width=\u00a0\u00bb1\/3&Prime;][vc_single_image image=\u00a0\u00bb1539&Prime; img_size=\u00a0\u00bbfull\u00a0\u00bb alignment=\u00a0\u00bbcenter\u00a0\u00bb][\/vc_column][\/vc_row][vc_row css=\u00a0\u00bb.vc_custom_1598348723361{margin-top: 50px !important;margin-bottom: 0px !important;}\u00a0\u00bb][vc_column width=\u00a0\u00bb1\/3&Prime; css=\u00a0\u00bb.vc_custom_1598348830411{margin-right: 10px !important;}\u00a0\u00bb][vc_single_image image=\u00a0\u00bb1540&Prime; img_size=\u00a0\u00bbfull\u00a0\u00bb alignment=\u00a0\u00bbcenter\u00a0\u00bb][\/vc_column][vc_column width=\u00a0\u00bb1\/3&Prime; css=\u00a0\u00bb.vc_custom_1598348840029{margin-right: 10px !important;margin-left: 10px !important;}\u00a0\u00bb][vc_single_image image=\u00a0\u00bb1542&Prime; img_size=\u00a0\u00bbfull\u00a0\u00bb alignment=\u00a0\u00bbcenter\u00a0\u00bb][\/vc_column][vc_column width=\u00a0\u00bb1\/3&Prime; css=\u00a0\u00bb.vc_custom_1598348861741{margin-left: 10px !important;}\u00a0\u00bb][vc_single_image image=\u00a0\u00bb1541&Prime; img_size=\u00a0\u00bbfull\u00a0\u00bb alignment=\u00a0\u00bbcenter\u00a0\u00bb][\/vc_column][\/vc_row][vc_row css=\u00a0\u00bb.vc_custom_1598348739941{margin-top: 50px !important;margin-bottom: 0px !important;}\u00a0\u00bb][vc_column width=\u00a0\u00bb1\/3&Prime; css=\u00a0\u00bb.vc_custom_1598349209760{margin-right: 10px !important;}\u00a0\u00bb][vc_single_image image=\u00a0\u00bb1548&Prime; img_size=\u00a0\u00bbfull\u00a0\u00bb alignment=\u00a0\u00bbcenter\u00a0\u00bb][\/vc_column][vc_column width=\u00a0\u00bb1\/3&Prime; css=\u00a0\u00bb.vc_custom_1598349203667{margin-right: 10px !important;margin-left: 10px !important;}\u00a0\u00bb][vc_single_image image=\u00a0\u00bb1549&Prime; img_size=\u00a0\u00bbfull\u00a0\u00bb alignment=\u00a0\u00bbcenter\u00a0\u00bb][\/vc_column][vc_column width=\u00a0\u00bb1\/3&Prime; css=\u00a0\u00bb.vc_custom_1598348895977{margin-left: 10px !important;}\u00a0\u00bb][vc_single_image image=\u00a0\u00bb1550&Prime; img_size=\u00a0\u00bbfull\u00a0\u00bb alignment=\u00a0\u00bbcenter\u00a0\u00bb css=\u00a0\u00bb.vc_custom_1598349197775{margin-left: 10px !important;}\u00a0\u00bb][\/vc_column][\/vc_row][vc_row css=\u00a0\u00bb.vc_custom_1598349226490{margin-top: 50px !important;margin-bottom: 0px !important;}\u00a0\u00bb][vc_column width=\u00a0\u00bb1\/3&Prime; css=\u00a0\u00bb.vc_custom_1598349214349{margin-right: 10px !important;}\u00a0\u00bb][vc_single_image image=\u00a0\u00bb1543&Prime; img_size=\u00a0\u00bbfull\u00a0\u00bb alignment=\u00a0\u00bbcenter\u00a0\u00bb][\/vc_column][vc_column width=\u00a0\u00bb1\/3&Prime; css=\u00a0\u00bb.vc_custom_1598349218506{margin-right: 10px !important;margin-left: 10px !important;}\u00a0\u00bb][vc_single_image image=\u00a0\u00bb1544&Prime; img_size=\u00a0\u00bbfull\u00a0\u00bb alignment=\u00a0\u00bbcenter\u00a0\u00bb][\/vc_column][vc_column width=\u00a0\u00bb1\/3&Prime; css=\u00a0\u00bb.vc_custom_1598349231055{margin-left: 10px !important;}\u00a0\u00bb][vc_single_image image=\u00a0\u00bb1551&Prime; img_size=\u00a0\u00bbmedium\u00a0\u00bb alignment=\u00a0\u00bbcenter\u00a0\u00bb][\/vc_column][\/vc_row][vc_row css=\u00a0\u00bb.vc_custom_1598348533758{margin-top: 5px !important;margin-bottom: 5px !important;}\u00a0\u00bb][vc_column width=\u00a0\u00bb1\/3&Prime; css=\u00a0\u00bb.vc_custom_1598348937633{margin-right: 10px !important;}\u00a0\u00bb][vc_single_image image=\u00a0\u00bb1545&Prime; img_size=\u00a0\u00bbfull\u00a0\u00bb alignment=\u00a0\u00bbcenter\u00a0\u00bb][\/vc_column][vc_column width=\u00a0\u00bb1\/3&Prime; css=\u00a0\u00bb.vc_custom_1598348950143{margin-right: 10px !important;margin-left: 10px !important;}\u00a0\u00bb][vc_single_image image=\u00a0\u00bb1554&Prime; img_size=\u00a0\u00bbmedium\u00a0\u00bb alignment=\u00a0\u00bbcenter\u00a0\u00bb][\/vc_column][vc_column width=\u00a0\u00bb1\/3&Prime; css=\u00a0\u00bb.vc_custom_1598348957777{margin-left: 10px !important;}\u00a0\u00bb][vc_single_image image=\u00a0\u00bb1546&Prime; img_size=\u00a0\u00bbfull\u00a0\u00bb alignment=\u00a0\u00bbcenter\u00a0\u00bb][\/vc_column][\/vc_row][vc_row css=\u00a0\u00bb.vc_custom_1598349582886{margin-top: 100px !important;}\u00a0\u00bb][vc_column width=\u00a0\u00bb1\/6&Prime;][\/vc_column][vc_column width=\u00a0\u00bb2\/3&Prime;][vc_single_image image=\u00a0\u00bb1639&Prime; img_size=\u00a0\u00bbfull\u00a0\u00bb alignment=\u00a0\u00bbcenter\u00a0\u00bb][\/vc_column][vc_column width=\u00a0\u00bb1\/6&Prime;][\/vc_column][\/vc_row]<\/p>\n<\/div>","protected":false},"excerpt":{"rendered":"<p>[vc_row][vc_column][vc_column_text] Le samedi 15 ao\u00fbt 2020, autour de notre archev\u00eaque Mgr J\u00e9r\u00f4me Beau, a eu lieu la b\u00e9n\u00e9diction de la premi\u00e8re pierre de notre monast\u00e8re. Une premi\u00e8re pierre scell\u00e9e au pied du Calvaire, qui nous rappelait que l\u2019unique pierre de fondation, c\u2019est le Christ\u00a0! Nos amis venus de toutes parts, des proches voisins \u00e0 ceux [&hellip;]<\/p>\n","protected":false},"author":2,"featured_media":0,"parent":0,"menu_order":0,"comment_status":"closed","ping_status":"closed","template":"","meta":{"footnotes":""},"class_list":["post-1537","page","type-page","status-publish","hentry"],"_links":{"self":[{"href":"https:\/\/moniales-ermites.org\/index.php\/wp-json\/wp\/v2\/pages\/1537","targetHints":{"allow":["GET"]}}],"collection":[{"href":"https:\/\/moniales-ermites.org\/index.php\/wp-json\/wp\/v2\/pages"}],"about":[{"href":"https:\/\/moniales-ermites.org\/index.php\/wp-json\/wp\/v2\/types\/page"}],"author":[{"embeddable":true,"href":"https:\/\/moniales-ermites.org\/index.php\/wp-json\/wp\/v2\/users\/2"}],"replies":[{"embeddable":true,"href":"https:\/\/moniales-ermites.org\/index.php\/wp-json\/wp\/v2\/comments?post=1537"}],"version-history":[{"count":28,"href":"https:\/\/moniales-ermites.org\/index.php\/wp-json\/wp\/v2\/pages\/1537\/revisions"}],"predecessor-version":[{"id":1641,"href":"https:\/\/moniales-ermites.org\/index.php\/wp-json\/wp\/v2\/pages\/1537\/revisions\/1641"}],"wp:attachment":[{"href":"https:\/\/moniales-ermites.org\/index.php\/wp-json\/wp\/v2\/media?parent=1537"}],"curies":[{"name":"wp","href":"https:\/\/api.w.org\/{rel}","templated":true}]}}